{"id":302561,"date":"2012-08-05T00:00:00","date_gmt":"2012-08-04T22:00:00","guid":{"rendered":"https:\/\/my-eliquid.de\/shop\/pina-colada-aroma\/"},"modified":"2025-11-25T13:52:09","modified_gmt":"2025-11-25T12:52:09","slug":"pina-colada-aroma","status":"publish","type":"product","link":"https:\/\/my-eliquid.de\/ro\/shop\/pina-colada-aroma\/","title":{"rendered":"Aroma Pina Colada"},"content":{"rendered":"<p>noastre <strong>Aroma Pina Colada<\/strong> mit seinem fruchtig-s\u00fc\u00dfen <strong>Pina Colada-Geschmack<\/strong> provine din linia de <strong>Aromele b\u0103uturilor<\/strong>. Die karibische Cocktail-K\u00f6stlichkeit, die einfach alles kann: Cremig, s\u00fc\u00df, fruchtig und lecker! Das <strong>Aroma Pina Colada<\/strong> este potrivit pentru aromatizare \u0219i <strong>Produce\u021bi propriile lichide<\/strong> \u0219i poate fi combinat cu alte <strong>Aromen gemischt werden<\/strong>. Auf diese Weise kreieren Sie immer wieder neue, individuelle Fl\u00fcssigkeiten! <strong>Arome<\/strong> nu trebuie utilizat nediluat \u0219i trebuie \u00eentotdeauna supus unei <strong>Baza<\/strong> pot fi ad\u0103ugate.<\/p>","protected":false},"excerpt":{"rendered":"<p>Visul de cocktail dulce \u0219i cremos: al nostru <strong>Aroma Pina Colada<\/strong> \u00eemprosp\u0103teaz\u0103 cu amestecul s\u0103u caraibian de fructe <strong>Ananas, crem\u0103 fin\u0103 de nuc\u0103 de cocos \u0219i rom aromat<\/strong>!<\/p>","protected":false},"featured_media":319558,"comment_status":"open","ping_status":"closed","template":"","meta":{"_acf_changed":false,"_relevanssi_hide_post":"","_relevanssi_hide_content":"","_relevanssi_pin_for_all":"","_relevanssi_pin_keywords":"","_relevanssi_unpin_keywords":"","_relevanssi_related_keywords":"","_relevanssi_related_include_ids":"","_relevanssi_related_exclude_ids":"","_relevanssi_related_no_append":"","_relevanssi_related_not_related":"","_relevanssi_related_posts":"","_relevanssi_noindex_reason":""},"product_brand":[],"product_cat":[4733,4882,4701,4702,4881],"product_tag":[6852,6854,4919,4915,5166,4917,6818,4914,4918,5004,6853,5131,4929,4920,6819],"class_list":{"0":"post-302561","1":"product","2":"type-product","3":"status-publish","4":"has-post-thumbnail","6":"product_cat-alle-aromen","7":"product_cat-aromen-ohne-sucralose","8":"product_cat-aromen","9":"product_cat-drinks-aromen-liquid-e-zigarette","10":"product_cat-my-eliquid-aromen","11":"product_tag-cocos","12":"product_tag-colada","13":"product_tag-dampfer","14":"product_tag-e-liquid","15":"product_tag-e-zigarette","16":"product_tag-e-zigi","17":"product_tag-elektrische","18":"product_tag-eliquid","19":"product_tag-ezigarette","20":"product_tag-nachfuellfluessigkeit","21":"product_tag-pina","22":"product_tag-pinacolada","23":"product_tag-rum","24":"product_tag-verdampfer","25":"product_tag-zigarette","26":"product_shipping_class-standard","28":"first","29":"outofstock","30":"taxable","31":"shipping-taxable","32":"purchasable","33":"product-type-variable"},"acf":[],"_links":{"self":[{"href":"https:\/\/my-eliquid.de\/ro\/wp-json\/wp\/v2\/product\/302561","targetHints":{"allow":["GET"]}}],"collection":[{"href":"https:\/\/my-eliquid.de\/ro\/wp-json\/wp\/v2\/product"}],"about":[{"href":"https:\/\/my-eliquid.de\/ro\/wp-json\/wp\/v2\/types\/product"}],"replies":[{"embeddable":true,"href":"https:\/\/my-eliquid.de\/ro\/wp-json\/wp\/v2\/comments?post=302561"}],"wp:featuredmedia":[{"embeddable":true,"href":"https:\/\/my-eliquid.de\/ro\/wp-json\/wp\/v2\/media\/319558"}],"wp:attachment":[{"href":"https:\/\/my-eliquid.de\/ro\/wp-json\/wp\/v2\/media?parent=302561"}],"wp:term":[{"taxonomy":"product_brand","embeddable":true,"href":"https:\/\/my-eliquid.de\/ro\/wp-json\/wp\/v2\/product_brand?post=302561"},{"taxonomy":"product_cat","embeddable":true,"href":"https:\/\/my-eliquid.de\/ro\/wp-json\/wp\/v2\/product_cat?post=302561"},{"taxonomy":"product_tag","embeddable":true,"href":"https:\/\/my-eliquid.de\/ro\/wp-json\/wp\/v2\/product_tag?post=302561"}],"curies":[{"name":"wp","href":"https:\/\/api.w.org\/{rel}","templated":true}]}}