{"id":302564,"date":"2012-02-21T00:00:00","date_gmt":"2012-02-20T23:00:00","guid":{"rendered":"https:\/\/my-eliquid.de\/shop\/granatapfel-aroma\/"},"modified":"2026-04-21T17:40:25","modified_gmt":"2026-04-21T15:40:25","slug":"granatapfel-aroma","status":"publish","type":"product","link":"https:\/\/my-eliquid.de\/ro\/shop\/granatapfel-aroma\/","title":{"rendered":"Arom\u0103 de rodie"},"content":{"rendered":"<p>noastre <strong>Arom\u0103 de rodie<\/strong> convinge prin aroma sa delicioas\u0103, dulce \u0219i acr\u0103. <strong>Arom\u0103 de rodie<\/strong> \u0219i provine din linia de <strong>Arome de fructe<\/strong>. Seduc\u0103tor <strong>Arom\u0103 de rodie<\/strong> de care s\u0103 te \u00eendr\u0103goste\u0219ti! The <strong>Arom\u0103 de rodie<\/strong> este potrivit pentru aromatizare \u0219i <strong>Produce\u021bi propriile lichide<\/strong> \u0219i poate fi combinat cu alte <strong>Arome amestecate<\/strong> . \u00cen acest fel, ve\u021bi crea mereu noi, individuale <strong>Lichide<\/strong>! Aromele nu trebuie utilizate nediluate \u0219i trebuie s\u0103 fie \u00eentotdeauna supuse unei <strong>Baza<\/strong> pot fi ad\u0103ugate.<\/p>","protected":false},"excerpt":{"rendered":"<p>Visul exotic al fructelor, ca \u00een 1001 de nop\u021bi: al nostru <strong>arom\u0103 magic\u0103 de rodie<\/strong> seduc\u0103tor cu gustul s\u0103u delicios, pl\u0103cut dulce \u0219i u\u0219or acidulat.<\/p>","protected":false},"featured_media":319569,"comment_status":"open","ping_status":"closed","template":"","meta":{"_acf_changed":false,"_relevanssi_hide_post":"","_relevanssi_hide_content":"","_relevanssi_pin_for_all":"","_relevanssi_pin_keywords":"","_relevanssi_unpin_keywords":"","_relevanssi_related_keywords":"","_relevanssi_related_include_ids":"","_relevanssi_related_exclude_ids":"","_relevanssi_related_no_append":"","_relevanssi_related_not_related":"","_relevanssi_related_posts":"","_relevanssi_noindex_reason":""},"product_brand":[],"product_cat":[4733,4882,4701,4705,4881],"product_tag":[1399,4919,4915,5166,4917,4914,4918,5056,5004,5057,4920],"class_list":{"0":"post-302564","1":"product","2":"type-product","3":"status-publish","4":"has-post-thumbnail","6":"product_cat-alle-aromen","7":"product_cat-aromen-ohne-sucralose","8":"product_cat-aromen","9":"product_cat-frucht-aromen-liquid-e-zigarette","10":"product_cat-my-eliquid-aromen","11":"product_tag-aroma","12":"product_tag-dampfer","13":"product_tag-e-liquid","14":"product_tag-e-zigarette","15":"product_tag-e-zigi","16":"product_tag-eliquid","17":"product_tag-ezigarette","18":"product_tag-granatapfel","19":"product_tag-nachfuellfluessigkeit","20":"product_tag-pomegranate","21":"product_tag-verdampfer","22":"product_shipping_class-standard","24":"first","25":"instock","26":"taxable","27":"shipping-taxable","28":"purchasable","29":"product-type-variable"},"acf":[],"_links":{"self":[{"href":"https:\/\/my-eliquid.de\/ro\/wp-json\/wp\/v2\/product\/302564","targetHints":{"allow":["GET"]}}],"collection":[{"href":"https:\/\/my-eliquid.de\/ro\/wp-json\/wp\/v2\/product"}],"about":[{"href":"https:\/\/my-eliquid.de\/ro\/wp-json\/wp\/v2\/types\/product"}],"replies":[{"embeddable":true,"href":"https:\/\/my-eliquid.de\/ro\/wp-json\/wp\/v2\/comments?post=302564"}],"wp:featuredmedia":[{"embeddable":true,"href":"https:\/\/my-eliquid.de\/ro\/wp-json\/wp\/v2\/media\/319569"}],"wp:attachment":[{"href":"https:\/\/my-eliquid.de\/ro\/wp-json\/wp\/v2\/media?parent=302564"}],"wp:term":[{"taxonomy":"product_brand","embeddable":true,"href":"https:\/\/my-eliquid.de\/ro\/wp-json\/wp\/v2\/product_brand?post=302564"},{"taxonomy":"product_cat","embeddable":true,"href":"https:\/\/my-eliquid.de\/ro\/wp-json\/wp\/v2\/product_cat?post=302564"},{"taxonomy":"product_tag","embeddable":true,"href":"https:\/\/my-eliquid.de\/ro\/wp-json\/wp\/v2\/product_tag?post=302564"}],"curies":[{"name":"wp","href":"https:\/\/api.w.org\/{rel}","templated":true}]}}