{"id":302568,"date":"2015-04-24T00:00:00","date_gmt":"2015-04-23T22:00:00","guid":{"rendered":"https:\/\/my-eliquid.de\/shop\/bottermelk-fresh-aroma\/"},"modified":"2026-04-08T09:43:31","modified_gmt":"2026-04-08T07:43:31","slug":"bottermelk-fresh-aroma","status":"publish","type":"product","link":"https:\/\/my-eliquid.de\/ro\/shop\/bottermelk-fresh-aroma\/","title":{"rendered":"Bottermelk Arom\u0103 proasp\u0103t\u0103"},"content":{"rendered":"<p>noastre <strong>Bottermelk Arom\u0103 proasp\u0103t\u0103<\/strong> mit seinem cremig-s\u00e4uerlichen Geschmack von frischer <strong>Zitronenbuttermilch<\/strong> provine din linia de <strong>Aromele b\u0103uturilor<\/strong>. Die zweifache Verw\u00f6hnung dank dem Geschmack von <strong>Buttermilch und Zitrone<\/strong>! Asta <strong>Bottermelk Arom\u0103 proasp\u0103t\u0103<\/strong> este potrivit pentru aromatizare \u0219i <strong>Produce\u021bi propriile lichide<\/strong> \u0219i poate fi combinat cu alte <strong>Aromen gemischt werden<\/strong>. Auf diese Weise kreieren Sie immer wieder neue, individuelle Fl\u00fcssigkeiten! <strong>Arome<\/strong> nu trebuie utilizat nediluat \u0219i trebuie \u00eentotdeauna supus unei <strong>Baza<\/strong> pot fi ad\u0103ugate.<\/p>","protected":false},"excerpt":{"rendered":"<p>O echip\u0103 imbatabil\u0103: \u00een delicioasa noastr\u0103 <strong>Bottermelk Arom\u0103 proasp\u0103t\u0103<\/strong> \u00eent\u00e2lne\u0219te delicios-cremos <strong>lapte acru<\/strong> la gustul pl\u0103cut al acidului delicat <strong>L\u0103m\u00e2i<\/strong>!<\/p>","protected":false},"featured_media":319574,"comment_status":"open","ping_status":"closed","template":"","meta":{"_acf_changed":false,"_relevanssi_hide_post":"","_relevanssi_hide_content":"","_relevanssi_pin_for_all":"","_relevanssi_pin_keywords":"","_relevanssi_unpin_keywords":"","_relevanssi_related_keywords":"","_relevanssi_related_include_ids":"","_relevanssi_related_exclude_ids":"","_relevanssi_related_no_append":"","_relevanssi_related_not_related":"","_relevanssi_related_posts":"","_relevanssi_noindex_reason":""},"product_brand":[],"product_cat":[4733,4882,4702,4881,4712],"product_tag":[7162,4919,4915,5166,4917,4914,4918,6891,5004,4920],"class_list":{"0":"post-302568","1":"product","2":"type-product","3":"status-publish","4":"has-post-thumbnail","6":"product_cat-alle-aromen","7":"product_cat-aromen-ohne-sucralose","8":"product_cat-drinks-aromen-liquid-e-zigarette","9":"product_cat-my-eliquid-aromen","10":"product_cat-special-aromen-liquid-e-zigarette","11":"product_tag-bottermelk","12":"product_tag-dampfer","13":"product_tag-e-liquid","14":"product_tag-e-zigarette","15":"product_tag-e-zigi","16":"product_tag-eliquid","17":"product_tag-ezigarette","18":"product_tag-fresh","19":"product_tag-nachfuellfluessigkeit","20":"product_tag-verdampfer","21":"product_shipping_class-standard","23":"first","24":"instock","25":"taxable","26":"shipping-taxable","27":"purchasable","28":"product-type-variable"},"acf":[],"_links":{"self":[{"href":"https:\/\/my-eliquid.de\/ro\/wp-json\/wp\/v2\/product\/302568","targetHints":{"allow":["GET"]}}],"collection":[{"href":"https:\/\/my-eliquid.de\/ro\/wp-json\/wp\/v2\/product"}],"about":[{"href":"https:\/\/my-eliquid.de\/ro\/wp-json\/wp\/v2\/types\/product"}],"replies":[{"embeddable":true,"href":"https:\/\/my-eliquid.de\/ro\/wp-json\/wp\/v2\/comments?post=302568"}],"wp:featuredmedia":[{"embeddable":true,"href":"https:\/\/my-eliquid.de\/ro\/wp-json\/wp\/v2\/media\/319574"}],"wp:attachment":[{"href":"https:\/\/my-eliquid.de\/ro\/wp-json\/wp\/v2\/media?parent=302568"}],"wp:term":[{"taxonomy":"product_brand","embeddable":true,"href":"https:\/\/my-eliquid.de\/ro\/wp-json\/wp\/v2\/product_brand?post=302568"},{"taxonomy":"product_cat","embeddable":true,"href":"https:\/\/my-eliquid.de\/ro\/wp-json\/wp\/v2\/product_cat?post=302568"},{"taxonomy":"product_tag","embeddable":true,"href":"https:\/\/my-eliquid.de\/ro\/wp-json\/wp\/v2\/product_tag?post=302568"}],"curies":[{"name":"wp","href":"https:\/\/api.w.org\/{rel}","templated":true}]}}