{"id":302580,"date":"2013-11-11T00:00:00","date_gmt":"2013-11-10T23:00:00","guid":{"rendered":"https:\/\/my-eliquid.de\/shop\/bananenmilch-aroma\/"},"modified":"2025-12-22T07:43:20","modified_gmt":"2025-12-22T06:43:20","slug":"bananenmilch-aroma","status":"publish","type":"product","link":"https:\/\/my-eliquid.de\/ro\/shop\/bananenmilch-aroma\/","title":{"rendered":"Banan\u0103 cu arom\u0103 de lapte"},"content":{"rendered":"<p>noastre <strong>Banan\u0103 cu arom\u0103 de lapte<\/strong> mit seinem fruchtig-cremigen <strong>Bananen-Milchshake-Geschmack<\/strong> provine din linia de <strong>Arome dulci<\/strong>. Wohlschmeckende <strong>Banan\u0103<\/strong> und cremig-feiner <strong>Milchshake<\/strong> \u2013 das s\u00fc\u00df-sahnige Duo! Das <strong>Banan\u0103 cu arom\u0103 de lapte<\/strong> este potrivit pentru <strong>Aromatizarea \u0219i producerea propriilor lichide<\/strong> \u0219i poate <strong>Amestecate cu alte arome<\/strong> pot fi personalizate. \u00cen acest fel, pute\u021bi crea din nou \u0219i din nou lichide noi, individualizate! <strong>Arome<\/strong> nu trebuie utilizat nediluat \u0219i trebuie \u00eentotdeauna supus unei <strong>Baza<\/strong> pot fi ad\u0103ugate.<\/p>","protected":false},"excerpt":{"rendered":"<p>Delicioasa \u0219i cremoasa pl\u0103cere a milkshake-ului datorit\u0103 gustului dulce \u0219i fructat de banan\u0103: produsul nostru <strong>arom\u0103 captivant\u0103 \u0219i delicioas\u0103 de lapte cu banane<\/strong> face ceea ce promite numele s\u0103u!<\/p>","protected":false},"featured_media":319617,"comment_status":"open","ping_status":"closed","template":"","meta":{"_acf_changed":false,"_relevanssi_hide_post":"","_relevanssi_hide_content":"","_relevanssi_pin_for_all":"","_relevanssi_pin_keywords":"","_relevanssi_unpin_keywords":"","_relevanssi_related_keywords":"","_relevanssi_related_include_ids":"","_relevanssi_related_exclude_ids":"","_relevanssi_related_no_append":"","_relevanssi_related_not_related":"","_relevanssi_related_posts":"","_relevanssi_noindex_reason":""},"product_brand":[],"product_cat":[4733,4882,4701,4881,4707],"product_tag":[7175,4919,4915,5166,4917,4914,4918,5004,4920],"class_list":{"0":"post-302580","1":"product","2":"type-product","3":"status-publish","4":"has-post-thumbnail","6":"product_cat-alle-aromen","7":"product_cat-aromen-ohne-sucralose","8":"product_cat-aromen","9":"product_cat-my-eliquid-aromen","10":"product_cat-suesse-aromen-liquid-e-zigarette","11":"product_tag-bananenmilch","12":"product_tag-dampfer","13":"product_tag-e-liquid","14":"product_tag-e-zigarette","15":"product_tag-e-zigi","16":"product_tag-eliquid","17":"product_tag-ezigarette","18":"product_tag-nachfuellfluessigkeit","19":"product_tag-verdampfer","20":"product_shipping_class-standard","22":"first","23":"outofstock","24":"taxable","25":"shipping-taxable","26":"purchasable","27":"product-type-variable"},"acf":[],"_links":{"self":[{"href":"https:\/\/my-eliquid.de\/ro\/wp-json\/wp\/v2\/product\/302580","targetHints":{"allow":["GET"]}}],"collection":[{"href":"https:\/\/my-eliquid.de\/ro\/wp-json\/wp\/v2\/product"}],"about":[{"href":"https:\/\/my-eliquid.de\/ro\/wp-json\/wp\/v2\/types\/product"}],"replies":[{"embeddable":true,"href":"https:\/\/my-eliquid.de\/ro\/wp-json\/wp\/v2\/comments?post=302580"}],"wp:featuredmedia":[{"embeddable":true,"href":"https:\/\/my-eliquid.de\/ro\/wp-json\/wp\/v2\/media\/319617"}],"wp:attachment":[{"href":"https:\/\/my-eliquid.de\/ro\/wp-json\/wp\/v2\/media?parent=302580"}],"wp:term":[{"taxonomy":"product_brand","embeddable":true,"href":"https:\/\/my-eliquid.de\/ro\/wp-json\/wp\/v2\/product_brand?post=302580"},{"taxonomy":"product_cat","embeddable":true,"href":"https:\/\/my-eliquid.de\/ro\/wp-json\/wp\/v2\/product_cat?post=302580"},{"taxonomy":"product_tag","embeddable":true,"href":"https:\/\/my-eliquid.de\/ro\/wp-json\/wp\/v2\/product_tag?post=302580"}],"curies":[{"name":"wp","href":"https:\/\/api.w.org\/{rel}","templated":true}]}}