{"id":302603,"date":"2017-09-06T00:00:00","date_gmt":"2017-09-05T22:00:00","guid":{"rendered":"https:\/\/my-eliquid.de\/shop\/grapefruit-aroma\/"},"modified":"2026-01-22T10:20:40","modified_gmt":"2026-01-22T09:20:40","slug":"grapefruit-aroma","status":"publish","type":"product","link":"https:\/\/my-eliquid.de\/ro\/shop\/grapefruit-aroma\/","title":{"rendered":"Arom\u0103 de grapefruit"},"content":{"rendered":"<p>noastre <strong>Arom\u0103 de grapefruit<\/strong> cu gustul s\u0103u minunat de acru <strong>Arom\u0103 de citrice<\/strong> provine din linia de <strong>Arome de fructe<\/strong>. Aceast\u0103 bomb\u0103 de vitamine \u00eenc\u00e2nt\u0103 cu aroma sa acr\u0103 \u0219i amar\u0103. Produsul <strong>Arom\u0103 de grapefruit<\/strong> este potrivit pentru aromatizare \u0219i <strong>Produce\u021bi propriile lichide<\/strong> \u0219i pot fi amestecate cu alte arome. Acest lucru v\u0103 permite s\u0103 crea\u021bi mereu lichide noi, personalizate! <strong>Arome<\/strong> nu trebuie utilizat nediluat \u0219i trebuie \u00eentotdeauna supus unei <strong>Baza<\/strong> pot fi ad\u0103ugate.<\/p>","protected":false},"excerpt":{"rendered":"<p>O schimbare de gust binevenit\u0103 \u00een dieta zilnic\u0103. <strong>Vaping<\/strong> ofer\u0103 <strong>my-eLiquid Arom\u0103 de grapefruit<\/strong> cu gustul s\u0103u tipic acri\u0219or, u\u0219or amar.<\/p>","protected":false},"featured_media":319790,"comment_status":"open","ping_status":"closed","template":"","meta":{"_acf_changed":false,"_relevanssi_hide_post":"","_relevanssi_hide_content":"","_relevanssi_pin_for_all":"","_relevanssi_pin_keywords":"","_relevanssi_unpin_keywords":"","_relevanssi_related_keywords":"","_relevanssi_related_include_ids":"","_relevanssi_related_exclude_ids":"","_relevanssi_related_no_append":"","_relevanssi_related_not_related":"","_relevanssi_related_posts":"","_relevanssi_noindex_reason":""},"product_brand":[],"product_cat":[4733,4882,4701,4705,4881],"product_tag":[6716,1399,6847,6730,4942,6712,7450,5805,5792],"class_list":{"0":"post-302603","1":"product","2":"type-product","3":"status-publish","4":"has-post-thumbnail","6":"product_cat-alle-aromen","7":"product_cat-aromen-ohne-sucralose","8":"product_cat-aromen","9":"product_cat-frucht-aromen-liquid-e-zigarette","10":"product_cat-my-eliquid-aromen","11":"product_tag-alle","12":"product_tag-aroma","13":"product_tag-aromen","14":"product_tag-eliquids","15":"product_tag-frucht","16":"product_tag-fuer","17":"product_tag-grapefruit","18":"product_tag-liquid","19":"product_tag-liquids","20":"product_shipping_class-standard","22":"first","23":"instock","24":"taxable","25":"shipping-taxable","26":"purchasable","27":"product-type-variable"},"acf":[],"_links":{"self":[{"href":"https:\/\/my-eliquid.de\/ro\/wp-json\/wp\/v2\/product\/302603","targetHints":{"allow":["GET"]}}],"collection":[{"href":"https:\/\/my-eliquid.de\/ro\/wp-json\/wp\/v2\/product"}],"about":[{"href":"https:\/\/my-eliquid.de\/ro\/wp-json\/wp\/v2\/types\/product"}],"replies":[{"embeddable":true,"href":"https:\/\/my-eliquid.de\/ro\/wp-json\/wp\/v2\/comments?post=302603"}],"wp:featuredmedia":[{"embeddable":true,"href":"https:\/\/my-eliquid.de\/ro\/wp-json\/wp\/v2\/media\/319790"}],"wp:attachment":[{"href":"https:\/\/my-eliquid.de\/ro\/wp-json\/wp\/v2\/media?parent=302603"}],"wp:term":[{"taxonomy":"product_brand","embeddable":true,"href":"https:\/\/my-eliquid.de\/ro\/wp-json\/wp\/v2\/product_brand?post=302603"},{"taxonomy":"product_cat","embeddable":true,"href":"https:\/\/my-eliquid.de\/ro\/wp-json\/wp\/v2\/product_cat?post=302603"},{"taxonomy":"product_tag","embeddable":true,"href":"https:\/\/my-eliquid.de\/ro\/wp-json\/wp\/v2\/product_tag?post=302603"}],"curies":[{"name":"wp","href":"https:\/\/api.w.org\/{rel}","templated":true}]}}