{"id":302606,"date":"2019-02-27T00:00:00","date_gmt":"2019-02-26T23:00:00","guid":{"rendered":"https:\/\/my-eliquid.de\/shop\/mel-aroma-hai-bo-banana\/"},"modified":"2025-12-01T08:27:21","modified_gmt":"2025-12-01T07:27:21","slug":"mel-aroma-hai-bo-banana","status":"publish","type":"product","link":"https:\/\/my-eliquid.de\/ro\/shop\/mel-aroma-hai-bo-banana\/","title":{"rendered":"Hai-Bo Arom\u0103 de banan\u0103"},"content":{"rendered":"<p>Unser\u00a0Hai-Bo Banana Aroma\u00a0mit seinem sehr intensiven Fruchtgeschmack gibt euch ein st\u00fcck Kindheit zur\u00fcck.<\/p>\n<p>Die Bekannten leckerein aus dem Schwimmbad, nicht in der T\u00fcte, aber in der Flasche!<\/p>\n<p>Als Klassiker unter den\u00a0<strong>Dampfern<\/strong>\u00a0darf nat\u00fcrlich diese Sorte nicht fehlen.<\/p>\n<p>S\u00fc\u00dfer\u00a0<strong>Bananen Genuss<\/strong>\u00a0f\u00fcr jeden Tag.<\/p>\n<p><strong>DIY- Kinder Kirsche Aroma<\/strong>\u00a0la\u00a0<strong>aromatizeaz\u0103-te<\/strong>\u00a0de la individ\u00a0<strong>Lichide<\/strong>\u00a0cu\u00a0<strong>Geschmacksrichtung &#8220;Hai-Bo Banana Aroma&#8221;\u00a0<\/strong>\u00a0pentru aburire \u00een\u00a0<strong>\u021big\u0103ri electronice<\/strong>\u00a0\u0219i\u00a0<strong>e-vaporizatoare<\/strong>.<\/p>\n<p>Aten\u021bie\u00a0<span><strong>Foarte concentrat<\/strong><\/span>:\u00a0<strong>Arome<\/strong>\u00a0la\u00a0<strong>Produc\u021bia de e-lichide<\/strong>\u00a0nu trebuie sub nicio form\u0103\u00a0<strong>nediluat<\/strong>\u00a0\u0219i ar trebui s\u0103 fie utilizate \u00eentotdeauna cu un\u00a0<strong>Lichid DIY<\/strong>\u00a0s\u0103 fie amestecate.<\/p>","protected":false},"excerpt":{"rendered":"<p>noastre <strong>Hai-Bo Arom\u0103 de banan\u0103<\/strong> cu aroma sa foarte intens\u0103 de fructe v\u0103 red\u0103 o parte din copil\u0103rie.<\/p>","protected":false},"featured_media":319815,"comment_status":"open","ping_status":"closed","template":"","meta":{"_acf_changed":false,"_relevanssi_hide_post":"","_relevanssi_hide_content":"","_relevanssi_pin_for_all":"","_relevanssi_pin_keywords":"","_relevanssi_unpin_keywords":"","_relevanssi_related_keywords":"","_relevanssi_related_include_ids":"","_relevanssi_related_exclude_ids":"","_relevanssi_related_no_append":"","_relevanssi_related_not_related":"","_relevanssi_related_posts":"","_relevanssi_noindex_reason":""},"product_brand":[],"product_cat":[4733,4882,4705,4881,4792,4712,4707],"product_tag":[6716,1399,6847,6957,6730,6712,7096,5805,5792,6584],"class_list":{"0":"post-302606","1":"product","2":"type-product","3":"status-publish","4":"has-post-thumbnail","6":"product_cat-alle-aromen","7":"product_cat-aromen-ohne-sucralose","8":"product_cat-frucht-aromen-liquid-e-zigarette","9":"product_cat-my-eliquid-aromen","10":"product_cat-neue-aromen","11":"product_cat-special-aromen-liquid-e-zigarette","12":"product_cat-suesse-aromen-liquid-e-zigarette","13":"product_tag-alle","14":"product_tag-aroma","15":"product_tag-aromen","16":"product_tag-banana","17":"product_tag-eliquids","18":"product_tag-fuer","19":"product_tag-hai-bo","20":"product_tag-liquid","21":"product_tag-liquids","22":"product_tag-suesse","23":"product_shipping_class-standard","25":"first","26":"instock","27":"taxable","28":"shipping-taxable","29":"purchasable","30":"product-type-variable"},"acf":[],"_links":{"self":[{"href":"https:\/\/my-eliquid.de\/ro\/wp-json\/wp\/v2\/product\/302606","targetHints":{"allow":["GET"]}}],"collection":[{"href":"https:\/\/my-eliquid.de\/ro\/wp-json\/wp\/v2\/product"}],"about":[{"href":"https:\/\/my-eliquid.de\/ro\/wp-json\/wp\/v2\/types\/product"}],"replies":[{"embeddable":true,"href":"https:\/\/my-eliquid.de\/ro\/wp-json\/wp\/v2\/comments?post=302606"}],"wp:featuredmedia":[{"embeddable":true,"href":"https:\/\/my-eliquid.de\/ro\/wp-json\/wp\/v2\/media\/319815"}],"wp:attachment":[{"href":"https:\/\/my-eliquid.de\/ro\/wp-json\/wp\/v2\/media?parent=302606"}],"wp:term":[{"taxonomy":"product_brand","embeddable":true,"href":"https:\/\/my-eliquid.de\/ro\/wp-json\/wp\/v2\/product_brand?post=302606"},{"taxonomy":"product_cat","embeddable":true,"href":"https:\/\/my-eliquid.de\/ro\/wp-json\/wp\/v2\/product_cat?post=302606"},{"taxonomy":"product_tag","embeddable":true,"href":"https:\/\/my-eliquid.de\/ro\/wp-json\/wp\/v2\/product_tag?post=302606"}],"curies":[{"name":"wp","href":"https:\/\/api.w.org\/{rel}","templated":true}]}}