{"id":302607,"date":"2011-12-23T00:00:00","date_gmt":"2011-12-22T23:00:00","guid":{"rendered":"https:\/\/my-eliquid.de\/shop\/birne-aroma\/"},"modified":"2025-11-25T13:47:19","modified_gmt":"2025-11-25T12:47:19","slug":"birne-aroma","status":"publish","type":"product","link":"https:\/\/my-eliquid.de\/ro\/shop\/birne-aroma\/","title":{"rendered":"Arom\u0103 de pere"},"content":{"rendered":"<p>noastre <strong>Arom\u0103 de pere<\/strong> schmeckt nach reifer, wunderbar k\u00f6stlicher <strong>par\u0103<\/strong> \u0219i provine din linia de <strong>Arome de fructe<\/strong>. Das s\u00fc\u00df-k\u00f6stliche Vergn\u00fcgen wie vom Birnbaum: Nat\u00fcrlich, reif und intensiv! Das <strong>Arom\u0103 de pere<\/strong> este potrivit pentru aromatizare \u0219i <strong>Produce\u021bi propriile lichide<\/strong> \u0219i poate fi combinat cu alte <strong>Arome amestecate<\/strong> . \u00cen acest fel, ve\u021bi crea mereu noi, individuale <strong>Lichide<\/strong>! Aromele nu trebuie utilizate nediluate \u0219i trebuie s\u0103 fie \u00eentotdeauna supuse unei <strong>Baza<\/strong> pot fi ad\u0103ugate.<\/p>","protected":false},"excerpt":{"rendered":"<p>O pl\u0103cere natural\u0103, ca \u0219i cum ar fi proasp\u0103t scoas\u0103 din <strong>livad\u0103<\/strong>noastre <strong>Arom\u0103 de pere<\/strong> reune\u0219te toate fa\u021betele acestui fruct delicios: dulce, copt, fructat \u0219i incredibil de gustos!<\/p>","protected":false},"featured_media":319830,"comment_status":"open","ping_status":"closed","template":"","meta":{"_acf_changed":false,"_relevanssi_hide_post":"","_relevanssi_hide_content":"","_relevanssi_pin_for_all":"","_relevanssi_pin_keywords":"","_relevanssi_unpin_keywords":"","_relevanssi_related_keywords":"","_relevanssi_related_include_ids":"","_relevanssi_related_exclude_ids":"","_relevanssi_related_no_append":"","_relevanssi_related_not_related":"","_relevanssi_related_posts":"","_relevanssi_noindex_reason":""},"product_brand":[],"product_cat":[4733,4882,4701,4705,4881],"product_tag":[5029,4919,4915,5166,4917,4914,4918,5004,5030,4920],"class_list":{"0":"post-302607","1":"product","2":"type-product","3":"status-publish","4":"has-post-thumbnail","6":"product_cat-alle-aromen","7":"product_cat-aromen-ohne-sucralose","8":"product_cat-aromen","9":"product_cat-frucht-aromen-liquid-e-zigarette","10":"product_cat-my-eliquid-aromen","11":"product_tag-birne","12":"product_tag-dampfer","13":"product_tag-e-liquid","14":"product_tag-e-zigarette","15":"product_tag-e-zigi","16":"product_tag-eliquid","17":"product_tag-ezigarette","18":"product_tag-nachfuellfluessigkeit","19":"product_tag-pear","20":"product_tag-verdampfer","21":"product_shipping_class-standard","23":"first","24":"instock","25":"taxable","26":"shipping-taxable","27":"purchasable","28":"product-type-variable"},"acf":[],"_links":{"self":[{"href":"https:\/\/my-eliquid.de\/ro\/wp-json\/wp\/v2\/product\/302607","targetHints":{"allow":["GET"]}}],"collection":[{"href":"https:\/\/my-eliquid.de\/ro\/wp-json\/wp\/v2\/product"}],"about":[{"href":"https:\/\/my-eliquid.de\/ro\/wp-json\/wp\/v2\/types\/product"}],"replies":[{"embeddable":true,"href":"https:\/\/my-eliquid.de\/ro\/wp-json\/wp\/v2\/comments?post=302607"}],"wp:featuredmedia":[{"embeddable":true,"href":"https:\/\/my-eliquid.de\/ro\/wp-json\/wp\/v2\/media\/319830"}],"wp:attachment":[{"href":"https:\/\/my-eliquid.de\/ro\/wp-json\/wp\/v2\/media?parent=302607"}],"wp:term":[{"taxonomy":"product_brand","embeddable":true,"href":"https:\/\/my-eliquid.de\/ro\/wp-json\/wp\/v2\/product_brand?post=302607"},{"taxonomy":"product_cat","embeddable":true,"href":"https:\/\/my-eliquid.de\/ro\/wp-json\/wp\/v2\/product_cat?post=302607"},{"taxonomy":"product_tag","embeddable":true,"href":"https:\/\/my-eliquid.de\/ro\/wp-json\/wp\/v2\/product_tag?post=302607"}],"curies":[{"name":"wp","href":"https:\/\/api.w.org\/{rel}","templated":true}]}}