{"id":302610,"date":"2017-09-06T00:00:00","date_gmt":"2017-09-05T22:00:00","guid":{"rendered":"https:\/\/my-eliquid.de\/?post_type=product&#038;p=302610"},"modified":"2026-04-14T08:37:33","modified_gmt":"2026-04-14T06:37:33","slug":"eisbonbon-pfirsich-aroma","status":"publish","type":"product","link":"https:\/\/my-eliquid.de\/ro\/shop\/eisbonbon-pfirsich-aroma\/","title":{"rendered":"Bomboane cu arom\u0103 de piersic\u0103"},"content":{"rendered":"<p>noastre <strong>Bomboane cu arom\u0103 de piersic\u0103<\/strong> mit seinem coolen Fruchtgeschmack stammt aus der Linie der <strong>arome dulci<\/strong>. Polarkreis trifft auf mediterran: Fruchtig s\u00fc\u00dfer Pfirsich vereint sich mit arktischer Note zu einem aufregenden Dampferlebnis. Das <strong>Bomboane cu arom\u0103 de piersic\u0103<\/strong> este potrivit pentru aromatizare \u0219i <strong>Produce\u021bi propriile lichide<\/strong> \u0219i pot fi amestecate cu alte arome. Acest lucru v\u0103 permite s\u0103 crea\u021bi mereu lichide noi, personalizate! <strong>Arome<\/strong> nu trebuie utilizat nediluat \u0219i trebuie \u00eentotdeauna supus unei <strong>Baza<\/strong> pot fi ad\u0103ugate.<\/p>","protected":false},"excerpt":{"rendered":"<p>Piersici coapte, dulci \u0219i o r\u0103cire pl\u0103cut\u0103 <strong>Bomboane de ghea\u021b\u0103<\/strong> sunt \u00een <strong>Bomboane cu arom\u0103 de piersic\u0103<\/strong>, un alt program variat <strong>Arom\u0103<\/strong> a liniei Eisbonbon.<\/p>","protected":false},"featured_media":319849,"comment_status":"open","ping_status":"closed","template":"","meta":{"_acf_changed":false,"_relevanssi_hide_post":"","_relevanssi_hide_content":"","_relevanssi_pin_for_all":"","_relevanssi_pin_keywords":"","_relevanssi_unpin_keywords":"","_relevanssi_related_keywords":"","_relevanssi_related_include_ids":"","_relevanssi_related_exclude_ids":"","_relevanssi_related_no_append":"","_relevanssi_related_not_related":"","_relevanssi_related_posts":"","_relevanssi_noindex_reason":""},"product_brand":[],"product_cat":[4733,4882,4701,4881,4707],"product_tag":[6716,1399,6847,5074,6730,6712,5805,5792,4993,6584],"class_list":{"0":"post-302610","1":"product","2":"type-product","3":"status-publish","4":"has-post-thumbnail","6":"product_cat-alle-aromen","7":"product_cat-aromen-ohne-sucralose","8":"product_cat-aromen","9":"product_cat-my-eliquid-aromen","10":"product_cat-suesse-aromen-liquid-e-zigarette","11":"product_tag-alle","12":"product_tag-aroma","13":"product_tag-aromen","14":"product_tag-eisbonbon","15":"product_tag-eliquids","16":"product_tag-fuer","17":"product_tag-liquid","18":"product_tag-liquids","19":"product_tag-pfirsich","20":"product_tag-suesse","21":"product_shipping_class-standard","23":"first","24":"instock","25":"taxable","26":"shipping-taxable","27":"purchasable","28":"product-type-variable"},"acf":[],"_links":{"self":[{"href":"https:\/\/my-eliquid.de\/ro\/wp-json\/wp\/v2\/product\/302610","targetHints":{"allow":["GET"]}}],"collection":[{"href":"https:\/\/my-eliquid.de\/ro\/wp-json\/wp\/v2\/product"}],"about":[{"href":"https:\/\/my-eliquid.de\/ro\/wp-json\/wp\/v2\/types\/product"}],"replies":[{"embeddable":true,"href":"https:\/\/my-eliquid.de\/ro\/wp-json\/wp\/v2\/comments?post=302610"}],"wp:featuredmedia":[{"embeddable":true,"href":"https:\/\/my-eliquid.de\/ro\/wp-json\/wp\/v2\/media\/319849"}],"wp:attachment":[{"href":"https:\/\/my-eliquid.de\/ro\/wp-json\/wp\/v2\/media?parent=302610"}],"wp:term":[{"taxonomy":"product_brand","embeddable":true,"href":"https:\/\/my-eliquid.de\/ro\/wp-json\/wp\/v2\/product_brand?post=302610"},{"taxonomy":"product_cat","embeddable":true,"href":"https:\/\/my-eliquid.de\/ro\/wp-json\/wp\/v2\/product_cat?post=302610"},{"taxonomy":"product_tag","embeddable":true,"href":"https:\/\/my-eliquid.de\/ro\/wp-json\/wp\/v2\/product_tag?post=302610"}],"curies":[{"name":"wp","href":"https:\/\/api.w.org\/{rel}","templated":true}]}}