{"id":302613,"date":"2017-09-06T00:00:00","date_gmt":"2017-09-05T22:00:00","guid":{"rendered":"https:\/\/my-eliquid.de\/shop\/kokosnuss-aroma\/"},"modified":"2026-04-10T09:10:30","modified_gmt":"2026-04-10T07:10:30","slug":"kokosnuss-aroma","status":"publish","type":"product","link":"https:\/\/my-eliquid.de\/ro\/shop\/kokosnuss-aroma\/","title":{"rendered":"Arom\u0103 de nuc\u0103 de cocos"},"content":{"rendered":"<p>noastre <strong>Arom\u0103 de nuc\u0103 de cocos<\/strong> cu aroma sa paradisiac\u0103 de vacan\u021b\u0103 provine din linia de <strong>Arome de nuci<\/strong>. Fie singur sau amestecat, acest clasic tropical nu ar trebui s\u0103 lipseasc\u0103 din colec\u021bia dvs. The <strong>Arom\u0103 de nuc\u0103 de cocos<\/strong> este potrivit pentru aromatizare \u0219i <strong>Produce\u021bi propriile lichide<\/strong> \u0219i pot fi amestecate cu alte arome. Acest lucru v\u0103 permite s\u0103 crea\u021bi mereu lichide noi, personalizate! <strong>Arome<\/strong> nu trebuie utilizat nediluat \u0219i trebuie \u00eentotdeauna supus unei <strong>Baza<\/strong> pot fi ad\u0103ugate.<\/p>","protected":false},"excerpt":{"rendered":"<p>Cu exoticele noastre <strong>Arom\u0103 de nuc\u0103 de cocos<\/strong> pute\u021bi visa rapid la plaje cu nisip alb, singuratice. Sfatul nostru: aceast\u0103 arom\u0103 este excelent\u0103 pentru <strong>Amestecare<\/strong>!<\/p>","protected":false},"featured_media":319863,"comment_status":"open","ping_status":"closed","template":"","meta":{"_acf_changed":false,"_relevanssi_hide_post":"","_relevanssi_hide_content":"","_relevanssi_pin_for_all":"","_relevanssi_pin_keywords":"","_relevanssi_unpin_keywords":"","_relevanssi_related_keywords":"","_relevanssi_related_include_ids":"","_relevanssi_related_exclude_ids":"","_relevanssi_related_no_append":"","_relevanssi_related_not_related":"","_relevanssi_related_posts":"","_relevanssi_noindex_reason":""},"product_brand":[],"product_cat":[4733,4882,4701,4881,4710],"product_tag":[6716,1399,6847,6730,6712,5019,5805,5792,6850],"class_list":{"0":"post-302613","1":"product","2":"type-product","3":"status-publish","4":"has-post-thumbnail","6":"product_cat-alle-aromen","7":"product_cat-aromen-ohne-sucralose","8":"product_cat-aromen","9":"product_cat-my-eliquid-aromen","10":"product_cat-nussige-aromen-liquid-e-zigarette","11":"product_tag-alle","12":"product_tag-aroma","13":"product_tag-aromen","14":"product_tag-eliquids","15":"product_tag-fuer","16":"product_tag-kokosnuss","17":"product_tag-liquid","18":"product_tag-liquids","19":"product_tag-nussige","20":"product_shipping_class-standard","22":"first","23":"instock","24":"taxable","25":"shipping-taxable","26":"purchasable","27":"product-type-variable"},"acf":[],"_links":{"self":[{"href":"https:\/\/my-eliquid.de\/ro\/wp-json\/wp\/v2\/product\/302613","targetHints":{"allow":["GET"]}}],"collection":[{"href":"https:\/\/my-eliquid.de\/ro\/wp-json\/wp\/v2\/product"}],"about":[{"href":"https:\/\/my-eliquid.de\/ro\/wp-json\/wp\/v2\/types\/product"}],"replies":[{"embeddable":true,"href":"https:\/\/my-eliquid.de\/ro\/wp-json\/wp\/v2\/comments?post=302613"}],"wp:featuredmedia":[{"embeddable":true,"href":"https:\/\/my-eliquid.de\/ro\/wp-json\/wp\/v2\/media\/319863"}],"wp:attachment":[{"href":"https:\/\/my-eliquid.de\/ro\/wp-json\/wp\/v2\/media?parent=302613"}],"wp:term":[{"taxonomy":"product_brand","embeddable":true,"href":"https:\/\/my-eliquid.de\/ro\/wp-json\/wp\/v2\/product_brand?post=302613"},{"taxonomy":"product_cat","embeddable":true,"href":"https:\/\/my-eliquid.de\/ro\/wp-json\/wp\/v2\/product_cat?post=302613"},{"taxonomy":"product_tag","embeddable":true,"href":"https:\/\/my-eliquid.de\/ro\/wp-json\/wp\/v2\/product_tag?post=302613"}],"curies":[{"name":"wp","href":"https:\/\/api.w.org\/{rel}","templated":true}]}}