{"id":302614,"date":"2011-12-24T00:00:00","date_gmt":"2011-12-23T23:00:00","guid":{"rendered":"https:\/\/my-eliquid.de\/shop\/wassermelone-aroma\/"},"modified":"2026-04-14T09:23:19","modified_gmt":"2026-04-14T07:23:19","slug":"wassermelone-aroma","status":"publish","type":"product","link":"https:\/\/my-eliquid.de\/ro\/shop\/wassermelone-aroma\/","title":{"rendered":"Arom\u0103 de pepene galben"},"content":{"rendered":"<p>noastre <strong>Arom\u0103 de pepene galben<\/strong> mit seinem geschmackvollen, fruchtigen und k\u00f6stlich s\u00fc\u00dfen <strong>Wassermelonengeschmack<\/strong> provine din linia de <strong>Arome de fructe<\/strong>. Der k\u00f6stliche <strong>Geschmack reifer Wassermelone<\/strong>: s\u00fc\u00df, fruchtig und unglaublich erfrischend. Das <strong>Arom\u0103 de pepene galben<\/strong> este potrivit pentru aromatizare \u0219i <strong>Produce\u021bi propriile lichide<\/strong> \u0219i poate fi combinat cu alte <strong>Arome amestecate<\/strong> . \u00cen acest fel, ve\u021bi crea mereu noi, individuale <strong>Lichide<\/strong>! Aromele nu trebuie utilizate nediluate \u0219i trebuie s\u0103 fie \u00eentotdeauna supuse unei <strong>Baza<\/strong> pot fi ad\u0103ugate.<\/p>","protected":false},"excerpt":{"rendered":"<p>Gustul verii \u2013 c\u00e2nd \u0219i unde dori\u021bi: produsul nostru <strong>Arom\u0103 de pepene galben<\/strong> \u00eemprosp\u0103teaz\u0103 datorit\u0103 aromelor sale fructate, dulci, suculente \u0219i intense <strong>Arom\u0103 de pepene verde<\/strong>!<\/p>","protected":false},"featured_media":319871,"comment_status":"open","ping_status":"closed","template":"","meta":{"_acf_changed":false,"_relevanssi_hide_post":"","_relevanssi_hide_content":"","_relevanssi_pin_for_all":"","_relevanssi_pin_keywords":"","_relevanssi_unpin_keywords":"","_relevanssi_related_keywords":"","_relevanssi_related_include_ids":"","_relevanssi_related_exclude_ids":"","_relevanssi_related_no_append":"","_relevanssi_related_not_related":"","_relevanssi_related_posts":"","_relevanssi_noindex_reason":""},"product_brand":[],"product_cat":[4733,4882,4701,4705,4881],"product_tag":[4919,4915,5166,4917,4914,4918,5004,4920,5032,5033],"class_list":{"0":"post-302614","1":"product","2":"type-product","3":"status-publish","4":"has-post-thumbnail","6":"product_cat-alle-aromen","7":"product_cat-aromen-ohne-sucralose","8":"product_cat-aromen","9":"product_cat-frucht-aromen-liquid-e-zigarette","10":"product_cat-my-eliquid-aromen","11":"product_tag-dampfer","12":"product_tag-e-liquid","13":"product_tag-e-zigarette","14":"product_tag-e-zigi","15":"product_tag-eliquid","16":"product_tag-ezigarette","17":"product_tag-nachfuellfluessigkeit","18":"product_tag-verdampfer","19":"product_tag-wassermelone","20":"product_tag-watermelon","21":"product_shipping_class-standard","23":"first","24":"instock","25":"taxable","26":"shipping-taxable","27":"purchasable","28":"product-type-variable"},"acf":[],"_links":{"self":[{"href":"https:\/\/my-eliquid.de\/ro\/wp-json\/wp\/v2\/product\/302614","targetHints":{"allow":["GET"]}}],"collection":[{"href":"https:\/\/my-eliquid.de\/ro\/wp-json\/wp\/v2\/product"}],"about":[{"href":"https:\/\/my-eliquid.de\/ro\/wp-json\/wp\/v2\/types\/product"}],"replies":[{"embeddable":true,"href":"https:\/\/my-eliquid.de\/ro\/wp-json\/wp\/v2\/comments?post=302614"}],"wp:featuredmedia":[{"embeddable":true,"href":"https:\/\/my-eliquid.de\/ro\/wp-json\/wp\/v2\/media\/319871"}],"wp:attachment":[{"href":"https:\/\/my-eliquid.de\/ro\/wp-json\/wp\/v2\/media?parent=302614"}],"wp:term":[{"taxonomy":"product_brand","embeddable":true,"href":"https:\/\/my-eliquid.de\/ro\/wp-json\/wp\/v2\/product_brand?post=302614"},{"taxonomy":"product_cat","embeddable":true,"href":"https:\/\/my-eliquid.de\/ro\/wp-json\/wp\/v2\/product_cat?post=302614"},{"taxonomy":"product_tag","embeddable":true,"href":"https:\/\/my-eliquid.de\/ro\/wp-json\/wp\/v2\/product_tag?post=302614"}],"curies":[{"name":"wp","href":"https:\/\/api.w.org\/{rel}","templated":true}]}}