{"id":302617,"date":"2012-02-21T00:00:00","date_gmt":"2012-02-20T23:00:00","guid":{"rendered":"https:\/\/my-eliquid.de\/shop\/mokka-aroma\/"},"modified":"2026-03-24T08:54:01","modified_gmt":"2026-03-24T07:54:01","slug":"mokka-aroma","status":"publish","type":"product","link":"https:\/\/my-eliquid.de\/ro\/shop\/mokka-aroma\/","title":{"rendered":"Arom\u0103 de moca"},"content":{"rendered":"<p>noastre <strong>Arom\u0103 de moca<\/strong> mit seinem starken, einzigartig-puren <strong>Mokkageschmack<\/strong> provine din linia de <strong>Aromele b\u0103uturilor<\/strong>. Der magische Mokka-Traum wie aus 1001 Nacht! Das <strong>Arom\u0103 de moca<\/strong> este potrivit pentru aromatizare \u0219i <strong>Produce\u021bi propriile lichide<\/strong> \u0219i poate fi combinat cu alte <strong>Aromen gemischt werden<\/strong>. Auf diese Weise kreieren Sie immer wieder neue, individuelle Fl\u00fcssigkeiten! <strong>Arome<\/strong> nu trebuie utilizat nediluat \u0219i trebuie \u00eentotdeauna supus unei <strong>Baza<\/strong> pot fi ad\u0103ugate.<\/p>","protected":false},"excerpt":{"rendered":"<p>Magia delicioas\u0103 \u0219i aromat\u0103 a Orientului: produsul nostru <strong>Arom\u0103 de moca<\/strong> v\u0103 va \u00eenc\u00e2nta cu gustul s\u0103u puternic \u0219i intens, fin \u0219i aromat. <strong>cafea turceasc\u0103<\/strong>!<\/p>","protected":false},"featured_media":319885,"comment_status":"open","ping_status":"closed","template":"","meta":{"_acf_changed":false,"_relevanssi_hide_post":"","_relevanssi_hide_content":"","_relevanssi_pin_for_all":"","_relevanssi_pin_keywords":"","_relevanssi_unpin_keywords":"","_relevanssi_related_keywords":"","_relevanssi_related_include_ids":"","_relevanssi_related_exclude_ids":"","_relevanssi_related_no_append":"","_relevanssi_related_not_related":"","_relevanssi_related_posts":"","_relevanssi_noindex_reason":""},"product_brand":[],"product_cat":[4733,4882,4701,4702,4881],"product_tag":[1399,5083,4919,4915,5166,4917,4914,4918,5088,5087,5004,7864,4920],"class_list":{"0":"post-302617","1":"product","2":"type-product","3":"status-publish","4":"has-post-thumbnail","6":"product_cat-alle-aromen","7":"product_cat-aromen-ohne-sucralose","8":"product_cat-aromen","9":"product_cat-drinks-aromen-liquid-e-zigarette","10":"product_cat-my-eliquid-aromen","11":"product_tag-aroma","12":"product_tag-coffee","13":"product_tag-dampfer","14":"product_tag-e-liquid","15":"product_tag-e-zigarette","16":"product_tag-e-zigi","17":"product_tag-eliquid","18":"product_tag-ezigarette","19":"product_tag-mocha","20":"product_tag-mokka","21":"product_tag-nachfuellfluessigkeit","22":"product_tag-turkish","23":"product_tag-verdampfer","24":"product_shipping_class-standard","26":"first","27":"instock","28":"taxable","29":"shipping-taxable","30":"purchasable","31":"product-type-variable"},"acf":[],"_links":{"self":[{"href":"https:\/\/my-eliquid.de\/ro\/wp-json\/wp\/v2\/product\/302617","targetHints":{"allow":["GET"]}}],"collection":[{"href":"https:\/\/my-eliquid.de\/ro\/wp-json\/wp\/v2\/product"}],"about":[{"href":"https:\/\/my-eliquid.de\/ro\/wp-json\/wp\/v2\/types\/product"}],"replies":[{"embeddable":true,"href":"https:\/\/my-eliquid.de\/ro\/wp-json\/wp\/v2\/comments?post=302617"}],"wp:featuredmedia":[{"embeddable":true,"href":"https:\/\/my-eliquid.de\/ro\/wp-json\/wp\/v2\/media\/319885"}],"wp:attachment":[{"href":"https:\/\/my-eliquid.de\/ro\/wp-json\/wp\/v2\/media?parent=302617"}],"wp:term":[{"taxonomy":"product_brand","embeddable":true,"href":"https:\/\/my-eliquid.de\/ro\/wp-json\/wp\/v2\/product_brand?post=302617"},{"taxonomy":"product_cat","embeddable":true,"href":"https:\/\/my-eliquid.de\/ro\/wp-json\/wp\/v2\/product_cat?post=302617"},{"taxonomy":"product_tag","embeddable":true,"href":"https:\/\/my-eliquid.de\/ro\/wp-json\/wp\/v2\/product_tag?post=302617"}],"curies":[{"name":"wp","href":"https:\/\/api.w.org\/{rel}","templated":true}]}}