{"id":303146,"date":"2017-09-05T00:00:00","date_gmt":"2017-09-04T22:00:00","guid":{"rendered":"https:\/\/my-eliquid.de\/shop\/melon-smash-liquid\/"},"modified":"2025-12-04T09:04:26","modified_gmt":"2025-12-04T08:04:26","slug":"melon-smash-liquid","status":"publish","type":"product","link":"https:\/\/my-eliquid.de\/ro\/shop\/melon-smash-liquid\/","title":{"rendered":"Melon Smash Lichid"},"content":{"rendered":"<p>noastre <strong>Melon Smash Lichid<\/strong> mit seinem reifen <strong>Melonen- und Kiwigeschmack<\/strong> provine din linia de <strong>Lichide din fructe<\/strong>. Die zwei Noten S\u00fc\u00df und Sauer wurden in dieser Sorte miteinander kombiniert und bereiten ein fruchtiges Dampfvergn\u00fcgen. All unsere Fl\u00fcssigkeiten werden bei uns vor Ort produziert und entsprechen h\u00f6chsten Sicherheitsstandards. Das <strong>Melone Kiwi Liquid<\/strong> este f\u0103r\u0103 nicotin\u0103 \u0219i este disponibil \u00een diferite concentra\u021bii de nicotin\u0103. Pentru o dezvoltare de lung\u0103 durat\u0103 a aromei, v\u0103 recomand\u0103m s\u0103 utiliza\u021bi <strong>e-Liquid<\/strong> A se p\u0103stra departe de lumin\u0103 \u0219i \u00eentr-un loc uscat.<\/p>","protected":false},"excerpt":{"rendered":"<p>Papilele gustative preg\u0103tite pentru o nou\u0103 combina\u021bie exclusiv\u0103 de fructe! \u00cen <strong>Melon Smash Lichid<\/strong> pepenele copt \u0219i suculent a fost combinat cu kiwi acru.<\/p>","protected":false},"featured_media":319407,"comment_status":"open","ping_status":"closed","template":"","meta":{"_acf_changed":false,"_relevanssi_hide_post":"","_relevanssi_hide_content":"","_relevanssi_pin_for_all":"","_relevanssi_pin_keywords":"","_relevanssi_unpin_keywords":"","_relevanssi_related_keywords":"","_relevanssi_related_include_ids":"","_relevanssi_related_exclude_ids":"","_relevanssi_related_no_append":"","_relevanssi_related_not_related":"","_relevanssi_related_posts":"","_relevanssi_noindex_reason":""},"product_brand":[],"product_cat":[4731,4690,4689,4880,4842],"product_tag":[6716,5411,4942,6712,5805,5792,6789,7054],"class_list":{"0":"post-303146","1":"product","2":"type-product","3":"status-publish","4":"has-post-thumbnail","6":"product_cat-alle-liquids-fur-e-zigaretten","7":"product_cat-frucht-liquids-e-zigarette","8":"product_cat-eliquids","9":"product_cat-liquids-ohne-sucralose","10":"product_cat-my-eliquid-liquids","11":"product_tag-alle","12":"product_tag-e-zigaretten","13":"product_tag-frucht","14":"product_tag-fuer","15":"product_tag-liquid","16":"product_tag-liquids","17":"product_tag-melon","18":"product_tag-smash","19":"product_shipping_class-standard","21":"first","22":"instock","23":"taxable","24":"shipping-taxable","25":"purchasable","26":"product-type-variable"},"acf":[],"_links":{"self":[{"href":"https:\/\/my-eliquid.de\/ro\/wp-json\/wp\/v2\/product\/303146","targetHints":{"allow":["GET"]}}],"collection":[{"href":"https:\/\/my-eliquid.de\/ro\/wp-json\/wp\/v2\/product"}],"about":[{"href":"https:\/\/my-eliquid.de\/ro\/wp-json\/wp\/v2\/types\/product"}],"replies":[{"embeddable":true,"href":"https:\/\/my-eliquid.de\/ro\/wp-json\/wp\/v2\/comments?post=303146"}],"wp:featuredmedia":[{"embeddable":true,"href":"https:\/\/my-eliquid.de\/ro\/wp-json\/wp\/v2\/media\/319407"}],"wp:attachment":[{"href":"https:\/\/my-eliquid.de\/ro\/wp-json\/wp\/v2\/media?parent=303146"}],"wp:term":[{"taxonomy":"product_brand","embeddable":true,"href":"https:\/\/my-eliquid.de\/ro\/wp-json\/wp\/v2\/product_brand?post=303146"},{"taxonomy":"product_cat","embeddable":true,"href":"https:\/\/my-eliquid.de\/ro\/wp-json\/wp\/v2\/product_cat?post=303146"},{"taxonomy":"product_tag","embeddable":true,"href":"https:\/\/my-eliquid.de\/ro\/wp-json\/wp\/v2\/product_tag?post=303146"}],"curies":[{"name":"wp","href":"https:\/\/api.w.org\/{rel}","templated":true}]}}