{"id":303155,"date":"2012-02-12T00:00:00","date_gmt":"2012-02-11T23:00:00","guid":{"rendered":"https:\/\/my-eliquid.de\/shop\/eisbonbon-pfirsich-liquid\/"},"modified":"2026-04-08T09:43:33","modified_gmt":"2026-04-08T07:43:33","slug":"eisbonbon-pfirsich-liquid","status":"publish","type":"product","link":"https:\/\/my-eliquid.de\/ro\/shop\/eisbonbon-pfirsich-liquid\/","title":{"rendered":"Ghea\u021b\u0103 bomboane piersici lichid"},"content":{"rendered":"<p>Cel pe care l-a\u021bi selectat <strong>Baz\u0103 lichid\u0103<\/strong> este proasp\u0103t amestecat cu ap\u0103 imediat \u00eenainte de <strong>Pfirsich und Eisbonbon Aroma<\/strong> aromate \u0219i <strong>Expediere rapid\u0103<\/strong> predate.<br \/>\nDeci <strong>garantat<\/strong> my-eliquid a <strong>Efect de lung\u0103 durat\u0103<\/strong> a <strong>fruchtig-frischen Aromen<\/strong> und des Geschmacks bei der<strong> Vaporizare<\/strong> lichidul nostru de re\u00eenc\u0103rcare de \u00eenalt\u0103 calitate pentru <strong>electro. \u021big\u0103ri<\/strong> \u0219i <strong>Vaporizator.<\/strong><\/p>\n<p><span class=\"dpf_sent\">Aditivi: Triacetin\u0103 E1518<\/span><\/p>\n<div class=\"edit_box\"><span class=\"dpf_sent\"><strong>Nu este potrivit pentru rezervoarele Makrolon.<\/strong><\/span><\/div>\n<div class=\"edit_box\"><\/div>\n<div class=\"edit_box\">\n<p>The <strong>k\u00fchl<\/strong> und erfrischende Pfirsich Eisbonbon <strong>arom\u0103 eLiquid<\/strong> mit leichter Fruchtnote Pfirsich gibt es auch <strong>f\u0103r\u0103 nicotin\u0103<\/strong> bei uns.<\/p>\n<\/div>","protected":false},"excerpt":{"rendered":"<p>Un deliciu pentru zilele fierbin\u021bi este absolut rece <strong>Ghea\u021b\u0103 bomboane piersici lichid<\/strong> cu un pl\u0103cut <strong>arom\u0103 dulceag<\/strong> \u0219i <strong>r\u0103coritoare<\/strong> Plecare la <strong>vaporiza<\/strong>.<\/p>","protected":false},"featured_media":319437,"comment_status":"open","ping_status":"closed","template":"","meta":{"_acf_changed":false,"_relevanssi_hide_post":"","_relevanssi_hide_content":"","_relevanssi_pin_for_all":"","_relevanssi_pin_keywords":"","_relevanssi_unpin_keywords":"","_relevanssi_related_keywords":"","_relevanssi_related_include_ids":"","_relevanssi_related_exclude_ids":"","_relevanssi_related_no_append":"","_relevanssi_related_not_related":"","_relevanssi_related_posts":"","_relevanssi_noindex_reason":""},"product_brand":[],"product_cat":[4731,4709,4689,4880,4842],"product_tag":[4919,4915,5166,4917,5074,4914,4918,5004,4993,4920],"class_list":{"0":"post-303155","1":"product","2":"type-product","3":"status-publish","4":"has-post-thumbnail","6":"product_cat-alle-liquids-fur-e-zigaretten","7":"product_cat-eisbonbon-liquids-e-zigarette","8":"product_cat-eliquids","9":"product_cat-liquids-ohne-sucralose","10":"product_cat-my-eliquid-liquids","11":"product_tag-dampfer","12":"product_tag-e-liquid","13":"product_tag-e-zigarette","14":"product_tag-e-zigi","15":"product_tag-eisbonbon","16":"product_tag-eliquid","17":"product_tag-ezigarette","18":"product_tag-nachfuellfluessigkeit","19":"product_tag-pfirsich","20":"product_tag-verdampfer","21":"product_shipping_class-standard","23":"first","24":"instock","25":"taxable","26":"shipping-taxable","27":"purchasable","28":"product-type-variable"},"acf":[],"_links":{"self":[{"href":"https:\/\/my-eliquid.de\/ro\/wp-json\/wp\/v2\/product\/303155","targetHints":{"allow":["GET"]}}],"collection":[{"href":"https:\/\/my-eliquid.de\/ro\/wp-json\/wp\/v2\/product"}],"about":[{"href":"https:\/\/my-eliquid.de\/ro\/wp-json\/wp\/v2\/types\/product"}],"replies":[{"embeddable":true,"href":"https:\/\/my-eliquid.de\/ro\/wp-json\/wp\/v2\/comments?post=303155"}],"wp:featuredmedia":[{"embeddable":true,"href":"https:\/\/my-eliquid.de\/ro\/wp-json\/wp\/v2\/media\/319437"}],"wp:attachment":[{"href":"https:\/\/my-eliquid.de\/ro\/wp-json\/wp\/v2\/media?parent=303155"}],"wp:term":[{"taxonomy":"product_brand","embeddable":true,"href":"https:\/\/my-eliquid.de\/ro\/wp-json\/wp\/v2\/product_brand?post=303155"},{"taxonomy":"product_cat","embeddable":true,"href":"https:\/\/my-eliquid.de\/ro\/wp-json\/wp\/v2\/product_cat?post=303155"},{"taxonomy":"product_tag","embeddable":true,"href":"https:\/\/my-eliquid.de\/ro\/wp-json\/wp\/v2\/product_tag?post=303155"}],"curies":[{"name":"wp","href":"https:\/\/api.w.org\/{rel}","templated":true}]}}