{"id":303173,"date":"2013-02-23T00:00:00","date_gmt":"2013-02-22T23:00:00","guid":{"rendered":"https:\/\/my-eliquid.de\/shop\/eistee-liquid\/"},"modified":"2025-11-25T13:48:40","modified_gmt":"2025-11-25T12:48:40","slug":"eistee-liquid","status":"publish","type":"product","link":"https:\/\/my-eliquid.de\/ro\/shop\/eistee-liquid\/","title":{"rendered":"Lichid pentru ceai \u00eenghe\u021bat"},"content":{"rendered":"<p>noastre <strong>Lichid pentru ceai \u00eenghe\u021bat<\/strong> cu aroma sa pl\u0103cut\u0103 de ceai rece \u0219i l\u0103m\u00e2ie provine din linia de <strong>B\u0103uturi Lichide<\/strong>. Ceaiul rece \u00eenghe\u021bat \u00eent\u00e2lne\u0219te l\u0103m\u00e2ia fructat\u0103 \u00een aceast\u0103 combina\u021bie delicioas\u0103. Toate lichidele noastre sunt produse la fa\u021ba locului \u0219i \u00eendeplinesc cele mai \u00eenalte standarde de siguran\u021b\u0103. Cele <strong>Lichid pentru ceai \u00eenghe\u021bat<\/strong> este f\u0103r\u0103 nicotin\u0103 \u0219i este disponibil \u00een diferite <strong>Concentra\u021bii de nicotin\u0103<\/strong> disponibile. Pentru o dezvoltare de lung\u0103 durat\u0103 a aromei, v\u0103 recomand\u0103m s\u0103 utiliza\u021bi <strong>e-Liquid<\/strong> A se p\u0103stra departe de lumin\u0103 \u0219i \u00eentr-un loc uscat.<\/p>","protected":false},"excerpt":{"rendered":"<p>noastre <strong>Lichid pentru ceai \u00eenghe\u021bat<\/strong> combin\u0103 dulcea\u021ba pl\u0103cut\u0103 a ceaiului rece proasp\u0103t preparat \u0219i aroma de l\u0103m\u00e2ie picant\u0103 pentru a crea garan\u021bia noastr\u0103 de r\u0103corire prin excelen\u021b\u0103!<\/p>","protected":false},"featured_media":319474,"comment_status":"open","ping_status":"closed","template":"","meta":{"_acf_changed":false,"_relevanssi_hide_post":"","_relevanssi_hide_content":"","_relevanssi_pin_for_all":"","_relevanssi_pin_keywords":"","_relevanssi_unpin_keywords":"","_relevanssi_related_keywords":"","_relevanssi_related_include_ids":"","_relevanssi_related_exclude_ids":"","_relevanssi_related_no_append":"","_relevanssi_related_not_related":"","_relevanssi_related_posts":"","_relevanssi_noindex_reason":""},"product_brand":[],"product_cat":[4731,4692,4689,4880,4842],"product_tag":[4919,4915,5166,4917,5161,6818,4918,5004,5162,4920,6819],"class_list":{"0":"post-303173","1":"product","2":"type-product","3":"status-publish","4":"has-post-thumbnail","6":"product_cat-alle-liquids-fur-e-zigaretten","7":"product_cat-drinks-liquids-e-zigarette","8":"product_cat-eliquids","9":"product_cat-liquids-ohne-sucralose","10":"product_cat-my-eliquid-liquids","11":"product_tag-dampfer","12":"product_tag-e-liquid","13":"product_tag-e-zigarette","14":"product_tag-e-zigi","15":"product_tag-eistee","16":"product_tag-elektrische","17":"product_tag-ezigarette","18":"product_tag-nachfuellfluessigkeit","19":"product_tag-tee","20":"product_tag-verdampfer","21":"product_tag-zigarette","22":"product_shipping_class-standard","24":"first","25":"outofstock","26":"taxable","27":"shipping-taxable","28":"purchasable","29":"product-type-variable"},"acf":[],"_links":{"self":[{"href":"https:\/\/my-eliquid.de\/ro\/wp-json\/wp\/v2\/product\/303173","targetHints":{"allow":["GET"]}}],"collection":[{"href":"https:\/\/my-eliquid.de\/ro\/wp-json\/wp\/v2\/product"}],"about":[{"href":"https:\/\/my-eliquid.de\/ro\/wp-json\/wp\/v2\/types\/product"}],"replies":[{"embeddable":true,"href":"https:\/\/my-eliquid.de\/ro\/wp-json\/wp\/v2\/comments?post=303173"}],"wp:featuredmedia":[{"embeddable":true,"href":"https:\/\/my-eliquid.de\/ro\/wp-json\/wp\/v2\/media\/319474"}],"wp:attachment":[{"href":"https:\/\/my-eliquid.de\/ro\/wp-json\/wp\/v2\/media?parent=303173"}],"wp:term":[{"taxonomy":"product_brand","embeddable":true,"href":"https:\/\/my-eliquid.de\/ro\/wp-json\/wp\/v2\/product_brand?post=303173"},{"taxonomy":"product_cat","embeddable":true,"href":"https:\/\/my-eliquid.de\/ro\/wp-json\/wp\/v2\/product_cat?post=303173"},{"taxonomy":"product_tag","embeddable":true,"href":"https:\/\/my-eliquid.de\/ro\/wp-json\/wp\/v2\/product_tag?post=303173"}],"curies":[{"name":"wp","href":"https:\/\/api.w.org\/{rel}","templated":true}]}}