{"id":303174,"date":"2013-07-09T00:00:00","date_gmt":"2013-07-08T22:00:00","guid":{"rendered":"https:\/\/my-eliquid.de\/shop\/waldmeister2-liquid\/"},"modified":"2025-11-25T13:53:14","modified_gmt":"2025-11-25T12:53:14","slug":"waldmeister2-liquid","status":"publish","type":"product","link":"https:\/\/my-eliquid.de\/ro\/shop\/waldmeister2-liquid\/","title":{"rendered":"Sweet Woodfruff (Asperula odorata 2) Lichid"},"content":{"rendered":"<p>noastre <strong>Lichid dulce Woodruff<\/strong> schmeckt nach lieblich-s\u00fc\u00dfem <strong>Waldmeister-Aroma<\/strong> \u0219i provine din linia de <strong>Lichide din fructe<\/strong>.<\/p>\n<p>Die gr\u00fcne K\u00f6stlichkeit als Liquid \u2013 Umwerfend!<\/p>\n<p>All unsere Fl\u00fcssigkeiten werden bei uns vor Ort produziert und entsprechen h\u00f6chsten Sicherheitsstandards. Das\u00a0<strong style=\"line-height: 19px;\">Lichid dulce Woodruff<\/strong>\u00a0este f\u0103r\u0103 nicotin\u0103 \u0219i este disponibil \u00een diferite <strong>Concentra\u021bii de nicotin\u0103<\/strong> disponibile.<\/p>\n<p>Pentru o dezvoltare de lung\u0103 durat\u0103 a aromei, v\u0103 recomand\u0103m s\u0103 utiliza\u021bi <strong>e-Liquid<\/strong> A se p\u0103stra departe de lumin\u0103 \u0219i \u00eentr-un loc uscat.<\/p>","protected":false},"excerpt":{"rendered":"<p>Aroma de var\u0103 r\u0103coritoare \u0219i dulce pentru fiecare zi: b\u0103utura noastr\u0103<strong style=\"line-height: 19px\">Lichid dulce Woodruff<\/strong>\u00a0\u0219i aroma sa unic\u0103, dulce de varz\u0103 delicioas\u0103 - un adev\u0103rat deliciu!<\/p>","protected":false},"featured_media":319475,"comment_status":"open","ping_status":"closed","template":"","meta":{"_acf_changed":false,"_relevanssi_hide_post":"","_relevanssi_hide_content":"","_relevanssi_pin_for_all":"","_relevanssi_pin_keywords":"","_relevanssi_unpin_keywords":"","_relevanssi_related_keywords":"","_relevanssi_related_include_ids":"","_relevanssi_related_exclude_ids":"","_relevanssi_related_no_append":"","_relevanssi_related_not_related":"","_relevanssi_related_posts":"","_relevanssi_noindex_reason":""},"product_brand":[],"product_cat":[4731,4690,4689,4880,4842],"product_tag":[4919,4915,5166,4917,4914,4918,5004,6821,4920,5045,6979],"class_list":{"0":"post-303174","1":"product","2":"type-product","3":"status-publish","4":"has-post-thumbnail","6":"product_cat-alle-liquids-fur-e-zigaretten","7":"product_cat-frucht-liquids-e-zigarette","8":"product_cat-eliquids","9":"product_cat-liquids-ohne-sucralose","10":"product_cat-my-eliquid-liquids","11":"product_tag-dampfer","12":"product_tag-e-liquid","13":"product_tag-e-zigarette","14":"product_tag-e-zigi","15":"product_tag-eliquid","16":"product_tag-ezigarette","17":"product_tag-nachfuellfluessigkeit","18":"product_tag-sweet","19":"product_tag-verdampfer","20":"product_tag-waldmeister","21":"product_tag-woodruff","22":"product_shipping_class-standard","24":"first","25":"outofstock","26":"taxable","27":"shipping-taxable","28":"purchasable","29":"product-type-variable"},"acf":[],"_links":{"self":[{"href":"https:\/\/my-eliquid.de\/ro\/wp-json\/wp\/v2\/product\/303174","targetHints":{"allow":["GET"]}}],"collection":[{"href":"https:\/\/my-eliquid.de\/ro\/wp-json\/wp\/v2\/product"}],"about":[{"href":"https:\/\/my-eliquid.de\/ro\/wp-json\/wp\/v2\/types\/product"}],"replies":[{"embeddable":true,"href":"https:\/\/my-eliquid.de\/ro\/wp-json\/wp\/v2\/comments?post=303174"}],"wp:featuredmedia":[{"embeddable":true,"href":"https:\/\/my-eliquid.de\/ro\/wp-json\/wp\/v2\/media\/319475"}],"wp:attachment":[{"href":"https:\/\/my-eliquid.de\/ro\/wp-json\/wp\/v2\/media?parent=303174"}],"wp:term":[{"taxonomy":"product_brand","embeddable":true,"href":"https:\/\/my-eliquid.de\/ro\/wp-json\/wp\/v2\/product_brand?post=303174"},{"taxonomy":"product_cat","embeddable":true,"href":"https:\/\/my-eliquid.de\/ro\/wp-json\/wp\/v2\/product_cat?post=303174"},{"taxonomy":"product_tag","embeddable":true,"href":"https:\/\/my-eliquid.de\/ro\/wp-json\/wp\/v2\/product_tag?post=303174"}],"curies":[{"name":"wp","href":"https:\/\/api.w.org\/{rel}","templated":true}]}}