{"id":303175,"date":"2017-09-05T00:00:00","date_gmt":"2017-09-04T22:00:00","guid":{"rendered":"https:\/\/my-eliquid.de\/shop\/erdbeere-2-liquid\/"},"modified":"2026-04-08T09:43:32","modified_gmt":"2026-04-08T07:43:32","slug":"erdbeere-2-liquid","status":"publish","type":"product","link":"https:\/\/my-eliquid.de\/ro\/shop\/erdbeere-2-liquid\/","title":{"rendered":"C\u0103p\u0219uni dulci (C\u0103p\u0219uni 2) Lichid"},"content":{"rendered":"<p>noastre <strong>Lichid dulce de c\u0103p\u0219uni<\/strong> cu gustul s\u0103u foarte fructat de c\u0103p\u0219uni provine din linia de <strong>Lichide din fructe<\/strong>.<\/p>\n<p>Wer Erbeer liquids mag, wird dieses ganz besondere Geschmackserlebnis lieben.\u00a0<\/p>\n<p>Toate lichidele noastre sunt produse la fa\u021ba locului \u0219i \u00eendeplinesc cele mai \u00eenalte standarde de siguran\u021b\u0103.\u00a0<\/p>\n<p>The <strong>C\u0103p\u0219uni dulci<\/strong><strong>\u00a0Lichid<\/strong> este f\u0103r\u0103 nicotin\u0103 \u0219i este disponibil \u00een diferite concentra\u021bii de nicotin\u0103. Pentru o dezvoltare de lung\u0103 durat\u0103 a aromei, v\u0103 recomand\u0103m s\u0103 utiliza\u021bi <strong>e-Liquid<\/strong> A se p\u0103stra departe de lumin\u0103 \u0219i \u00eentr-un loc uscat.<\/p>","protected":false},"excerpt":{"rendered":"<p><span style=\"line-height: 19px\">noastre\u00a0<\/span><strong style=\"line-height: 19px\">Lichid dulce de c\u0103p\u0219uni<\/strong><span style=\"line-height: 19px\">\u00a0cu gustul s\u0103u foarte fructat de c\u0103p\u0219uni provine din linia de\u00a0<\/span><strong style=\"line-height: 19px\">Lichide din fructe<\/strong><span style=\"line-height: 19px\">.<\/span><\/p>","protected":false},"featured_media":319491,"comment_status":"open","ping_status":"closed","template":"","meta":{"_acf_changed":false,"_relevanssi_hide_post":"","_relevanssi_hide_content":"","_relevanssi_pin_for_all":"","_relevanssi_pin_keywords":"","_relevanssi_unpin_keywords":"","_relevanssi_related_keywords":"","_relevanssi_related_include_ids":"","_relevanssi_related_exclude_ids":"","_relevanssi_related_no_append":"","_relevanssi_related_not_related":"","_relevanssi_related_posts":"","_relevanssi_noindex_reason":""},"product_brand":[],"product_cat":[4731,4690,4689,4880,4842,4706],"product_tag":[6900,5803,5805],"class_list":{"0":"post-303175","1":"product","2":"type-product","3":"status-publish","4":"has-post-thumbnail","6":"product_cat-alle-liquids-fur-e-zigaretten","7":"product_cat-frucht-liquids-e-zigarette","8":"product_cat-eliquids","9":"product_cat-liquids-ohne-sucralose","10":"product_cat-my-eliquid-liquids","11":"product_cat-suesse-liquids-e-zigarette","12":"product_tag-6900","13":"product_tag-erdbeere","14":"product_tag-liquid","15":"product_shipping_class-standard","17":"first","18":"instock","19":"taxable","20":"shipping-taxable","21":"purchasable","22":"product-type-variable"},"acf":[],"_links":{"self":[{"href":"https:\/\/my-eliquid.de\/ro\/wp-json\/wp\/v2\/product\/303175","targetHints":{"allow":["GET"]}}],"collection":[{"href":"https:\/\/my-eliquid.de\/ro\/wp-json\/wp\/v2\/product"}],"about":[{"href":"https:\/\/my-eliquid.de\/ro\/wp-json\/wp\/v2\/types\/product"}],"replies":[{"embeddable":true,"href":"https:\/\/my-eliquid.de\/ro\/wp-json\/wp\/v2\/comments?post=303175"}],"wp:featuredmedia":[{"embeddable":true,"href":"https:\/\/my-eliquid.de\/ro\/wp-json\/wp\/v2\/media\/319491"}],"wp:attachment":[{"href":"https:\/\/my-eliquid.de\/ro\/wp-json\/wp\/v2\/media?parent=303175"}],"wp:term":[{"taxonomy":"product_brand","embeddable":true,"href":"https:\/\/my-eliquid.de\/ro\/wp-json\/wp\/v2\/product_brand?post=303175"},{"taxonomy":"product_cat","embeddable":true,"href":"https:\/\/my-eliquid.de\/ro\/wp-json\/wp\/v2\/product_cat?post=303175"},{"taxonomy":"product_tag","embeddable":true,"href":"https:\/\/my-eliquid.de\/ro\/wp-json\/wp\/v2\/product_tag?post=303175"}],"curies":[{"name":"wp","href":"https:\/\/api.w.org\/{rel}","templated":true}]}}