{"id":303177,"date":"2011-10-02T00:00:00","date_gmt":"2011-10-01T22:00:00","guid":{"rendered":"https:\/\/my-eliquid.de\/shop\/7-leaves-tabak-liquid\/"},"modified":"2026-04-20T14:35:56","modified_gmt":"2026-04-20T12:35:56","slug":"7-leaves-tabak-liquid","status":"publish","type":"product","link":"https:\/\/my-eliquid.de\/ro\/shop\/7-leaves-tabak-liquid\/","title":{"rendered":"7 Frunze lichid de tutun"},"content":{"rendered":"<p>noastre <strong>7 frunze lichid<\/strong> combin\u0103 amenda <strong>Arome<\/strong> de \u0219apte corpolente <strong>Soiuri de tutun<\/strong> \u0219i provine din linia de <strong>Lichide de tutun<\/strong>. Pluti\u021bi cu noi pe norul nou\u0103! Toate noastre <strong>Lichide<\/strong> sunt produse la fa\u021ba locului \u0219i \u00eendeplinesc cele mai \u00eenalte standarde de siguran\u021b\u0103. Cele <strong>7 frunze lichid<\/strong> este <strong>f\u0103r\u0103 nicotin\u0103<\/strong> \u0219i \u00een diferite <strong>Concentra\u021bii de nicotin\u0103<\/strong> disponibile. Pentru o dezvoltare de lung\u0103 durat\u0103 a aromei, v\u0103 recomand\u0103m s\u0103 utiliza\u021bi <strong>e-Liquid<\/strong> A se p\u0103stra departe de lumin\u0103 \u0219i \u00eentr-un loc uscat.<\/p>","protected":false},"excerpt":{"rendered":"<p>Toate lucrurile bune vin \u00een ... \u0219eptari? Al nostru <strong>7 frunze lichid<\/strong> amestec\u0103 \u0219apte dintre cele mai bune \u0219i mai delicioase <strong>Arome<\/strong> cel mai nobil <strong>Soiuri de tutun<\/strong> - pl\u0103cerea septupl\u0103!<\/p>","protected":false},"featured_media":319509,"comment_status":"open","ping_status":"closed","template":"","meta":{"_acf_changed":false,"_relevanssi_hide_post":"","_relevanssi_hide_content":"","_relevanssi_pin_for_all":"","_relevanssi_pin_keywords":"","_relevanssi_unpin_keywords":"","_relevanssi_related_keywords":"","_relevanssi_related_include_ids":"","_relevanssi_related_exclude_ids":"","_relevanssi_related_no_append":"","_relevanssi_related_not_related":"","_relevanssi_related_posts":"","_relevanssi_noindex_reason":""},"product_brand":[],"product_cat":[4731,4880,4842,4691],"product_tag":[7120,1394,1391,1392,1395,5411,1397,6712,7121,5805,5792,1396,1393,6527],"class_list":{"0":"post-303177","1":"product","2":"type-product","3":"status-publish","4":"has-post-thumbnail","6":"product_cat-alle-liquids-fur-e-zigaretten","7":"product_cat-liquids-ohne-sucralose","8":"product_cat-my-eliquid-liquids","9":"product_cat-tabak-liquids-e-zigarette","10":"product_tag-7120","11":"product_tag-anteil","12":"product_tag-bitte","13":"product_tag-den","14":"product_tag-durch","15":"product_tag-e-zigaretten","16":"product_tag-ersetzen","17":"product_tag-fuer","18":"product_tag-leaves","19":"product_tag-liquid","20":"product_tag-liquids","21":"product_tag-peg","22":"product_tag-pg","23":"product_tag-tabak","24":"product_shipping_class-standard","26":"first","27":"instock","28":"taxable","29":"shipping-taxable","30":"purchasable","31":"product-type-variable"},"acf":[],"_links":{"self":[{"href":"https:\/\/my-eliquid.de\/ro\/wp-json\/wp\/v2\/product\/303177","targetHints":{"allow":["GET"]}}],"collection":[{"href":"https:\/\/my-eliquid.de\/ro\/wp-json\/wp\/v2\/product"}],"about":[{"href":"https:\/\/my-eliquid.de\/ro\/wp-json\/wp\/v2\/types\/product"}],"replies":[{"embeddable":true,"href":"https:\/\/my-eliquid.de\/ro\/wp-json\/wp\/v2\/comments?post=303177"}],"wp:featuredmedia":[{"embeddable":true,"href":"https:\/\/my-eliquid.de\/ro\/wp-json\/wp\/v2\/media\/319509"}],"wp:attachment":[{"href":"https:\/\/my-eliquid.de\/ro\/wp-json\/wp\/v2\/media?parent=303177"}],"wp:term":[{"taxonomy":"product_brand","embeddable":true,"href":"https:\/\/my-eliquid.de\/ro\/wp-json\/wp\/v2\/product_brand?post=303177"},{"taxonomy":"product_cat","embeddable":true,"href":"https:\/\/my-eliquid.de\/ro\/wp-json\/wp\/v2\/product_cat?post=303177"},{"taxonomy":"product_tag","embeddable":true,"href":"https:\/\/my-eliquid.de\/ro\/wp-json\/wp\/v2\/product_tag?post=303177"}],"curies":[{"name":"wp","href":"https:\/\/api.w.org\/{rel}","templated":true}]}}