{"id":303199,"date":"2012-02-12T00:00:00","date_gmt":"2012-02-11T23:00:00","guid":{"rendered":"https:\/\/my-eliquid.de\/shop\/eisbonbon-liquid\/"},"modified":"2026-04-08T09:43:32","modified_gmt":"2026-04-08T07:43:32","slug":"eisbonbon-liquid","status":"publish","type":"product","link":"https:\/\/my-eliquid.de\/ro\/shop\/eisbonbon-liquid\/","title":{"rendered":"Bomboane de ghea\u021b\u0103 lichide"},"content":{"rendered":"<p>Cel pe care l-a\u021bi ales <strong>Baz\u0103 lichid\u0103<\/strong> este proasp\u0103t amestecat cu ap\u0103 imediat \u00eenainte de <strong>Eisbonbon Geschmack<\/strong> aromatisiert und bald\u00a0 zum Versand \u00fcbergeben.<br \/>\nSo garantieren wir eine l\u00e4ngere Wirkung der <strong>k\u00fchlen und leicht fruchtigen<\/strong> Aromen und des <strong>Rauchvergn\u00fcgens<\/strong> bei der<strong> Vaporizare<\/strong> lichidul nostru de re\u00eenc\u0103rcare de \u00eenalt\u0103 calitate (<strong>eLiquide<\/strong>) in Ihrem\u00a0<strong>Vaporizator<\/strong> sau <strong>e-Zigaretten.<\/strong><\/p>\n<p>Das Eisbonbon eLiquid &#8211; <strong>K\u00fchl und erfrischend mit leichter Fruchtnote<\/strong> k\u00f6nnen Sie auch <strong>ohne Nikotin bestellen.<\/strong><\/p>","protected":false},"excerpt":{"rendered":"<p>O lovitur\u0103, cum ar fi <strong>arom\u0103 rece ca ghea\u021ba<\/strong> de proaspete <strong>Ghea\u021b\u0103 de ghe\u021bar<\/strong>descrie sentimentul c\u00e2nd <strong>abur<\/strong> a fructelor <strong>Bomboane de ghea\u021b\u0103 lichide<\/strong> pentru <strong>Vaporizator<\/strong> foarte precis.<\/p>","protected":false},"featured_media":319600,"comment_status":"open","ping_status":"closed","template":"","meta":{"_acf_changed":false,"_relevanssi_hide_post":"","_relevanssi_hide_content":"","_relevanssi_pin_for_all":"","_relevanssi_pin_keywords":"","_relevanssi_unpin_keywords":"","_relevanssi_related_keywords":"","_relevanssi_related_include_ids":"","_relevanssi_related_exclude_ids":"","_relevanssi_related_no_append":"","_relevanssi_related_not_related":"","_relevanssi_related_posts":"","_relevanssi_noindex_reason":""},"product_brand":[],"product_cat":[4731,4709,4689,4880,4842],"product_tag":[4919,4915,5166,4917,5074,4914,4918,5004,4920],"class_list":{"0":"post-303199","1":"product","2":"type-product","3":"status-publish","4":"has-post-thumbnail","6":"product_cat-alle-liquids-fur-e-zigaretten","7":"product_cat-eisbonbon-liquids-e-zigarette","8":"product_cat-eliquids","9":"product_cat-liquids-ohne-sucralose","10":"product_cat-my-eliquid-liquids","11":"product_tag-dampfer","12":"product_tag-e-liquid","13":"product_tag-e-zigarette","14":"product_tag-e-zigi","15":"product_tag-eisbonbon","16":"product_tag-eliquid","17":"product_tag-ezigarette","18":"product_tag-nachfuellfluessigkeit","19":"product_tag-verdampfer","20":"product_shipping_class-standard","22":"first","23":"instock","24":"taxable","25":"shipping-taxable","26":"purchasable","27":"product-type-variable"},"acf":[],"_links":{"self":[{"href":"https:\/\/my-eliquid.de\/ro\/wp-json\/wp\/v2\/product\/303199","targetHints":{"allow":["GET"]}}],"collection":[{"href":"https:\/\/my-eliquid.de\/ro\/wp-json\/wp\/v2\/product"}],"about":[{"href":"https:\/\/my-eliquid.de\/ro\/wp-json\/wp\/v2\/types\/product"}],"replies":[{"embeddable":true,"href":"https:\/\/my-eliquid.de\/ro\/wp-json\/wp\/v2\/comments?post=303199"}],"wp:featuredmedia":[{"embeddable":true,"href":"https:\/\/my-eliquid.de\/ro\/wp-json\/wp\/v2\/media\/319600"}],"wp:attachment":[{"href":"https:\/\/my-eliquid.de\/ro\/wp-json\/wp\/v2\/media?parent=303199"}],"wp:term":[{"taxonomy":"product_brand","embeddable":true,"href":"https:\/\/my-eliquid.de\/ro\/wp-json\/wp\/v2\/product_brand?post=303199"},{"taxonomy":"product_cat","embeddable":true,"href":"https:\/\/my-eliquid.de\/ro\/wp-json\/wp\/v2\/product_cat?post=303199"},{"taxonomy":"product_tag","embeddable":true,"href":"https:\/\/my-eliquid.de\/ro\/wp-json\/wp\/v2\/product_tag?post=303199"}],"curies":[{"name":"wp","href":"https:\/\/api.w.org\/{rel}","templated":true}]}}