{"id":303200,"date":"2015-04-25T00:00:00","date_gmt":"2015-04-24T22:00:00","guid":{"rendered":"https:\/\/my-eliquid.de\/shop\/bottermilk-fresh-liquid\/"},"modified":"2026-04-07T14:32:34","modified_gmt":"2026-04-07T12:32:34","slug":"bottermilk-fresh-liquid","status":"publish","type":"product","link":"https:\/\/my-eliquid.de\/ro\/shop\/bottermilk-fresh-liquid\/","title":{"rendered":"Bottermelk Lichid proasp\u0103t"},"content":{"rendered":"<p>noastre <strong>Bottermelk Lichid proasp\u0103t<\/strong> zeichnet sich geschmacklich durch seine Mischung aus frischer Buttermilch und einer dezenten Zitronennote aus und stammt aus der Linie der <strong>B\u0103uturi Lichide<\/strong>. Buttermilch trifft auf Zitrone: Ein unvergleichlicher Gaumenschmaus! All unsere Fl\u00fcssigkeiten werden bei uns vor Ort produziert und entsprechen h\u00f6chsten Sicherheitsstandards. Das <strong>Bottermelk Lichid proasp\u0103t<\/strong> este f\u0103r\u0103 nicotin\u0103 \u0219i este disponibil \u00een diferite <strong>Concentra\u021bii de nicotin\u0103<\/strong> disponibile. Pentru o dezvoltare de lung\u0103 durat\u0103 a aromei, v\u0103 recomand\u0103m s\u0103 utiliza\u021bi <strong>e-Liquid<\/strong> A se p\u0103stra departe de lumin\u0103 \u0219i \u00eentr-un loc uscat.<\/p>","protected":false},"excerpt":{"rendered":"<p>Laptele acru cremos se \u00eembin\u0103 cu gustul delicios al acri\u0219orului. <strong>arom\u0103 de l\u0103m\u00e2ie<\/strong>. Al nostru <strong>Bottermelk Lichid proasp\u0103t<\/strong> face acest lucru posibil! Aerisit \u0219i delicios \u00een acela\u0219i timp.<\/p>","protected":false},"featured_media":319605,"comment_status":"open","ping_status":"closed","template":"","meta":{"_acf_changed":false,"_relevanssi_hide_post":"","_relevanssi_hide_content":"","_relevanssi_pin_for_all":"","_relevanssi_pin_keywords":"","_relevanssi_unpin_keywords":"","_relevanssi_related_keywords":"","_relevanssi_related_include_ids":"","_relevanssi_related_exclude_ids":"","_relevanssi_related_no_append":"","_relevanssi_related_not_related":"","_relevanssi_related_posts":"","_relevanssi_noindex_reason":""},"product_brand":[],"product_cat":[4731,4692,4880,4842,4693],"product_tag":[7169,4919,4915,5166,4917,4914,4918,6891,5004,4920],"class_list":{"0":"post-303200","1":"product","2":"type-product","3":"status-publish","4":"has-post-thumbnail","6":"product_cat-alle-liquids-fur-e-zigaretten","7":"product_cat-drinks-liquids-e-zigarette","8":"product_cat-liquids-ohne-sucralose","9":"product_cat-my-eliquid-liquids","10":"product_cat-special-liquids-e-zigarette","11":"product_tag-bottermilk","12":"product_tag-dampfer","13":"product_tag-e-liquid","14":"product_tag-e-zigarette","15":"product_tag-e-zigi","16":"product_tag-eliquid","17":"product_tag-ezigarette","18":"product_tag-fresh","19":"product_tag-nachfuellfluessigkeit","20":"product_tag-verdampfer","21":"product_shipping_class-standard","23":"first","24":"instock","25":"taxable","26":"shipping-taxable","27":"purchasable","28":"product-type-variable"},"acf":[],"_links":{"self":[{"href":"https:\/\/my-eliquid.de\/ro\/wp-json\/wp\/v2\/product\/303200","targetHints":{"allow":["GET"]}}],"collection":[{"href":"https:\/\/my-eliquid.de\/ro\/wp-json\/wp\/v2\/product"}],"about":[{"href":"https:\/\/my-eliquid.de\/ro\/wp-json\/wp\/v2\/types\/product"}],"replies":[{"embeddable":true,"href":"https:\/\/my-eliquid.de\/ro\/wp-json\/wp\/v2\/comments?post=303200"}],"wp:featuredmedia":[{"embeddable":true,"href":"https:\/\/my-eliquid.de\/ro\/wp-json\/wp\/v2\/media\/319605"}],"wp:attachment":[{"href":"https:\/\/my-eliquid.de\/ro\/wp-json\/wp\/v2\/media?parent=303200"}],"wp:term":[{"taxonomy":"product_brand","embeddable":true,"href":"https:\/\/my-eliquid.de\/ro\/wp-json\/wp\/v2\/product_brand?post=303200"},{"taxonomy":"product_cat","embeddable":true,"href":"https:\/\/my-eliquid.de\/ro\/wp-json\/wp\/v2\/product_cat?post=303200"},{"taxonomy":"product_tag","embeddable":true,"href":"https:\/\/my-eliquid.de\/ro\/wp-json\/wp\/v2\/product_tag?post=303200"}],"curies":[{"name":"wp","href":"https:\/\/api.w.org\/{rel}","templated":true}]}}