{"id":303205,"date":"2017-09-05T00:00:00","date_gmt":"2017-09-04T22:00:00","guid":{"rendered":"https:\/\/my-eliquid.de\/shop\/monkeys-choice-liquid\/"},"modified":"2025-11-25T13:51:45","modified_gmt":"2025-11-25T12:51:45","slug":"monkeys-choice-liquid","status":"publish","type":"product","link":"https:\/\/my-eliquid.de\/ro\/shop\/monkeys-choice-liquid\/","title":{"rendered":"Monkey\u2019s Choice Liquid \u2013RE\u021aET\u0102 NOU\u0102\u2013"},"content":{"rendered":"<p>noastre <strong>Lichidul Monkey's Choice<\/strong> mit seinem einzigarten <strong>Schokobananengeschmack<\/strong> provine din linia de <strong>Lichide speciale<\/strong>. Eine geniale Kombination aus reifer Banane, Schokolade und saftigem Karamell machen diese Sorte zu einem geschmacklich au\u00dfergew\u00f6hnlichen Erlebnis. All unsere Fl\u00fcssigkeiten werden bei uns vor Ort produziert und entsprechen h\u00f6chsten Sicherheitsstandards. Das <strong>Schokobananen Liquid<\/strong> este f\u0103r\u0103 nicotin\u0103 \u0219i este disponibil \u00een diferite concentra\u021bii de nicotin\u0103. Pentru o dezvoltare de lung\u0103 durat\u0103 a aromei, v\u0103 recomand\u0103m s\u0103 utiliza\u021bi <strong>e-Liquid<\/strong> A se p\u0103stra departe de lumin\u0103 \u0219i \u00eentr-un loc uscat.<\/p>","protected":false},"excerpt":{"rendered":"<p>Aten\u021bie, pericol de dependen\u021b\u0103! <strong>Lichidul Monkey's Choice<\/strong> combina\u021bia de banan\u0103 acoperit\u0103 cu ciocolat\u0103 \u0219i un u\u0219or iz de caramel cremos confer\u0103 o not\u0103 unic\u0103.<\/p>","protected":false},"featured_media":319620,"comment_status":"open","ping_status":"closed","template":"","meta":{"_acf_changed":false,"_relevanssi_hide_post":"","_relevanssi_hide_content":"","_relevanssi_pin_for_all":"","_relevanssi_pin_keywords":"","_relevanssi_unpin_keywords":"","_relevanssi_related_keywords":"","_relevanssi_related_include_ids":"","_relevanssi_related_exclude_ids":"","_relevanssi_related_no_append":"","_relevanssi_related_not_related":"","_relevanssi_related_posts":"","_relevanssi_noindex_reason":""},"product_brand":[],"product_cat":[4731,4689,4880,4842,4693],"product_tag":[6716,6932,5411,6712,5805,5792,6931,5226],"class_list":{"0":"post-303205","1":"product","2":"type-product","3":"status-publish","4":"has-post-thumbnail","6":"product_cat-alle-liquids-fur-e-zigaretten","7":"product_cat-eliquids","8":"product_cat-liquids-ohne-sucralose","9":"product_cat-my-eliquid-liquids","10":"product_cat-special-liquids-e-zigarette","11":"product_tag-alle","12":"product_tag-choice","13":"product_tag-e-zigaretten","14":"product_tag-fuer","15":"product_tag-liquid","16":"product_tag-liquids","17":"product_tag-monkeys","18":"product_tag-special","19":"product_shipping_class-standard","21":"first","22":"outofstock","23":"taxable","24":"shipping-taxable","25":"purchasable","26":"product-type-variable"},"acf":[],"_links":{"self":[{"href":"https:\/\/my-eliquid.de\/ro\/wp-json\/wp\/v2\/product\/303205","targetHints":{"allow":["GET"]}}],"collection":[{"href":"https:\/\/my-eliquid.de\/ro\/wp-json\/wp\/v2\/product"}],"about":[{"href":"https:\/\/my-eliquid.de\/ro\/wp-json\/wp\/v2\/types\/product"}],"replies":[{"embeddable":true,"href":"https:\/\/my-eliquid.de\/ro\/wp-json\/wp\/v2\/comments?post=303205"}],"wp:featuredmedia":[{"embeddable":true,"href":"https:\/\/my-eliquid.de\/ro\/wp-json\/wp\/v2\/media\/319620"}],"wp:attachment":[{"href":"https:\/\/my-eliquid.de\/ro\/wp-json\/wp\/v2\/media?parent=303205"}],"wp:term":[{"taxonomy":"product_brand","embeddable":true,"href":"https:\/\/my-eliquid.de\/ro\/wp-json\/wp\/v2\/product_brand?post=303205"},{"taxonomy":"product_cat","embeddable":true,"href":"https:\/\/my-eliquid.de\/ro\/wp-json\/wp\/v2\/product_cat?post=303205"},{"taxonomy":"product_tag","embeddable":true,"href":"https:\/\/my-eliquid.de\/ro\/wp-json\/wp\/v2\/product_tag?post=303205"}],"curies":[{"name":"wp","href":"https:\/\/api.w.org\/{rel}","templated":true}]}}