{"id":303221,"date":"2015-03-26T00:00:00","date_gmt":"2015-03-25T23:00:00","guid":{"rendered":"https:\/\/my-eliquid.de\/shop\/peanutbutter-choc-liquid\/"},"modified":"2025-11-25T13:52:06","modified_gmt":"2025-11-25T12:52:06","slug":"peanutbutter-choc-liquid","status":"publish","type":"product","link":"https:\/\/my-eliquid.de\/ro\/shop\/peanutbutter-choc-liquid\/","title":{"rendered":"Lichid de ciocolat\u0103 cu unt de arahide"},"content":{"rendered":"<p>noastre <strong>Unt de arahide choco lichid<\/strong> mischt den Geschmack von leckerer <strong>Erdnussbutter<\/strong> und schmackhafter Schokolade und stammt aus der Linie der <strong>Lichide dulci<\/strong>. <strong>Erdnussbutter<\/strong> \u00eent\u00e2lne\u0219te <strong>Schokolade<\/strong> \u2013 Genuss wird neu definiert! All unsere Fl\u00fcssigkeiten werden bei uns vor Ort produziert und entsprechen h\u00f6chsten Sicherheitsstandards. Das <strong>Unt de arahide choco lichid<\/strong> este f\u0103r\u0103 nicotin\u0103 \u0219i este disponibil \u00een diferite <strong>Concentra\u021bii de nicotin\u0103<\/strong> disponibile. Pentru o dezvoltare de lung\u0103 durat\u0103 a aromei, v\u0103 recomand\u0103m s\u0103 utiliza\u021bi <strong>e-Liquid<\/strong> A se p\u0103stra departe de lumin\u0103 \u0219i \u00eentr-un loc uscat.<\/p>","protected":false},"excerpt":{"rendered":"<p>Neted cremos <strong>Arom\u0103 de unt de arahide<\/strong> \u00eembr\u0103\u021bi\u0219at de dulcea\u021ba corpolent\u0103 <strong>Arom\u0103 de ciocolat\u0103<\/strong>. Al nostru <strong>Unt de arahide choco lichid<\/strong>: aventura cu nuci \u0219i ciocolat\u0103!<\/p>","protected":false},"featured_media":319701,"comment_status":"open","ping_status":"closed","template":"","meta":{"_acf_changed":false,"_relevanssi_hide_post":"","_relevanssi_hide_content":"","_relevanssi_pin_for_all":"","_relevanssi_pin_keywords":"","_relevanssi_unpin_keywords":"","_relevanssi_related_keywords":"","_relevanssi_related_include_ids":"","_relevanssi_related_exclude_ids":"","_relevanssi_related_no_append":"","_relevanssi_related_not_related":"","_relevanssi_related_posts":"","_relevanssi_noindex_reason":""},"product_brand":[],"product_cat":[4731,4880,4842,4693,4706],"product_tag":[4919,4915,5166,4917,4914,4918,5004,5296,4920],"class_list":{"0":"post-303221","1":"product","2":"type-product","3":"status-publish","4":"has-post-thumbnail","6":"product_cat-alle-liquids-fur-e-zigaretten","7":"product_cat-liquids-ohne-sucralose","8":"product_cat-my-eliquid-liquids","9":"product_cat-special-liquids-e-zigarette","10":"product_cat-suesse-liquids-e-zigarette","11":"product_tag-dampfer","12":"product_tag-e-liquid","13":"product_tag-e-zigarette","14":"product_tag-e-zigi","15":"product_tag-eliquid","16":"product_tag-ezigarette","17":"product_tag-nachfuellfluessigkeit","18":"product_tag-peanutbutter-choc","19":"product_tag-verdampfer","20":"product_shipping_class-standard","22":"first","23":"outofstock","24":"taxable","25":"shipping-taxable","26":"purchasable","27":"product-type-variable"},"acf":[],"_links":{"self":[{"href":"https:\/\/my-eliquid.de\/ro\/wp-json\/wp\/v2\/product\/303221","targetHints":{"allow":["GET"]}}],"collection":[{"href":"https:\/\/my-eliquid.de\/ro\/wp-json\/wp\/v2\/product"}],"about":[{"href":"https:\/\/my-eliquid.de\/ro\/wp-json\/wp\/v2\/types\/product"}],"replies":[{"embeddable":true,"href":"https:\/\/my-eliquid.de\/ro\/wp-json\/wp\/v2\/comments?post=303221"}],"wp:featuredmedia":[{"embeddable":true,"href":"https:\/\/my-eliquid.de\/ro\/wp-json\/wp\/v2\/media\/319701"}],"wp:attachment":[{"href":"https:\/\/my-eliquid.de\/ro\/wp-json\/wp\/v2\/media?parent=303221"}],"wp:term":[{"taxonomy":"product_brand","embeddable":true,"href":"https:\/\/my-eliquid.de\/ro\/wp-json\/wp\/v2\/product_brand?post=303221"},{"taxonomy":"product_cat","embeddable":true,"href":"https:\/\/my-eliquid.de\/ro\/wp-json\/wp\/v2\/product_cat?post=303221"},{"taxonomy":"product_tag","embeddable":true,"href":"https:\/\/my-eliquid.de\/ro\/wp-json\/wp\/v2\/product_tag?post=303221"}],"curies":[{"name":"wp","href":"https:\/\/api.w.org\/{rel}","templated":true}]}}