{"id":303233,"date":"2011-12-26T00:00:00","date_gmt":"2011-12-25T23:00:00","guid":{"rendered":"https:\/\/my-eliquid.de\/shop\/orange-liquid\/"},"modified":"2025-11-25T13:51:59","modified_gmt":"2025-11-25T12:51:59","slug":"orange-liquid","status":"publish","type":"product","link":"https:\/\/my-eliquid.de\/ro\/shop\/orange-liquid\/","title":{"rendered":"Lichid portocaliu"},"content":{"rendered":"<p>noastre <strong>Lichid portocaliu<\/strong> punktet mit seinem <strong>fruchtig-s\u00fc\u00dfen Aroma<\/strong> de la <strong>saftiger Orange<\/strong> \u0219i provine din linia de <strong>Lichide din fructe<\/strong>. Das frisch-fruchtige Orangen-Vergn\u00fcgen \u2013 Wow! All unsere Fl\u00fcssigkeiten werden bei uns vor Ort produziert und entsprechen h\u00f6chsten Sicherheitsstandards. Das <strong>Lichid portocaliu<\/strong> este f\u0103r\u0103 nicotin\u0103 \u0219i este disponibil \u00een diferite <strong>Concentra\u021bii de nicotin\u0103<\/strong> disponibile. Pentru o dezvoltare de lung\u0103 durat\u0103 a aromei, v\u0103 recomand\u0103m s\u0103 utiliza\u021bi <strong>e-Liquid<\/strong> A se p\u0103stra departe de lumin\u0103 \u0219i \u00eentr-un loc uscat.<\/p>","protected":false},"excerpt":{"rendered":"<p>Wem k\u00f6stliche Apfelsinen schmecken, der wird unser <strong>Lichid portocaliu<\/strong> einfach nur lieben: samtig, sanft, s\u00fc\u00df &amp; saftig \u2013 ein oranger Traum der leckeren Zitrusfrucht!<\/p>","protected":false},"featured_media":319807,"comment_status":"open","ping_status":"closed","template":"","meta":{"_acf_changed":false,"_relevanssi_hide_post":"","_relevanssi_hide_content":"","_relevanssi_pin_for_all":"","_relevanssi_pin_keywords":"","_relevanssi_unpin_keywords":"","_relevanssi_related_keywords":"","_relevanssi_related_include_ids":"","_relevanssi_related_exclude_ids":"","_relevanssi_related_no_append":"","_relevanssi_related_not_related":"","_relevanssi_related_posts":"","_relevanssi_noindex_reason":""},"product_brand":[],"product_cat":[4731,4690,4880,4842],"product_tag":[4919,4915,5166,4917,4914,4918,5004,5028,4920],"class_list":{"0":"post-303233","1":"product","2":"type-product","3":"status-publish","4":"has-post-thumbnail","6":"product_cat-alle-liquids-fur-e-zigaretten","7":"product_cat-frucht-liquids-e-zigarette","8":"product_cat-liquids-ohne-sucralose","9":"product_cat-my-eliquid-liquids","10":"product_tag-dampfer","11":"product_tag-e-liquid","12":"product_tag-e-zigarette","13":"product_tag-e-zigi","14":"product_tag-eliquid","15":"product_tag-ezigarette","16":"product_tag-nachfuellfluessigkeit","17":"product_tag-orange","18":"product_tag-verdampfer","19":"product_shipping_class-standard","21":"first","22":"outofstock","23":"taxable","24":"shipping-taxable","25":"purchasable","26":"product-type-variable"},"acf":[],"_links":{"self":[{"href":"https:\/\/my-eliquid.de\/ro\/wp-json\/wp\/v2\/product\/303233","targetHints":{"allow":["GET"]}}],"collection":[{"href":"https:\/\/my-eliquid.de\/ro\/wp-json\/wp\/v2\/product"}],"about":[{"href":"https:\/\/my-eliquid.de\/ro\/wp-json\/wp\/v2\/types\/product"}],"replies":[{"embeddable":true,"href":"https:\/\/my-eliquid.de\/ro\/wp-json\/wp\/v2\/comments?post=303233"}],"wp:featuredmedia":[{"embeddable":true,"href":"https:\/\/my-eliquid.de\/ro\/wp-json\/wp\/v2\/media\/319807"}],"wp:attachment":[{"href":"https:\/\/my-eliquid.de\/ro\/wp-json\/wp\/v2\/media?parent=303233"}],"wp:term":[{"taxonomy":"product_brand","embeddable":true,"href":"https:\/\/my-eliquid.de\/ro\/wp-json\/wp\/v2\/product_brand?post=303233"},{"taxonomy":"product_cat","embeddable":true,"href":"https:\/\/my-eliquid.de\/ro\/wp-json\/wp\/v2\/product_cat?post=303233"},{"taxonomy":"product_tag","embeddable":true,"href":"https:\/\/my-eliquid.de\/ro\/wp-json\/wp\/v2\/product_tag?post=303233"}],"curies":[{"name":"wp","href":"https:\/\/api.w.org\/{rel}","templated":true}]}}