{"id":303237,"date":"2011-12-22T00:00:00","date_gmt":"2011-12-21T23:00:00","guid":{"rendered":"https:\/\/my-eliquid.de\/shop\/brombeere-liquid\/"},"modified":"2026-01-05T08:28:49","modified_gmt":"2026-01-05T07:28:49","slug":"brombeere-liquid","status":"publish","type":"product","link":"https:\/\/my-eliquid.de\/ro\/shop\/brombeere-liquid\/","title":{"rendered":"Lichid pentru mure"},"content":{"rendered":"<p>noastre <strong>Lichid pentru mure<\/strong> captiveaz\u0103 prin aroma sa fructat\u0103 \u0219i corpolent\u0103. <strong>Arom\u0103 de mure proaspete<\/strong> \u0219i provine din linia de <strong>Lichide din fructe<\/strong>. Experien\u021ba aromei de fructe de p\u0103dure cu toate fa\u021betele sale fructate! Toate lichidele noastre sunt produse la fa\u021ba locului \u0219i \u00eendeplinesc cele mai \u00eenalte standarde de siguran\u021b\u0103. Cele <strong>Lichid pentru mure<\/strong> este f\u0103r\u0103 nicotin\u0103 \u0219i este disponibil \u00een diferite <strong>Concentra\u021bii de nicotin\u0103<\/strong> disponibile. Pentru o dezvoltare de lung\u0103 durat\u0103 a aromei, v\u0103 recomand\u0103m s\u0103 utiliza\u021bi <strong>e-Liquid<\/strong> A se p\u0103stra departe de lumin\u0103 \u0219i \u00eentr-un loc uscat.<\/p>","protected":false},"excerpt":{"rendered":"<p>Lua\u021bi-v\u0103 sim\u021bul gustului \u00eentr-o excursie \u00een p\u0103durea parfumat\u0103: cu <strong>Lichid pentru mure<\/strong> Experimenta\u021bi aroma dulce a delicioasei fructe de p\u0103dure \u00eentunecate!<\/p>","protected":false},"featured_media":319823,"comment_status":"open","ping_status":"closed","template":"","meta":{"_acf_changed":false,"_relevanssi_hide_post":"","_relevanssi_hide_content":"","_relevanssi_pin_for_all":"","_relevanssi_pin_keywords":"","_relevanssi_unpin_keywords":"","_relevanssi_related_keywords":"","_relevanssi_related_include_ids":"","_relevanssi_related_exclude_ids":"","_relevanssi_related_no_append":"","_relevanssi_related_not_related":"","_relevanssi_related_posts":"","_relevanssi_noindex_reason":""},"product_brand":[],"product_cat":[4731,4690,4880,4842],"product_tag":[5010,4915,4914,4942,5004],"class_list":{"0":"post-303237","1":"product","2":"type-product","3":"status-publish","4":"has-post-thumbnail","6":"product_cat-alle-liquids-fur-e-zigaretten","7":"product_cat-frucht-liquids-e-zigarette","8":"product_cat-liquids-ohne-sucralose","9":"product_cat-my-eliquid-liquids","10":"product_tag-brombeere","11":"product_tag-e-liquid","12":"product_tag-eliquid","13":"product_tag-frucht","14":"product_tag-nachfuellfluessigkeit","15":"product_shipping_class-standard","17":"first","18":"instock","19":"taxable","20":"shipping-taxable","21":"purchasable","22":"product-type-variable"},"acf":[],"_links":{"self":[{"href":"https:\/\/my-eliquid.de\/ro\/wp-json\/wp\/v2\/product\/303237","targetHints":{"allow":["GET"]}}],"collection":[{"href":"https:\/\/my-eliquid.de\/ro\/wp-json\/wp\/v2\/product"}],"about":[{"href":"https:\/\/my-eliquid.de\/ro\/wp-json\/wp\/v2\/types\/product"}],"replies":[{"embeddable":true,"href":"https:\/\/my-eliquid.de\/ro\/wp-json\/wp\/v2\/comments?post=303237"}],"wp:featuredmedia":[{"embeddable":true,"href":"https:\/\/my-eliquid.de\/ro\/wp-json\/wp\/v2\/media\/319823"}],"wp:attachment":[{"href":"https:\/\/my-eliquid.de\/ro\/wp-json\/wp\/v2\/media?parent=303237"}],"wp:term":[{"taxonomy":"product_brand","embeddable":true,"href":"https:\/\/my-eliquid.de\/ro\/wp-json\/wp\/v2\/product_brand?post=303237"},{"taxonomy":"product_cat","embeddable":true,"href":"https:\/\/my-eliquid.de\/ro\/wp-json\/wp\/v2\/product_cat?post=303237"},{"taxonomy":"product_tag","embeddable":true,"href":"https:\/\/my-eliquid.de\/ro\/wp-json\/wp\/v2\/product_tag?post=303237"}],"curies":[{"name":"wp","href":"https:\/\/api.w.org\/{rel}","templated":true}]}}