{"id":303245,"date":"2013-10-17T00:00:00","date_gmt":"2013-10-16T22:00:00","guid":{"rendered":"https:\/\/my-eliquid.de\/shop\/pfirisch-maracuja-liquid\/"},"modified":"2025-12-01T08:27:24","modified_gmt":"2025-12-01T07:27:24","slug":"pfirisch-maracuja-liquid","status":"publish","type":"product","link":"https:\/\/my-eliquid.de\/ro\/shop\/pfirisch-maracuja-liquid\/","title":{"rendered":"Lichid de piersici-fructe pasionale"},"content":{"rendered":"<p>noastre <strong>Lichid de piersici-fructe pasionale<\/strong> kombiniert die Aromen von saftigem Pfirsich und vollmundiger Passionsfrucht und stammt aus der Linie der <strong>Lichide din fructe<\/strong>. Fruchtige Exotik im Doppelpack: saftig, s\u00fc\u00df und frisch! All unsere Fl\u00fcssigkeiten werden bei uns vor Ort produziert und entsprechen h\u00f6chsten Sicherheitsstandards. Das <strong>Lichid de piersici-fructe pasionale<\/strong> este f\u0103r\u0103 nicotin\u0103 \u0219i este disponibil \u00een diferite <strong>Concentra\u021bii de nicotin\u0103<\/strong> disponibile. Pentru o dezvoltare de lung\u0103 durat\u0103 a aromei, v\u0103 recomand\u0103m s\u0103 utiliza\u021bi <strong>e-Liquid<\/strong> A se p\u0103stra departe de lumin\u0103 \u0219i \u00eentr-un loc uscat.<\/p>","protected":false},"excerpt":{"rendered":"<p>Echipa de vis proasp\u0103t\u0103 \u0219i fructat\u0103 a <strong>Piersici \u0219i fructul pasiunii<\/strong> aduce flerul exotic direct la tine: noastre <strong>Lichid de piersici-fructe pasionale<\/strong> - pl\u0103cere dubl\u0103!<\/p>","protected":false},"featured_media":319845,"comment_status":"open","ping_status":"closed","template":"","meta":{"_acf_changed":false,"_relevanssi_hide_post":"","_relevanssi_hide_content":"","_relevanssi_pin_for_all":"","_relevanssi_pin_keywords":"","_relevanssi_unpin_keywords":"","_relevanssi_related_keywords":"","_relevanssi_related_include_ids":"","_relevanssi_related_exclude_ids":"","_relevanssi_related_no_append":"","_relevanssi_related_not_related":"","_relevanssi_related_posts":"","_relevanssi_noindex_reason":""},"product_brand":[],"product_cat":[4731,4690,4689,4880,4842],"product_tag":[4919,4915,5166,4917,4914,4918,6830,6831,6833,5204,5004,5205,6835,6832,4993,4920,6834],"class_list":{"0":"post-303245","1":"product","2":"type-product","3":"status-publish","4":"has-post-thumbnail","6":"product_cat-alle-liquids-fur-e-zigaretten","7":"product_cat-frucht-liquids-e-zigarette","8":"product_cat-eliquids","9":"product_cat-liquids-ohne-sucralose","10":"product_cat-my-eliquid-liquids","11":"product_tag-dampfer","12":"product_tag-e-liquid","13":"product_tag-e-zigarette","14":"product_tag-e-zigi","15":"product_tag-eliquid","16":"product_tag-ezigarette","17":"product_tag-gelbe","18":"product_tag-granadilla","19":"product_tag-maracuja","20":"product_tag-maracuya","21":"product_tag-nachfuellfluessigkeit","22":"product_tag-parchita","23":"product_tag-passionfruit","24":"product_tag-passionsfrucht","25":"product_tag-pfirsich","26":"product_tag-verdampfer","27":"product_tag-yellow","28":"product_shipping_class-standard","30":"first","31":"instock","32":"taxable","33":"shipping-taxable","34":"purchasable","35":"product-type-variable"},"acf":[],"_links":{"self":[{"href":"https:\/\/my-eliquid.de\/ro\/wp-json\/wp\/v2\/product\/303245","targetHints":{"allow":["GET"]}}],"collection":[{"href":"https:\/\/my-eliquid.de\/ro\/wp-json\/wp\/v2\/product"}],"about":[{"href":"https:\/\/my-eliquid.de\/ro\/wp-json\/wp\/v2\/types\/product"}],"replies":[{"embeddable":true,"href":"https:\/\/my-eliquid.de\/ro\/wp-json\/wp\/v2\/comments?post=303245"}],"wp:featuredmedia":[{"embeddable":true,"href":"https:\/\/my-eliquid.de\/ro\/wp-json\/wp\/v2\/media\/319845"}],"wp:attachment":[{"href":"https:\/\/my-eliquid.de\/ro\/wp-json\/wp\/v2\/media?parent=303245"}],"wp:term":[{"taxonomy":"product_brand","embeddable":true,"href":"https:\/\/my-eliquid.de\/ro\/wp-json\/wp\/v2\/product_brand?post=303245"},{"taxonomy":"product_cat","embeddable":true,"href":"https:\/\/my-eliquid.de\/ro\/wp-json\/wp\/v2\/product_cat?post=303245"},{"taxonomy":"product_tag","embeddable":true,"href":"https:\/\/my-eliquid.de\/ro\/wp-json\/wp\/v2\/product_tag?post=303245"}],"curies":[{"name":"wp","href":"https:\/\/api.w.org\/{rel}","templated":true}]}}