{"id":303253,"date":"2017-09-05T00:00:00","date_gmt":"2017-09-04T22:00:00","guid":{"rendered":"https:\/\/my-eliquid.de\/shop\/kiba-liquid\/"},"modified":"2026-04-13T09:24:31","modified_gmt":"2026-04-13T07:24:31","slug":"kiba-liquid","status":"publish","type":"product","link":"https:\/\/my-eliquid.de\/ro\/shop\/kiba-liquid\/","title":{"rendered":"Lichid Kiba"},"content":{"rendered":"<p>noastre <strong>Lichid Kiba<\/strong> cu popularul s\u0103u <strong>Arom\u0103 de fructe<\/strong> provine din linia de <strong>Lichide din fructe<\/strong>. Combina\u021bia de cire\u0219e \u0219i banane duce la o experien\u021b\u0103 de vaporizare fructat\u0103 care va \u00eenc\u00e2nta pe toat\u0103 lumea. Toate lichidele noastre sunt produse la fa\u021ba locului \u0219i \u00eendeplinesc cele mai \u00eenalte standarde de siguran\u021b\u0103. Cele <strong>Lichid Kiba<\/strong> este f\u0103r\u0103 nicotin\u0103 \u0219i este disponibil \u00een diferite concentra\u021bii de nicotin\u0103. Pentru o dezvoltare de lung\u0103 durat\u0103 a aromei, v\u0103 recomand\u0103m s\u0103 utiliza\u021bi <strong>e-Liquid<\/strong> A se p\u0103stra departe de lumin\u0103 \u0219i \u00eentr-un loc uscat.<\/p>","protected":false},"excerpt":{"rendered":"<p>C\u00e2nd cire\u0219ele \u0219i bananele se \u00eent\u00e2lnesc, rezultatul este o arom\u0103 universal popular\u0103 pe care o folosim \u00een dulcea\u021ba noastr\u0103 r\u0103coritoare <strong>Lichid Kiba<\/strong> au capturat pentru tine.<\/p>","protected":false},"featured_media":319886,"comment_status":"open","ping_status":"closed","template":"","meta":{"_acf_changed":false,"_relevanssi_hide_post":"","_relevanssi_hide_content":"","_relevanssi_pin_for_all":"","_relevanssi_pin_keywords":"","_relevanssi_unpin_keywords":"","_relevanssi_related_keywords":"","_relevanssi_related_include_ids":"","_relevanssi_related_exclude_ids":"","_relevanssi_related_no_append":"","_relevanssi_related_not_related":"","_relevanssi_related_posts":"","_relevanssi_noindex_reason":""},"product_brand":[],"product_cat":[4731,4690,4689,4842],"product_tag":[7182,5805],"class_list":{"0":"post-303253","1":"product","2":"type-product","3":"status-publish","4":"has-post-thumbnail","6":"product_cat-alle-liquids-fur-e-zigaretten","7":"product_cat-frucht-liquids-e-zigarette","8":"product_cat-eliquids","9":"product_cat-my-eliquid-liquids","10":"product_tag-kiba","11":"product_tag-liquid","12":"product_shipping_class-standard","14":"first","15":"instock","16":"taxable","17":"shipping-taxable","18":"purchasable","19":"product-type-variable"},"acf":[],"_links":{"self":[{"href":"https:\/\/my-eliquid.de\/ro\/wp-json\/wp\/v2\/product\/303253","targetHints":{"allow":["GET"]}}],"collection":[{"href":"https:\/\/my-eliquid.de\/ro\/wp-json\/wp\/v2\/product"}],"about":[{"href":"https:\/\/my-eliquid.de\/ro\/wp-json\/wp\/v2\/types\/product"}],"replies":[{"embeddable":true,"href":"https:\/\/my-eliquid.de\/ro\/wp-json\/wp\/v2\/comments?post=303253"}],"wp:featuredmedia":[{"embeddable":true,"href":"https:\/\/my-eliquid.de\/ro\/wp-json\/wp\/v2\/media\/319886"}],"wp:attachment":[{"href":"https:\/\/my-eliquid.de\/ro\/wp-json\/wp\/v2\/media?parent=303253"}],"wp:term":[{"taxonomy":"product_brand","embeddable":true,"href":"https:\/\/my-eliquid.de\/ro\/wp-json\/wp\/v2\/product_brand?post=303253"},{"taxonomy":"product_cat","embeddable":true,"href":"https:\/\/my-eliquid.de\/ro\/wp-json\/wp\/v2\/product_cat?post=303253"},{"taxonomy":"product_tag","embeddable":true,"href":"https:\/\/my-eliquid.de\/ro\/wp-json\/wp\/v2\/product_tag?post=303253"}],"curies":[{"name":"wp","href":"https:\/\/api.w.org\/{rel}","templated":true}]}}