{"id":303270,"date":"2011-10-26T00:00:00","date_gmt":"2011-10-25T22:00:00","guid":{"rendered":"https:\/\/my-eliquid.de\/shop\/desert-ship-tabak-liquid\/"},"modified":"2026-04-13T09:24:30","modified_gmt":"2026-04-13T07:24:30","slug":"desert-ship-tabak-liquid","status":"publish","type":"product","link":"https:\/\/my-eliquid.de\/ro\/shop\/desert-ship-tabak-liquid\/","title":{"rendered":"Desert Ship Liquid"},"content":{"rendered":"<p>noastre <strong>Desert Ship Liquid<\/strong> schmeckt nach mild-trockenem <strong>Tutun<\/strong> \u0219i provine din linia de <strong>Lichide de tutun<\/strong>. Feinster <strong>Arom\u0103 de tutun<\/strong>, der nach der aromatischen Frische der edelsten Plantagen schmeckt! All unsere <strong>Lichide<\/strong> sunt produse la fa\u021ba locului \u0219i \u00eendeplinesc cele mai \u00eenalte standarde de siguran\u021b\u0103. Cele <strong>Desert Ship Liquid<\/strong> este <strong>f\u0103r\u0103 nicotin\u0103<\/strong> \u0219i \u00een diferite <strong>Concentra\u021bii de nicotin\u0103<\/strong> disponibile. Pentru o dezvoltare de lung\u0103 durat\u0103 a aromei, v\u0103 recomand\u0103m s\u0103 utiliza\u021bi <strong>e-Liquid<\/strong> A se p\u0103stra departe de lumin\u0103 \u0219i \u00eentr-un loc uscat.<\/p>","protected":false},"excerpt":{"rendered":"<p>Bl\u00e2nde\u021bea delicioas\u0103 \u00eent\u00e2lne\u0219te usc\u0103ciunea <strong>Arom\u0103 de tutun<\/strong>noastre <strong>Desert Ship Liquid<\/strong> captiveaz\u0103 cu aroma sa irezistibil\u0103 a celor mai bune fructe, coapte la soare <strong>Tutun<\/strong>!<\/p>","protected":false},"featured_media":319154,"comment_status":"open","ping_status":"closed","template":"","meta":{"_acf_changed":false,"_relevanssi_hide_post":"","_relevanssi_hide_content":"","_relevanssi_pin_for_all":"","_relevanssi_pin_keywords":"","_relevanssi_unpin_keywords":"","_relevanssi_related_keywords":"","_relevanssi_related_include_ids":"","_relevanssi_related_exclude_ids":"","_relevanssi_related_no_append":"","_relevanssi_related_not_related":"","_relevanssi_related_posts":"","_relevanssi_noindex_reason":""},"product_brand":[],"product_cat":[4731,4880,4842,4691],"product_tag":[4919,6772,4915,5166,4917,4914,4918,4956,4925,5004,6773,4920],"class_list":{"0":"post-303270","1":"product","2":"type-product","3":"status-publish","4":"has-post-thumbnail","6":"product_cat-alle-liquids-fur-e-zigaretten","7":"product_cat-liquids-ohne-sucralose","8":"product_cat-my-eliquid-liquids","9":"product_cat-tabak-liquids-e-zigarette","10":"product_tag-dampfer","11":"product_tag-desert","12":"product_tag-e-liquid","13":"product_tag-e-zigarette","14":"product_tag-e-zigi","15":"product_tag-eliquid","16":"product_tag-ezigarette","17":"product_tag-menthol","18":"product_tag-minze","19":"product_tag-nachfuellfluessigkeit","20":"product_tag-ship","21":"product_tag-verdampfer","22":"product_shipping_class-standard","24":"first","25":"instock","26":"taxable","27":"shipping-taxable","28":"purchasable","29":"product-type-variable"},"acf":[],"_links":{"self":[{"href":"https:\/\/my-eliquid.de\/ro\/wp-json\/wp\/v2\/product\/303270","targetHints":{"allow":["GET"]}}],"collection":[{"href":"https:\/\/my-eliquid.de\/ro\/wp-json\/wp\/v2\/product"}],"about":[{"href":"https:\/\/my-eliquid.de\/ro\/wp-json\/wp\/v2\/types\/product"}],"replies":[{"embeddable":true,"href":"https:\/\/my-eliquid.de\/ro\/wp-json\/wp\/v2\/comments?post=303270"}],"wp:featuredmedia":[{"embeddable":true,"href":"https:\/\/my-eliquid.de\/ro\/wp-json\/wp\/v2\/media\/319154"}],"wp:attachment":[{"href":"https:\/\/my-eliquid.de\/ro\/wp-json\/wp\/v2\/media?parent=303270"}],"wp:term":[{"taxonomy":"product_brand","embeddable":true,"href":"https:\/\/my-eliquid.de\/ro\/wp-json\/wp\/v2\/product_brand?post=303270"},{"taxonomy":"product_cat","embeddable":true,"href":"https:\/\/my-eliquid.de\/ro\/wp-json\/wp\/v2\/product_cat?post=303270"},{"taxonomy":"product_tag","embeddable":true,"href":"https:\/\/my-eliquid.de\/ro\/wp-json\/wp\/v2\/product_tag?post=303270"}],"curies":[{"name":"wp","href":"https:\/\/api.w.org\/{rel}","templated":true}]}}