{"id":303272,"date":"2011-12-23T00:00:00","date_gmt":"2011-12-22T23:00:00","guid":{"rendered":"https:\/\/my-eliquid.de\/shop\/kokosnuss-liquid\/"},"modified":"2025-11-25T13:50:50","modified_gmt":"2025-11-25T12:50:50","slug":"kokosnuss-liquid","status":"publish","type":"product","link":"https:\/\/my-eliquid.de\/ro\/shop\/kokosnuss-liquid\/","title":{"rendered":"Lichid de nuc\u0103 de cocos"},"content":{"rendered":"<p>noastre <strong>Lichid de nuc\u0103 de cocos<\/strong> schmeckt nach s\u00fc\u00df-s\u00e4uerlicher und garantiert k\u00f6stlicher Kokosnuss und stammt aus der Linie der <strong>Lichide din fructe<\/strong>. Urlaub f\u00fcr die Geschmacksknospen mit dem leckeren <strong>Geschmack von Kokosnuss<\/strong>! All unsere Fl\u00fcssigkeiten werden bei uns vor Ort produziert und entsprechen h\u00f6chsten Sicherheitsstandards. Das <strong>Lichid de nuc\u0103 de cocos<\/strong> este f\u0103r\u0103 nicotin\u0103 \u0219i este disponibil \u00een diferite <strong>Concentra\u021bii de nicotin\u0103<\/strong> disponibile. Pentru o dezvoltare de lung\u0103 durat\u0103 a aromei, v\u0103 recomand\u0103m s\u0103 utiliza\u021bi <strong>e-Liquid<\/strong> A se p\u0103stra departe de lumin\u0103 \u0219i \u00eentr-un loc uscat.<\/p>","protected":false},"excerpt":{"rendered":"<p>noastre <strong>Lichid de nuc\u0103 de cocos<\/strong> v\u0103 \u00eenc\u00e2nt\u0103 sim\u021burile \u2013 datorit\u0103 aromelor sale dulci \u0219i inconfundabil tropicale <strong>Arome<\/strong> de la <strong>Nuc\u0103 de cocos<\/strong> \u2013 \u00eentr-o c\u0103l\u0103torie lung\u0103 c\u0103tre o plaj\u0103 \u00eensorit\u0103!<\/p>","protected":false},"featured_media":319164,"comment_status":"open","ping_status":"closed","template":"","meta":{"_acf_changed":false,"_relevanssi_hide_post":"","_relevanssi_hide_content":"","_relevanssi_pin_for_all":"","_relevanssi_pin_keywords":"","_relevanssi_unpin_keywords":"","_relevanssi_related_keywords":"","_relevanssi_related_include_ids":"","_relevanssi_related_exclude_ids":"","_relevanssi_related_no_append":"","_relevanssi_related_not_related":"","_relevanssi_related_posts":"","_relevanssi_noindex_reason":""},"product_brand":[],"product_cat":[4731,4690,4880,4842],"product_tag":[5020,4919,4915,5166,4917,4914,4918,5019,5004,4920],"class_list":{"0":"post-303272","1":"product","2":"type-product","3":"status-publish","4":"has-post-thumbnail","6":"product_cat-alle-liquids-fur-e-zigaretten","7":"product_cat-frucht-liquids-e-zigarette","8":"product_cat-liquids-ohne-sucralose","9":"product_cat-my-eliquid-liquids","10":"product_tag-coconut","11":"product_tag-dampfer","12":"product_tag-e-liquid","13":"product_tag-e-zigarette","14":"product_tag-e-zigi","15":"product_tag-eliquid","16":"product_tag-ezigarette","17":"product_tag-kokosnuss","18":"product_tag-nachfuellfluessigkeit","19":"product_tag-verdampfer","20":"product_shipping_class-standard","22":"first","23":"instock","24":"taxable","25":"shipping-taxable","26":"purchasable","27":"product-type-variable"},"acf":[],"_links":{"self":[{"href":"https:\/\/my-eliquid.de\/ro\/wp-json\/wp\/v2\/product\/303272","targetHints":{"allow":["GET"]}}],"collection":[{"href":"https:\/\/my-eliquid.de\/ro\/wp-json\/wp\/v2\/product"}],"about":[{"href":"https:\/\/my-eliquid.de\/ro\/wp-json\/wp\/v2\/types\/product"}],"replies":[{"embeddable":true,"href":"https:\/\/my-eliquid.de\/ro\/wp-json\/wp\/v2\/comments?post=303272"}],"wp:featuredmedia":[{"embeddable":true,"href":"https:\/\/my-eliquid.de\/ro\/wp-json\/wp\/v2\/media\/319164"}],"wp:attachment":[{"href":"https:\/\/my-eliquid.de\/ro\/wp-json\/wp\/v2\/media?parent=303272"}],"wp:term":[{"taxonomy":"product_brand","embeddable":true,"href":"https:\/\/my-eliquid.de\/ro\/wp-json\/wp\/v2\/product_brand?post=303272"},{"taxonomy":"product_cat","embeddable":true,"href":"https:\/\/my-eliquid.de\/ro\/wp-json\/wp\/v2\/product_cat?post=303272"},{"taxonomy":"product_tag","embeddable":true,"href":"https:\/\/my-eliquid.de\/ro\/wp-json\/wp\/v2\/product_tag?post=303272"}],"curies":[{"name":"wp","href":"https:\/\/api.w.org\/{rel}","templated":true}]}}