{"id":303279,"date":"2012-02-12T00:00:00","date_gmt":"2012-02-11T23:00:00","guid":{"rendered":"https:\/\/my-eliquid.de\/shop\/eisbonbon-blaubeere-liquid\/"},"modified":"2025-11-25T13:48:36","modified_gmt":"2025-11-25T12:48:36","slug":"eisbonbon-blaubeere-liquid","status":"publish","type":"product","link":"https:\/\/my-eliquid.de\/ro\/shop\/eisbonbon-blaubeere-liquid\/","title":{"rendered":"Bomboane de ghea\u021b\u0103 lichid de afine"},"content":{"rendered":"<p>Cel pe care l-a\u021bi ales <strong>Baz\u0103 pentru lichide<\/strong> este proasp\u0103t aromat imediat \u00eenainte de \u00eembuteliere (<strong>Afine \/ bomboane de ghea\u021b\u0103<\/strong>) \u0219i predate pentru expediere c\u00e2t mai cur\u00e2nd posibil.<br \/>\nAcesta este modul \u00een care garant\u0103m un efect mai lung al <strong>arome proaspete<\/strong> \u0219i <strong>r\u0103cire<\/strong> arom\u0103 la <strong>abur<\/strong> lichidul nostru de re\u00eenc\u0103rcare de \u00eenalt\u0103 calitate (<strong>Lichide<\/strong>) \u00een <strong>E \u021bigar\u0103<\/strong> sau vaporizatorul dumneavoastr\u0103.<\/p>\n<p>The <strong>rece \u0219i r\u0103coritor<\/strong> arom\u0103 eLiquid cu <strong>u\u0219oar\u0103 not\u0103 fructat\u0103 de afine<\/strong> \u0219i arome de bomboane de ghea\u021b\u0103 sunt disponibile la noi. <strong>de asemenea, f\u0103r\u0103 nicotin\u0103<\/strong> cump\u0103ra\u021bi.<\/p>\n<div class=\"edit_box\"><span class=\"dpf_sent\">Aditivi: Triacetin\u0103 E1518<\/span><\/div>\n<div class=\"edit_box\"><span class=\"dpf_sent\"><strong>Nu este potrivit pentru rezervoarele Makrolon.<\/strong><\/span><\/div>","protected":false},"excerpt":{"rendered":"<p>Un vis pentru toat\u0103 lumea <strong>Fanii Berry<\/strong> de \u021big\u0103ri electronice. <strong>Bomboane de ghea\u021b\u0103 Lichide de afine<\/strong> s\u0103 se c\u0103s\u0103toreasc\u0103 cu <strong>Arom\u0103 dulce de fructe<\/strong> cu un <strong>Lovitur\u0103 de prospe\u021bime<\/strong> la un nou <strong>Pl\u0103cerea de a fuma.<\/strong><\/p>","protected":false},"featured_media":319186,"comment_status":"open","ping_status":"closed","template":"","meta":{"_acf_changed":false,"_relevanssi_hide_post":"","_relevanssi_hide_content":"","_relevanssi_pin_for_all":"","_relevanssi_pin_keywords":"","_relevanssi_unpin_keywords":"","_relevanssi_related_keywords":"","_relevanssi_related_include_ids":"","_relevanssi_related_exclude_ids":"","_relevanssi_related_no_append":"","_relevanssi_related_not_related":"","_relevanssi_related_posts":"","_relevanssi_noindex_reason":""},"product_brand":[],"product_cat":[4731,4709,4689,4880,4842],"product_tag":[5077,4919,4915,5166,4917,5074,4914,4918,5078,5004,4920],"class_list":{"0":"post-303279","1":"product","2":"type-product","3":"status-publish","4":"has-post-thumbnail","6":"product_cat-alle-liquids-fur-e-zigaretten","7":"product_cat-eisbonbon-liquids-e-zigarette","8":"product_cat-eliquids","9":"product_cat-liquids-ohne-sucralose","10":"product_cat-my-eliquid-liquids","11":"product_tag-blaubeere","12":"product_tag-dampfer","13":"product_tag-e-liquid","14":"product_tag-e-zigarette","15":"product_tag-e-zigi","16":"product_tag-eisbonbon","17":"product_tag-eliquid","18":"product_tag-ezigarette","19":"product_tag-heidelbeere","20":"product_tag-nachfuellfluessigkeit","21":"product_tag-verdampfer","22":"product_shipping_class-standard","24":"first","25":"outofstock","26":"taxable","27":"shipping-taxable","28":"purchasable","29":"product-type-variable"},"acf":[],"_links":{"self":[{"href":"https:\/\/my-eliquid.de\/ro\/wp-json\/wp\/v2\/product\/303279","targetHints":{"allow":["GET"]}}],"collection":[{"href":"https:\/\/my-eliquid.de\/ro\/wp-json\/wp\/v2\/product"}],"about":[{"href":"https:\/\/my-eliquid.de\/ro\/wp-json\/wp\/v2\/types\/product"}],"replies":[{"embeddable":true,"href":"https:\/\/my-eliquid.de\/ro\/wp-json\/wp\/v2\/comments?post=303279"}],"wp:featuredmedia":[{"embeddable":true,"href":"https:\/\/my-eliquid.de\/ro\/wp-json\/wp\/v2\/media\/319186"}],"wp:attachment":[{"href":"https:\/\/my-eliquid.de\/ro\/wp-json\/wp\/v2\/media?parent=303279"}],"wp:term":[{"taxonomy":"product_brand","embeddable":true,"href":"https:\/\/my-eliquid.de\/ro\/wp-json\/wp\/v2\/product_brand?post=303279"},{"taxonomy":"product_cat","embeddable":true,"href":"https:\/\/my-eliquid.de\/ro\/wp-json\/wp\/v2\/product_cat?post=303279"},{"taxonomy":"product_tag","embeddable":true,"href":"https:\/\/my-eliquid.de\/ro\/wp-json\/wp\/v2\/product_tag?post=303279"}],"curies":[{"name":"wp","href":"https:\/\/api.w.org\/{rel}","templated":true}]}}