{"id":303282,"date":"2013-10-17T00:00:00","date_gmt":"2013-10-16T22:00:00","guid":{"rendered":"https:\/\/my-eliquid.de\/shop\/himbeere2-liquid\/"},"modified":"2025-11-25T13:53:12","modified_gmt":"2025-11-25T12:53:12","slug":"himbeere2-liquid","status":"publish","type":"product","link":"https:\/\/my-eliquid.de\/ro\/shop\/himbeere2-liquid\/","title":{"rendered":"Sweet Raspberry (Zmeur\u0103 2) Lichid"},"content":{"rendered":"<p>noastre <strong>Lichid Sweet Raspberry<\/strong> und sein aromatisch-frischer <strong>Himbeer-Geschmack<\/strong> stammen aus der Linie der Fr\u00fcchte Liquids.<\/p>\n<p>Intensiver Beerenspa\u00df dank der leckeren, roten <strong>Zmeur\u0103<\/strong>.<\/p>\n<p>Toate lichidele noastre sunt produse la fa\u021ba locului \u0219i \u00eendeplinesc cele mai \u00eenalte standarde de siguran\u021b\u0103.<\/p>\n<p>The\u00a0<strong style=\"line-height: 19px;\">Lichid Sweet Raspberry<\/strong>\u00a0este f\u0103r\u0103 nicotin\u0103 \u0219i este disponibil \u00een diferite <strong>Concentra\u021bii de nicotin\u0103<\/strong> disponibile.<\/p>\n<p>Pentru o dezvoltare de lung\u0103 durat\u0103 a aromei, v\u0103 recomand\u0103m s\u0103 utiliza\u021bi <strong>e-Liquid<\/strong> A se p\u0103stra departe de lumin\u0103 \u0219i \u00eentr-un loc uscat.<\/p>","protected":false},"excerpt":{"rendered":"<p>Pl\u0103cerea aromat\u0103 a fructelor de p\u0103dure, ca \u0219i cum ar fi proasp\u0103t culese din tufi\u0219: produsul nostru\u00a0<strong style=\"line-height: 19px\">Lichid Sweet Raspberry\u00a0<\/strong>\u0219i gustul s\u0103u delicios \u0219i fructat <strong>Arom\u0103 de zmeur\u0103<\/strong> asigur\u0103 o experien\u021b\u0103 autentic\u0103 a fructelor!<\/p>","protected":false},"featured_media":319200,"comment_status":"open","ping_status":"closed","template":"","meta":{"_acf_changed":false,"_relevanssi_hide_post":"","_relevanssi_hide_content":"","_relevanssi_pin_for_all":"","_relevanssi_pin_keywords":"","_relevanssi_unpin_keywords":"","_relevanssi_related_keywords":"","_relevanssi_related_include_ids":"","_relevanssi_related_exclude_ids":"","_relevanssi_related_no_append":"","_relevanssi_related_not_related":"","_relevanssi_related_posts":"","_relevanssi_noindex_reason":""},"product_brand":[],"product_cat":[4731,4690,4689,4880,4842],"product_tag":[4919,4915,5166,4917,4914,4918,5095,5004,5096,4920],"class_list":{"0":"post-303282","1":"product","2":"type-product","3":"status-publish","4":"has-post-thumbnail","6":"product_cat-alle-liquids-fur-e-zigaretten","7":"product_cat-frucht-liquids-e-zigarette","8":"product_cat-eliquids","9":"product_cat-liquids-ohne-sucralose","10":"product_cat-my-eliquid-liquids","11":"product_tag-dampfer","12":"product_tag-e-liquid","13":"product_tag-e-zigarette","14":"product_tag-e-zigi","15":"product_tag-eliquid","16":"product_tag-ezigarette","17":"product_tag-himbeere","18":"product_tag-nachfuellfluessigkeit","19":"product_tag-raspberry","20":"product_tag-verdampfer","21":"product_shipping_class-standard","23":"first","24":"outofstock","25":"taxable","26":"shipping-taxable","27":"purchasable","28":"product-type-variable"},"acf":[],"_links":{"self":[{"href":"https:\/\/my-eliquid.de\/ro\/wp-json\/wp\/v2\/product\/303282","targetHints":{"allow":["GET"]}}],"collection":[{"href":"https:\/\/my-eliquid.de\/ro\/wp-json\/wp\/v2\/product"}],"about":[{"href":"https:\/\/my-eliquid.de\/ro\/wp-json\/wp\/v2\/types\/product"}],"replies":[{"embeddable":true,"href":"https:\/\/my-eliquid.de\/ro\/wp-json\/wp\/v2\/comments?post=303282"}],"wp:featuredmedia":[{"embeddable":true,"href":"https:\/\/my-eliquid.de\/ro\/wp-json\/wp\/v2\/media\/319200"}],"wp:attachment":[{"href":"https:\/\/my-eliquid.de\/ro\/wp-json\/wp\/v2\/media?parent=303282"}],"wp:term":[{"taxonomy":"product_brand","embeddable":true,"href":"https:\/\/my-eliquid.de\/ro\/wp-json\/wp\/v2\/product_brand?post=303282"},{"taxonomy":"product_cat","embeddable":true,"href":"https:\/\/my-eliquid.de\/ro\/wp-json\/wp\/v2\/product_cat?post=303282"},{"taxonomy":"product_tag","embeddable":true,"href":"https:\/\/my-eliquid.de\/ro\/wp-json\/wp\/v2\/product_tag?post=303282"}],"curies":[{"name":"wp","href":"https:\/\/api.w.org\/{rel}","templated":true}]}}