{"id":303284,"date":"2013-12-31T00:00:00","date_gmt":"2013-12-30T23:00:00","guid":{"rendered":"https:\/\/my-eliquid.de\/shop\/my-tide-pure-liquid\/"},"modified":"2026-03-16T09:37:52","modified_gmt":"2026-03-16T08:37:52","slug":"my-tide-pure-liquid","status":"publish","type":"product","link":"https:\/\/my-eliquid.de\/ro\/shop\/my-tide-pure-liquid\/","title":{"rendered":"my-tide lichid pur"},"content":{"rendered":"<p>noastre <strong>My-Tide Pure Liquid<\/strong> besticht mit seinem unverf\u00e4lscht fruchtigen <strong>rosa Rollkaugummigeschmack<\/strong> \u0219i provine din linia de <strong>Lichide cu mentol<\/strong>. Purer Bubblegum Genuss wie er sein muss <strong>ohne Menthol<\/strong>! All unsere Fl\u00fcssigkeiten werden bei uns vor Ort produziert und entsprechen h\u00f6chsten Sicherheitsstandards. Das <strong>My-Tide Pure Liquid<\/strong> este f\u0103r\u0103 nicotin\u0103 \u0219i este disponibil \u00een diferite <strong>Concentra\u021bii de nicotin\u0103<\/strong> disponibile. Pentru o dezvoltare de lung\u0103 durat\u0103 a aromei, v\u0103 recomand\u0103m s\u0103 utiliza\u021bi <strong>e-Liquid<\/strong> A se p\u0103stra departe de lumin\u0103 \u0219i \u00eentr-un loc uscat.<\/p>","protected":false},"excerpt":{"rendered":"<p>Gum\u0103 de mestecat roz 100% Arom\u0103: fructat\u0103, delicioas\u0103, pur\u0103! Aroma noastr\u0103 <strong>My-Tide Pure Liquid<\/strong> convinge prin autenticitatea sa <strong>Arom\u0103 de gum\u0103 de mestecat<\/strong> pe toat\u0103 linia.<\/p>","protected":false},"featured_media":319202,"comment_status":"open","ping_status":"closed","template":"","meta":{"_acf_changed":false,"_relevanssi_hide_post":"","_relevanssi_hide_content":"","_relevanssi_pin_for_all":"","_relevanssi_pin_keywords":"","_relevanssi_unpin_keywords":"","_relevanssi_related_keywords":"","_relevanssi_related_include_ids":"","_relevanssi_related_exclude_ids":"","_relevanssi_related_no_append":"","_relevanssi_related_not_related":"","_relevanssi_related_posts":"","_relevanssi_noindex_reason":""},"product_brand":[],"product_cat":[4731,4690,4689,4880,4694,4842,4693],"product_tag":[6716,5411,4942,6712,5805,5792,4956,6836,6837,5226],"class_list":{"0":"post-303284","1":"product","2":"type-product","3":"status-publish","4":"has-post-thumbnail","6":"product_cat-alle-liquids-fur-e-zigaretten","7":"product_cat-frucht-liquids-e-zigarette","8":"product_cat-eliquids","9":"product_cat-liquids-ohne-sucralose","10":"product_cat-menthol-liquids-e-zigarette","11":"product_cat-my-eliquid-liquids","12":"product_cat-special-liquids-e-zigarette","13":"product_tag-alle","14":"product_tag-e-zigaretten","15":"product_tag-frucht","16":"product_tag-fuer","17":"product_tag-liquid","18":"product_tag-liquids","19":"product_tag-menthol","20":"product_tag-my-tide","21":"product_tag-pure","22":"product_tag-special","23":"product_shipping_class-standard","25":"first","26":"instock","27":"taxable","28":"shipping-taxable","29":"purchasable","30":"product-type-variable"},"acf":[],"_links":{"self":[{"href":"https:\/\/my-eliquid.de\/ro\/wp-json\/wp\/v2\/product\/303284","targetHints":{"allow":["GET"]}}],"collection":[{"href":"https:\/\/my-eliquid.de\/ro\/wp-json\/wp\/v2\/product"}],"about":[{"href":"https:\/\/my-eliquid.de\/ro\/wp-json\/wp\/v2\/types\/product"}],"replies":[{"embeddable":true,"href":"https:\/\/my-eliquid.de\/ro\/wp-json\/wp\/v2\/comments?post=303284"}],"wp:featuredmedia":[{"embeddable":true,"href":"https:\/\/my-eliquid.de\/ro\/wp-json\/wp\/v2\/media\/319202"}],"wp:attachment":[{"href":"https:\/\/my-eliquid.de\/ro\/wp-json\/wp\/v2\/media?parent=303284"}],"wp:term":[{"taxonomy":"product_brand","embeddable":true,"href":"https:\/\/my-eliquid.de\/ro\/wp-json\/wp\/v2\/product_brand?post=303284"},{"taxonomy":"product_cat","embeddable":true,"href":"https:\/\/my-eliquid.de\/ro\/wp-json\/wp\/v2\/product_cat?post=303284"},{"taxonomy":"product_tag","embeddable":true,"href":"https:\/\/my-eliquid.de\/ro\/wp-json\/wp\/v2\/product_tag?post=303284"}],"curies":[{"name":"wp","href":"https:\/\/api.w.org\/{rel}","templated":true}]}}