{"id":303285,"date":"2015-09-17T00:00:00","date_gmt":"2015-09-16T22:00:00","guid":{"rendered":"https:\/\/my-eliquid.de\/shop\/lebkuchen-liquid\/"},"modified":"2025-11-25T13:50:53","modified_gmt":"2025-11-25T12:50:53","slug":"lebkuchen-liquid","status":"publish","type":"product","link":"https:\/\/my-eliquid.de\/ro\/shop\/lebkuchen-liquid\/","title":{"rendered":"Gingerbread lichid"},"content":{"rendered":"<p>noastre <strong>Gingerbread lichid<\/strong> captiveaz\u0103 cu gustul s\u0103u acru, picant <strong>Arom\u0103 de turt\u0103 dulce<\/strong> \u0219i provine din linia de <strong>Lichide dulci<\/strong>. Un deliciu de Cr\u0103ciun - indiferent de perioada anului! Toate lichidele noastre sunt produse la fa\u021ba locului \u0219i \u00eendeplinesc cele mai \u00eenalte standarde de siguran\u021b\u0103. Cele <strong>Gingerbread lichid<\/strong> este f\u0103r\u0103 nicotin\u0103 \u0219i este disponibil \u00een diferite <strong>Concentra\u021bii de nicotin\u0103<\/strong> disponibile. Pentru o dezvoltare de lung\u0103 durat\u0103 a aromei, v\u0103 recomand\u0103m s\u0103 utiliza\u021bi <strong>e-Liquid<\/strong> A se p\u0103stra departe de lumin\u0103 \u0219i \u00eentr-un loc uscat.<\/p>","protected":false},"excerpt":{"rendered":"<p><strong>Turt\u0103 dulce<\/strong> disponibile doar de Cr\u0103ciun? Gre\u0219it! Deoarece <strong>Gingerbread lichid<\/strong> Are gust bun \u00een orice moment al anului: picant \u0219i picant <strong>Arom\u0103 de turt\u0103 dulce<\/strong> ca de la pia\u021ba de Cr\u0103ciun!<\/p>","protected":false},"featured_media":319209,"comment_status":"open","ping_status":"closed","template":"","meta":{"_acf_changed":false,"_relevanssi_hide_post":"","_relevanssi_hide_content":"","_relevanssi_pin_for_all":"","_relevanssi_pin_keywords":"","_relevanssi_unpin_keywords":"","_relevanssi_related_keywords":"","_relevanssi_related_include_ids":"","_relevanssi_related_exclude_ids":"","_relevanssi_related_no_append":"","_relevanssi_related_not_related":"","_relevanssi_related_posts":"","_relevanssi_noindex_reason":""},"product_brand":[],"product_cat":[4731,4880,4842,4706],"product_tag":[4914,6839,6838,5248,5904],"class_list":{"0":"post-303285","1":"product","2":"type-product","3":"status-publish","4":"has-post-thumbnail","6":"product_cat-alle-liquids-fur-e-zigaretten","7":"product_cat-liquids-ohne-sucralose","8":"product_cat-my-eliquid-liquids","9":"product_cat-suesse-liquids-e-zigarette","10":"product_tag-eliquid","11":"product_tag-kraeftig","12":"product_tag-lebkuchen","13":"product_tag-nussig","14":"product_tag-suess","15":"product_shipping_class-standard","17":"first","18":"outofstock","19":"taxable","20":"shipping-taxable","21":"purchasable","22":"product-type-variable"},"acf":[],"_links":{"self":[{"href":"https:\/\/my-eliquid.de\/ro\/wp-json\/wp\/v2\/product\/303285","targetHints":{"allow":["GET"]}}],"collection":[{"href":"https:\/\/my-eliquid.de\/ro\/wp-json\/wp\/v2\/product"}],"about":[{"href":"https:\/\/my-eliquid.de\/ro\/wp-json\/wp\/v2\/types\/product"}],"replies":[{"embeddable":true,"href":"https:\/\/my-eliquid.de\/ro\/wp-json\/wp\/v2\/comments?post=303285"}],"wp:featuredmedia":[{"embeddable":true,"href":"https:\/\/my-eliquid.de\/ro\/wp-json\/wp\/v2\/media\/319209"}],"wp:attachment":[{"href":"https:\/\/my-eliquid.de\/ro\/wp-json\/wp\/v2\/media?parent=303285"}],"wp:term":[{"taxonomy":"product_brand","embeddable":true,"href":"https:\/\/my-eliquid.de\/ro\/wp-json\/wp\/v2\/product_brand?post=303285"},{"taxonomy":"product_cat","embeddable":true,"href":"https:\/\/my-eliquid.de\/ro\/wp-json\/wp\/v2\/product_cat?post=303285"},{"taxonomy":"product_tag","embeddable":true,"href":"https:\/\/my-eliquid.de\/ro\/wp-json\/wp\/v2\/product_tag?post=303285"}],"curies":[{"name":"wp","href":"https:\/\/api.w.org\/{rel}","templated":true}]}}