{"id":303291,"date":"2012-08-06T00:00:00","date_gmt":"2012-08-05T22:00:00","guid":{"rendered":"https:\/\/my-eliquid.de\/shop\/pina-colada-liquid\/"},"modified":"2025-11-25T13:52:09","modified_gmt":"2025-11-25T12:52:09","slug":"pina-colada-liquid","status":"publish","type":"product","link":"https:\/\/my-eliquid.de\/ro\/shop\/pina-colada-liquid\/","title":{"rendered":"Lichid Pina Colada"},"content":{"rendered":"<p>noastre <strong>Lichid Pina Colada<\/strong> mit seinem sahnig lieblichen Geschmack stammt aus der Linie der <strong>B\u0103uturi Lichide<\/strong>. Die Mischung von Ananassaft, Kokosnusscreme und Rum sind eben nicht nur im Cocktailglas ein Volltreffer. All unsere Fl\u00fcssigkeiten werden bei uns vor Ort produziert und entsprechen h\u00f6chsten Sicherheitsstandards. Das <strong>Lichid Pina Colada<\/strong> este f\u0103r\u0103 nicotin\u0103 \u0219i este disponibil \u00een diferite <strong>Concentra\u021bii de nicotin\u0103<\/strong> disponibile. Pentru o dezvoltare de lung\u0103 durat\u0103 a aromei, v\u0103 recomand\u0103m s\u0103 utiliza\u021bi <strong>e-Liquid<\/strong> A se p\u0103stra departe de lumin\u0103 \u0219i \u00eentr-un loc uscat.<\/p>","protected":false},"excerpt":{"rendered":"<p>Aroma cremoas\u0103 \u0219i dulce a <strong>Lichide Pina Colada<\/strong> de ananas, rom \u0219i nuc\u0103 de cocos are un gust inconfundabil de cocktail popular la barul \u00eensorit al unui hotel \u00een vacan\u021b\u0103.<\/p>","protected":false},"featured_media":319218,"comment_status":"open","ping_status":"closed","template":"","meta":{"_acf_changed":false,"_relevanssi_hide_post":"","_relevanssi_hide_content":"","_relevanssi_pin_for_all":"","_relevanssi_pin_keywords":"","_relevanssi_unpin_keywords":"","_relevanssi_related_keywords":"","_relevanssi_related_include_ids":"","_relevanssi_related_exclude_ids":"","_relevanssi_related_no_append":"","_relevanssi_related_not_related":"","_relevanssi_related_posts":"","_relevanssi_noindex_reason":""},"product_brand":[],"product_cat":[4731,4692,4689,4880,4842],"product_tag":[6852,6854,4919,4915,5166,4917,6818,4914,4918,5004,6853,5131,4929,4920,6819],"class_list":{"0":"post-303291","1":"product","2":"type-product","3":"status-publish","4":"has-post-thumbnail","6":"product_cat-alle-liquids-fur-e-zigaretten","7":"product_cat-drinks-liquids-e-zigarette","8":"product_cat-eliquids","9":"product_cat-liquids-ohne-sucralose","10":"product_cat-my-eliquid-liquids","11":"product_tag-cocos","12":"product_tag-colada","13":"product_tag-dampfer","14":"product_tag-e-liquid","15":"product_tag-e-zigarette","16":"product_tag-e-zigi","17":"product_tag-elektrische","18":"product_tag-eliquid","19":"product_tag-ezigarette","20":"product_tag-nachfuellfluessigkeit","21":"product_tag-pina","22":"product_tag-pinacolada","23":"product_tag-rum","24":"product_tag-verdampfer","25":"product_tag-zigarette","26":"product_shipping_class-standard","28":"first","29":"outofstock","30":"taxable","31":"shipping-taxable","32":"purchasable","33":"product-type-variable"},"acf":[],"_links":{"self":[{"href":"https:\/\/my-eliquid.de\/ro\/wp-json\/wp\/v2\/product\/303291","targetHints":{"allow":["GET"]}}],"collection":[{"href":"https:\/\/my-eliquid.de\/ro\/wp-json\/wp\/v2\/product"}],"about":[{"href":"https:\/\/my-eliquid.de\/ro\/wp-json\/wp\/v2\/types\/product"}],"replies":[{"embeddable":true,"href":"https:\/\/my-eliquid.de\/ro\/wp-json\/wp\/v2\/comments?post=303291"}],"wp:featuredmedia":[{"embeddable":true,"href":"https:\/\/my-eliquid.de\/ro\/wp-json\/wp\/v2\/media\/319218"}],"wp:attachment":[{"href":"https:\/\/my-eliquid.de\/ro\/wp-json\/wp\/v2\/media?parent=303291"}],"wp:term":[{"taxonomy":"product_brand","embeddable":true,"href":"https:\/\/my-eliquid.de\/ro\/wp-json\/wp\/v2\/product_brand?post=303291"},{"taxonomy":"product_cat","embeddable":true,"href":"https:\/\/my-eliquid.de\/ro\/wp-json\/wp\/v2\/product_cat?post=303291"},{"taxonomy":"product_tag","embeddable":true,"href":"https:\/\/my-eliquid.de\/ro\/wp-json\/wp\/v2\/product_tag?post=303291"}],"curies":[{"name":"wp","href":"https:\/\/api.w.org\/{rel}","templated":true}]}}