{"id":304806,"date":"2011-10-28T00:00:00","date_gmt":"2011-10-27T22:00:00","guid":{"rendered":"https:\/\/my-eliquid.de\/shop\/propylenglycol-pg-liquid-base-ohne-nikotin-0mg\/"},"modified":"2026-04-10T09:10:33","modified_gmt":"2026-04-10T07:10:33","slug":"propylenglycol-pg-liquid-base-ohne-nikotin-0mg","status":"publish","type":"product","link":"https:\/\/my-eliquid.de\/ro\/shop\/propylenglycol-pg-liquid-base-ohne-nikotin-0mg\/","title":{"rendered":"Propilenglicol (PG) baz\u0103 lichid\u0103 f\u0103r\u0103 nicotin\u0103 0mg"},"content":{"rendered":"<p>Con\u021binut: propilenglicol (PG) E1520 (Ph. Eur.)<\/p>\n<p>Aceste articole sunt utilizate pentru <strong>Amestecuri<\/strong> sau, pentru a le <strong>se dilueaz\u0103<\/strong> oferite, nu pentru consumul direct.<\/p>\n<p><span style=\"color: #ff0000;\">Aten\u021bie !!! A nu se l\u0103sa la \u00eendem\u00e2na copiilor!!!<\/span><\/p>\n<p>Informa\u021bii juridice privind utilizarea<br \/>\nDin punct de vedere juridic, aceste articole sunt substan\u021be chimice. Aceste substan\u021be chimice sunt utilizate pentru <strong>Producerea lichidelor de reumplere<\/strong> sau e-lichide. Aceste substan\u021be chimice sunt oferite \u0219i v\u00e2ndute cump\u0103r\u0103torilor aviza\u021bi numai pentru acest scop. Utilizarea corespunz\u0103toare este responsabilitatea cump\u0103r\u0103torului.<\/p>\n<p>Aceste substan\u021be chimice nu sunt medicamente sau produse alimentare \u0219i nu sunt \u00eenc\u0103 destinate utiliz\u0103rii de c\u0103tre consumatorul final \u00een forma \u00een care le oferim. De asemenea, nu oferim instruc\u021biuni obligatorii de preparare sau consum. <strong>Instruc\u021biuni de dozare<\/strong>. Utilizarea \u0219i ingerarea se fac pe propriul risc.<\/p>\n<p>my-eLiquid nu este responsabil pentru daunele aduse s\u0103n\u0103t\u0103\u021bii, de exemplu, din cauza utiliz\u0103rii necorespunz\u0103toare.<\/p>\n<p>Aceste articole pot fi comandate numai dac\u0103 cump\u0103r\u0103torul are <strong>Experien\u021b\u0103<\/strong> \u00een manipularea acestor substan\u021be chimice \u0219i materii prime.<\/p>","protected":false},"excerpt":{"rendered":"<p>My-eLiquid <strong>Baz\u0103 de propilenglicol (PG)<\/strong> <strong>f\u0103r\u0103 nicotin\u0103<\/strong> pentru producerea lichidelor este bun pentru <strong>e-Liquide<\/strong> dilua sau <strong>Con\u021binut de nicotin\u0103<\/strong> . Baza lor va fi \u00eentr-o <strong><span style=\"color: #339966\">PET sticl\u0103 maro<\/span><\/strong> livrate.<\/p>","protected":false},"featured_media":319512,"comment_status":"open","ping_status":"closed","template":"","meta":{"_acf_changed":false,"_relevanssi_hide_post":"","_relevanssi_hide_content":"","_relevanssi_pin_for_all":"","_relevanssi_pin_keywords":"","_relevanssi_unpin_keywords":"","_relevanssi_related_keywords":"","_relevanssi_related_include_ids":"","_relevanssi_related_exclude_ids":"","_relevanssi_related_no_append":"","_relevanssi_related_not_related":"","_relevanssi_related_posts":"","_relevanssi_noindex_reason":""},"product_brand":[],"product_cat":[4732,4695,4696],"product_tag":[4973,4919,4915,5166,4917,4976,4914,7123,4918,4974,5004,1393,7122,4975,4920],"class_list":{"0":"post-304806","1":"product","2":"type-product","3":"status-publish","4":"has-post-thumbnail","6":"product_cat-alle-basen-fur-liquids","7":"product_cat-diy-liquid-basen","8":"product_cat-propylenglycol-pg-basis","9":"product_tag-dab","10":"product_tag-dampfer","11":"product_tag-e-liquid","12":"product_tag-e-zigarette","13":"product_tag-e-zigi","14":"product_tag-e1520","15":"product_tag-eliquid","16":"product_tag-eur","17":"product_tag-ezigarette","18":"product_tag-hersteller","19":"product_tag-nachfuellfluessigkeit","20":"product_tag-pg","21":"product_tag-ph","22":"product_tag-propylenglycol","23":"product_tag-verdampfer","24":"product_shipping_class-standard","26":"first","27":"instock","28":"taxable","29":"shipping-taxable","30":"purchasable","31":"product-type-variable"},"acf":[],"_links":{"self":[{"href":"https:\/\/my-eliquid.de\/ro\/wp-json\/wp\/v2\/product\/304806","targetHints":{"allow":["GET"]}}],"collection":[{"href":"https:\/\/my-eliquid.de\/ro\/wp-json\/wp\/v2\/product"}],"about":[{"href":"https:\/\/my-eliquid.de\/ro\/wp-json\/wp\/v2\/types\/product"}],"replies":[{"embeddable":true,"href":"https:\/\/my-eliquid.de\/ro\/wp-json\/wp\/v2\/comments?post=304806"}],"wp:featuredmedia":[{"embeddable":true,"href":"https:\/\/my-eliquid.de\/ro\/wp-json\/wp\/v2\/media\/319512"}],"wp:attachment":[{"href":"https:\/\/my-eliquid.de\/ro\/wp-json\/wp\/v2\/media?parent=304806"}],"wp:term":[{"taxonomy":"product_brand","embeddable":true,"href":"https:\/\/my-eliquid.de\/ro\/wp-json\/wp\/v2\/product_brand?post=304806"},{"taxonomy":"product_cat","embeddable":true,"href":"https:\/\/my-eliquid.de\/ro\/wp-json\/wp\/v2\/product_cat?post=304806"},{"taxonomy":"product_tag","embeddable":true,"href":"https:\/\/my-eliquid.de\/ro\/wp-json\/wp\/v2\/product_tag?post=304806"}],"curies":[{"name":"wp","href":"https:\/\/api.w.org\/{rel}","templated":true}]}}