{"id":304815,"date":"2011-11-10T00:00:00","date_gmt":"2011-11-09T23:00:00","guid":{"rendered":"https:\/\/my-eliquid.de\/shop\/liquid-base-fertigmischung-ohne-nikotin-0mg\/"},"modified":"2026-04-10T14:50:50","modified_gmt":"2026-04-10T12:50:50","slug":"liquid-base-fertigmischung-ohne-nikotin-0mg","status":"publish","type":"product","link":"https:\/\/my-eliquid.de\/ro\/shop\/liquid-base-fertigmischung-ohne-nikotin-0mg\/","title":{"rendered":"Baz\u0103 lichid\u0103 gata amestecat\u0103 0mg"},"content":{"rendered":"<p>Con\u021binut: glicerin\u0103 vegetal\u0103 pur\u0103 (<strong>VG - glicerin\u0103 vegetal\u0103<\/strong>) E422 (<strong>DAB, Ph. Eur.<\/strong>), propilenglicol (<strong>PG<\/strong>) E1520 (<strong>Ph. Eur.<\/strong>), ap\u0103 \u0219i <strong>0 mg per ml con\u021binut de nicotin\u0103<\/strong>.<br \/>\nSe recomand\u0103 manipularea numai de c\u0103tre persoane experimentate \u0219i instruite.<br \/>\nAceste articole sunt utilizate pentru <strong>Amestecuri<\/strong> sau pentru a le dilua, nu pentru consum imediat.<\/p>\n<p><span style=\"color: #ff0000;\">Aten\u021bie !!! A nu se l\u0103sa la \u00eendem\u00e2na copiilor!!!<\/span><\/p>\n<p>Informa\u021bii juridice privind utilizarea<br \/>\nAceste articole sunt \u00een mod legal produse chimice. Aceste substan\u021be chimice sunt utilizate pentru producerea de<strong> Lichide de reumplere sau eLiquids<\/strong> utilizate. Aceste substan\u021be chimice sunt oferite \u0219i v\u00e2ndute numai cump\u0103r\u0103torilor cunosc\u0103tori \u00een acest scop. Utilizarea corect\u0103 este responsabilitatea cump\u0103r\u0103torului.<\/p>\n<p>Aceste substan\u021be chimice nu sunt medicamente sau produse alimentare \u0219i nu sunt \u00eenc\u0103 destinate utiliz\u0103rii de c\u0103tre consumatorul final \u00een forma \u00een care le oferim. De asemenea, nu oferim instruc\u021biuni obligatorii de preparare sau consum.<strong> Instruc\u021biuni de dozare<\/strong>. Utilizarea \u0219i ingerarea se fac pe propriul risc.<\/p>\n<p>my-eLiquid nu este responsabil pentru daunele aduse s\u0103n\u0103t\u0103\u021bii, de exemplu, din cauza utiliz\u0103rii necorespunz\u0103toare.<\/p>\n<p>Aceste articole pot fi comandate numai dac\u0103 cump\u0103r\u0103torul are <strong>Experien\u021b\u0103<\/strong> \u00een manipularea acestor substan\u021be chimice \u0219i materii prime.<\/p>\n<p><span style=\"text-decoration: underline;\"><strong>Legend\u0103:<br \/>\n<\/strong><\/span><br \/>\nPG:\u00a0<strong>1,2-propilenglicol<\/strong> (PG) E1520 (Ph. Eur.) pur<br \/>\nVG:\u00a0<strong>Glicerin\u0103 vegetal\u0103 pur\u0103<\/strong> (VG) E422 (DAB), denumire CAS nr. 56-81-5 <strong>Glicerin\u0103<\/strong> 99,5%<br \/>\nAp\u0103: \u00a0<strong>Ap\u0103 purificat\u0103<\/strong> Ph.Eur. \/ Bidest<\/p>\n<p>Nicotin\u0103: <strong>0mg \/ ml (f\u0103r\u0103 nicotin\u0103)<br \/>\n<\/strong><\/p>","protected":false},"excerpt":{"rendered":"<p>dvs. <strong>Amestec pur de eLiquid\u00ae f\u0103r\u0103 nicotin\u0103<\/strong>gata pentru <strong>Auto-aromatizarea<\/strong>. De asemenea, potrivit pentru existente <strong>Lichide<\/strong> pentru <strong>se dilueaz\u0103<\/strong> sau pentru a modifica individual con\u021binutul de nicotin\u0103. Con\u021binutul dvs. <strong>Amestec gata<\/strong> este prezentat \u00eentr-o <span style=\"color: #339966\"><strong><strong>PET sticl\u0103 maro<\/strong><\/strong><\/span>\u00a0livrate.<\/p>","protected":false},"featured_media":319565,"comment_status":"open","ping_status":"closed","template":"","meta":{"_acf_changed":false,"_relevanssi_hide_post":"","_relevanssi_hide_content":"","_relevanssi_pin_for_all":"","_relevanssi_pin_keywords":"","_relevanssi_unpin_keywords":"","_relevanssi_related_keywords":"","_relevanssi_related_include_ids":"","_relevanssi_related_exclude_ids":"","_relevanssi_related_no_append":"","_relevanssi_related_not_related":"","_relevanssi_related_posts":"","_relevanssi_noindex_reason":""},"product_brand":[],"product_cat":[4732,4695,4700],"product_tag":[7159,1454,1453,6716,6738,5124,6717,5118,6712,5805,5792,5811,6722,1393,1414],"class_list":{"0":"post-304815","1":"product","2":"type-product","3":"status-publish","4":"has-post-thumbnail","6":"product_cat-alle-basen-fur-liquids","7":"product_cat-diy-liquid-basen","8":"product_cat-liquid-basis-fertigmischung","9":"product_tag-0mg","10":"product_tag-1454","11":"product_tag-1453","12":"product_tag-alle","13":"product_tag-base","14":"product_tag-basen","15":"product_tag-diy","16":"product_tag-fertigmischung","17":"product_tag-fuer","18":"product_tag-liquid","19":"product_tag-liquids","20":"product_tag-nikotin","21":"product_tag-ohne","22":"product_tag-pg","23":"product_tag-vg","24":"product_shipping_class-standard","26":"first","27":"instock","28":"taxable","29":"shipping-taxable","30":"purchasable","31":"product-type-variable"},"acf":[],"_links":{"self":[{"href":"https:\/\/my-eliquid.de\/ro\/wp-json\/wp\/v2\/product\/304815","targetHints":{"allow":["GET"]}}],"collection":[{"href":"https:\/\/my-eliquid.de\/ro\/wp-json\/wp\/v2\/product"}],"about":[{"href":"https:\/\/my-eliquid.de\/ro\/wp-json\/wp\/v2\/types\/product"}],"replies":[{"embeddable":true,"href":"https:\/\/my-eliquid.de\/ro\/wp-json\/wp\/v2\/comments?post=304815"}],"wp:featuredmedia":[{"embeddable":true,"href":"https:\/\/my-eliquid.de\/ro\/wp-json\/wp\/v2\/media\/319565"}],"wp:attachment":[{"href":"https:\/\/my-eliquid.de\/ro\/wp-json\/wp\/v2\/media?parent=304815"}],"wp:term":[{"taxonomy":"product_brand","embeddable":true,"href":"https:\/\/my-eliquid.de\/ro\/wp-json\/wp\/v2\/product_brand?post=304815"},{"taxonomy":"product_cat","embeddable":true,"href":"https:\/\/my-eliquid.de\/ro\/wp-json\/wp\/v2\/product_cat?post=304815"},{"taxonomy":"product_tag","embeddable":true,"href":"https:\/\/my-eliquid.de\/ro\/wp-json\/wp\/v2\/product_tag?post=304815"}],"curies":[{"name":"wp","href":"https:\/\/api.w.org\/{rel}","templated":true}]}}