{"id":304919,"date":"2024-06-26T00:00:00","date_gmt":"2024-06-25T22:00:00","guid":{"rendered":"https:\/\/my-eliquid.de\/shop\/elfbar-elfliq-nic-salz-liquid-10mg\/"},"modified":"2026-04-08T09:43:30","modified_gmt":"2026-04-08T07:43:30","slug":"elfbar-elfliq-nic-salz-liquid-10mg","status":"publish","type":"product","link":"https:\/\/my-eliquid.de\/ro\/shop\/elfbar-elfliq-nic-salz-liquid-10mg\/","title":{"rendered":"ELFBAR Elfliq lichid cu sare de nicotin\u0103 10mg"},"content":{"rendered":"<p><strong>Elfliq - Lichid NicSalt<\/strong><\/p>\n<p>Experimenta\u021bi o experien\u021b\u0103 de vapat extraordinar\u0103 cu lichidul Elfliq NicSalt - echilibrat ideal cu un raport de amestecare de 50VG\/50PG, care garanteaz\u0103 un echilibru perfect \u00eentre produc\u021bia intens\u0103 de vapori \u0219i aroma corpolent\u0103. Disponibil \u00een concentra\u021bii de nicotin\u0103 de 10 mg \u0219i 20 mg.<\/p>\n<p>Cu Elfliq, pute\u021bi descoperi aroma unic\u0103 care aminte\u0219te de faimosul Elf Bar \u0219i, \u00een acela\u0219i timp, beneficia\u021bi de o alternativ\u0103 de \u00eenalt\u0103 calitate \u0219i ecologic\u0103 la dispozitivele clasice de unic\u0103 folosin\u021b\u0103. Lichidele noastre impresioneaz\u0103 prin arome excelente \u0219i un design elegant care se integreaz\u0103 perfect \u00een prezen\u021ba dvs. web modern\u0103.<\/p>\n<p><strong>Note \u0219i avertismente importante:<\/strong><br \/> - Con\u021bine nicotin\u0103 - un ingredient care creeaz\u0103 dependen\u021b\u0103. Acest produs este destinat exclusiv utiliz\u0103rii de c\u0103tre persoane cu v\u00e2rsta de peste 18 ani.<br \/> - A nu se l\u0103sa la \u00eendem\u00e2na copiilor \u0219i adolescen\u021bilor.<br \/> - Nu este adecvat pentru ingestie sau utilizare oral\u0103. \u00cen caz de ingestie accidental\u0103 sau supradozaj, solicita\u021bi imediat sfatul medicului.<br \/> - Utiliza\u021bi numai pentru utilizarea prev\u0103zut\u0103 \u00een vaporizatoare adecvate. Lichidul nu trebuie s\u0103 intre niciodat\u0103 \u00een contact direct cu fl\u0103c\u0103ri deschise sau temperaturi ridicate.<br \/> - V\u0103 rug\u0103m s\u0103 respecta\u021bi toate celelalte cerin\u021be legale \u0219i orient\u0103ri privind eliminarea. Ambalajele goale \u0219i lichidele care nu mai sunt utilizabile trebuie eliminate \u00eentr-un mod ecologic.<\/p>\n<p>Cufund\u0103-te \u00een lumea lichidelor Elfliq \u0219i bucur\u0103-te de o experien\u021b\u0103 de vapat de prim\u0103 clas\u0103 - elegant\u0103, profesional\u0103 \u0219i plin\u0103 de arome intense. Comanda\u021bi acum \u0219i vede\u021bi cu ochii vo\u0219tri calitatea \u0219i experien\u021ba unic\u0103 a aromelor!<\/p>","protected":false},"excerpt":{"rendered":"<p>Elfliq Liquids prezint\u0103 cu m\u00e2ndrie o selec\u021bie de arome bestseller inspirate de popularele dispozitive de unic\u0103 folosin\u021b\u0103 Elf Bar<\/p>","protected":false},"featured_media":319889,"comment_status":"open","ping_status":"closed","template":"","meta":{"_acf_changed":false,"_relevanssi_hide_post":"","_relevanssi_hide_content":"","_relevanssi_pin_for_all":"","_relevanssi_pin_keywords":"","_relevanssi_unpin_keywords":"","_relevanssi_related_keywords":"","_relevanssi_related_include_ids":"","_relevanssi_related_exclude_ids":"","_relevanssi_related_no_append":"","_relevanssi_related_not_related":"","_relevanssi_related_posts":"","_relevanssi_noindex_reason":""},"product_brand":[],"product_cat":[4731,4692,4709,4906,4851,4690,4694,4791,4708,4693,4706],"product_tag":[4919,4915,6813,6591,7859,4914,6508,6511,6509,6510,6512,4920],"class_list":{"0":"post-304919","1":"product","2":"type-product","3":"status-publish","4":"has-post-thumbnail","6":"product_cat-alle-liquids-fur-e-zigaretten","7":"product_cat-drinks-liquids-e-zigarette","8":"product_cat-eisbonbon-liquids-e-zigarette","9":"product_cat-elfbar","10":"product_cat-fremdprodukte","11":"product_cat-frucht-liquids-e-zigarette","12":"product_cat-menthol-liquids-e-zigarette","13":"product_cat-neue-liquids","14":"product_cat-nussige-liquids-e-zigarette","15":"product_cat-special-liquids-e-zigarette","16":"product_cat-suesse-liquids-e-zigarette","17":"product_tag-dampfer","18":"product_tag-e-liquid","19":"product_tag-elfa","20":"product_tag-elfbar","21":"product_tag-elfliq","22":"product_tag-eliquid","23":"product_tag-liquidsalz","24":"product_tag-nicsalt","25":"product_tag-nicsalz","26":"product_tag-nikotinsalz","27":"product_tag-salt","28":"product_tag-verdampfer","29":"product_shipping_class-standard","30":"pa_geschmack-apple-peach","31":"pa_geschmack-blackberry-lemon","32":"pa_geschmack-blackcurrant-aniseed","33":"pa_geschmack-blue-razz-lemonade","34":"pa_geschmack-blueberry","35":"pa_geschmack-blueberry-sour-raspberry","36":"pa_geschmack-cherry","37":"pa_geschmack-cherry-cola","38":"pa_geschmack-cola","39":"pa_geschmack-cotton-candy-ice","40":"pa_geschmack-elfstrom-ice","41":"pa_geschmack-grape","42":"pa_geschmack-kiwi-passion-fruit-guava","43":"pa_geschmack-mango","44":"pa_geschmack-menthol","45":"pa_geschmack-mix-berries","46":"pa_geschmack-peach-ice","47":"pa_geschmack-peach-passion-fruit","48":"pa_geschmack-pineapple-mango-orange","49":"pa_geschmack-pink-grapefruit","50":"pa_geschmack-pink-lemonade","51":"pa_geschmack-sour-apple","52":"pa_geschmack-spearmint","53":"pa_geschmack-strawberry-ice","54":"pa_geschmack-strawberry-ice-cream","55":"pa_geschmack-strawberry-kiwi","56":"pa_geschmack-strawberry-raspberry-cherry","57":"pa_geschmack-watermelon","59":"first","60":"instock","61":"taxable","62":"shipping-taxable","63":"purchasable","64":"product-type-variable"},"acf":[],"_links":{"self":[{"href":"https:\/\/my-eliquid.de\/ro\/wp-json\/wp\/v2\/product\/304919","targetHints":{"allow":["GET"]}}],"collection":[{"href":"https:\/\/my-eliquid.de\/ro\/wp-json\/wp\/v2\/product"}],"about":[{"href":"https:\/\/my-eliquid.de\/ro\/wp-json\/wp\/v2\/types\/product"}],"replies":[{"embeddable":true,"href":"https:\/\/my-eliquid.de\/ro\/wp-json\/wp\/v2\/comments?post=304919"}],"wp:featuredmedia":[{"embeddable":true,"href":"https:\/\/my-eliquid.de\/ro\/wp-json\/wp\/v2\/media\/319889"}],"wp:attachment":[{"href":"https:\/\/my-eliquid.de\/ro\/wp-json\/wp\/v2\/media?parent=304919"}],"wp:term":[{"taxonomy":"product_brand","embeddable":true,"href":"https:\/\/my-eliquid.de\/ro\/wp-json\/wp\/v2\/product_brand?post=304919"},{"taxonomy":"product_cat","embeddable":true,"href":"https:\/\/my-eliquid.de\/ro\/wp-json\/wp\/v2\/product_cat?post=304919"},{"taxonomy":"product_tag","embeddable":true,"href":"https:\/\/my-eliquid.de\/ro\/wp-json\/wp\/v2\/product_tag?post=304919"}],"curies":[{"name":"wp","href":"https:\/\/api.w.org\/{rel}","templated":true}]}}