{"id":304976,"date":"2015-08-28T00:00:00","date_gmt":"2015-08-27T22:00:00","guid":{"rendered":"https:\/\/my-eliquid.de\/shop\/vape-smith-grip-royale-rda\/"},"modified":"2025-11-25T13:54:19","modified_gmt":"2025-11-25T12:54:19","slug":"vape-smith-grip-royale-rda","status":"publish","type":"product","link":"https:\/\/my-eliquid.de\/ro\/shop\/vape-smith-grip-royale-rda\/","title":{"rendered":"Vape Smith Grip Royale RDA"},"content":{"rendered":"<h4>VapeSmith <span>Grip Royale RDA<\/span><\/h4>\n<p>Dispozitivul optim pentru <strong>Cloud Chaser<\/strong> \u0219i dependen\u021bi de abur (cu AT mec. \u00een <strong>Subohm<\/strong> v\u0103 rug\u0103m s\u0103 folosi\u021bi numai baterii adecvate de la 25amp +)<\/p>\n<p>Cu \u00eenf\u0103\u0219urarea corect\u0103, este posibil\u0103 o performan\u021b\u0103 incredibil\u0103.<br \/>\nRDA frumos, cu un diametru de 27mm \u0219i un frumos mare <strong>Fluxul de aer<\/strong>.<br \/>\nPute\u021bi utiliza <strong>Dripper<\/strong> func\u021bionare simpl\u0103 \u0219i dubl\u0103.<\/p>\n<p>\u00a0<\/p>\n<p><strong>Iat\u0103 c\u00e2teva detalii:<\/strong><\/p>\n<ul>\n<li>Design cu 4 st\u00e2lpi (4 suporturi pentru s\u00e2rm\u0103), fiecare cu g\u0103uri de 2,0 mm grosime.<\/li>\n<li>Carcasa \u0219i baza sunt fabricate din o\u021bel inoxidabil 304 \/ alam\u0103.<\/li>\n<li>Se utilizeaz\u0103 un pol plus realizat din cupru.\u00a0<\/li>\n<li>Baza con\u021bine un rezervor de lichid cu un diametru de 22 mm \u0219i o ad\u00e2ncime de 6 mm pentru a con\u021bine p\u00e2n\u0103 la 2 ml (\u00een func\u021bie de cantitatea de vat\u0103). .<\/li>\n<\/ul>\n<p>\u00a0<\/p>\n<p><strong>La baz\u0103:<\/strong><\/p>\n<ul>\n<li>Conexiune pin de cupru<\/li>\n<li>Rezervor de lichid ad\u00e2nc de 6 mm<\/li>\n<li>Dou\u0103 O-ring-uri de 2 mm<\/li>\n<li>Izolator Peek<\/li>\n<li>Patru \u0219uruburi cromate de 3 mm<\/li>\n<\/ul>\n<p>\u00a0<\/p>\n<p><strong>La capacul superior principal:<\/strong><\/p>\n<ul>\n<li>Fabricat din o\u021bel inoxidabil \u0219i alam\u0103<\/li>\n<li>27mm diametru<\/li>\n<li>Inel rotator AFC<\/li>\n<li>Func\u021bionare simpl\u0103 sau dubl\u0103<\/li>\n<li>Logo-ul de prindere gravat cu laser cu num\u0103rul de serie<\/li>\n<li>interior cromat negru<\/li>\n<\/ul>\n<p>\u00a0<\/p>\n<p><strong>La capacul superior al turneului (cu alezaj larg):<\/strong><\/p>\n<ul>\n<li>Gur\u0103 din o\u021bel inoxidabil \u0219i Delrin negru<\/li>\n<li>22mm diametru<\/li>\n<li>Dou\u0103 AFC uria\u0219e fixe\u00a0<\/li>\n<\/ul>\n<div class=\"_3hi clearfix\">\n<div class=\"_1yr\">\u00a0<\/div>\n<div class=\"_1yr\"><strong>\u00cen setul de picurare Grip Royale RDA:<\/strong><\/div>\n<div class=\"_1yr\">\n<ul>\n<li>2 v\u00e2rfuri de picurare diferite<\/li>\n<li style=\"list-style: none; display: inline\">\n<ul>\n<li>1 v\u00e2rf de picurare din Delrin (plastic)\u00a0<\/li>\n<li>1 v\u00e2rf de picurare din cupru<\/li>\n<\/ul>\n<\/li>\n<li>Un O-ring de schimb<\/li>\n<li>VapeSmith design Grip Royale Top-Cap<\/li>\n<li>Turneu Top-Cap<\/li>\n<\/ul>\n<\/div>\n<\/div>","protected":false},"excerpt":{"rendered":"<p>Turneu CAP + Royale CAP. 4 posturi de design (4 prize de cablu) cu g\u0103uri de 2,0 mm grosime fiecare. Carcas\u0103 \u0219i baz\u0103 din o\u021bel inoxidabil 304 \/ alam\u0103. Cupru plus pol. 22 mm x 6 mm rezervor de lichid<\/p>","protected":false},"featured_media":301156,"comment_status":"open","ping_status":"closed","template":"","meta":{"_acf_changed":false,"_relevanssi_hide_post":"","_relevanssi_hide_content":"","_relevanssi_pin_for_all":"","_relevanssi_pin_keywords":"","_relevanssi_unpin_keywords":"","_relevanssi_related_keywords":"","_relevanssi_related_include_ids":"","_relevanssi_related_exclude_ids":"","_relevanssi_related_no_append":"","_relevanssi_related_not_related":"","_relevanssi_related_posts":"","_relevanssi_noindex_reason":""},"product_brand":[],"product_cat":[4713,4781,4714],"product_tag":[5411,7545,6357,5310,6939,7546,5251,7544],"class_list":{"0":"post-304976","1":"product","2":"type-product","3":"status-publish","4":"has-post-thumbnail","6":"product_cat-e-zigaretten","7":"product_cat-e-zigaretten-hersteller","8":"product_cat-selbstwickler","9":"product_tag-e-zigaretten","10":"product_tag-grip","11":"product_tag-hardware","12":"product_tag-neuheiten","13":"product_tag-rda","14":"product_tag-royale","15":"product_tag-selbstwickler","16":"product_tag-vapesmith","17":"product_shipping_class-standard","19":"first","20":"instock","21":"taxable","22":"shipping-taxable","23":"purchasable","24":"product-type-simple"},"acf":[],"_links":{"self":[{"href":"https:\/\/my-eliquid.de\/ro\/wp-json\/wp\/v2\/product\/304976","targetHints":{"allow":["GET"]}}],"collection":[{"href":"https:\/\/my-eliquid.de\/ro\/wp-json\/wp\/v2\/product"}],"about":[{"href":"https:\/\/my-eliquid.de\/ro\/wp-json\/wp\/v2\/types\/product"}],"replies":[{"embeddable":true,"href":"https:\/\/my-eliquid.de\/ro\/wp-json\/wp\/v2\/comments?post=304976"}],"wp:featuredmedia":[{"embeddable":true,"href":"https:\/\/my-eliquid.de\/ro\/wp-json\/wp\/v2\/media\/301156"}],"wp:attachment":[{"href":"https:\/\/my-eliquid.de\/ro\/wp-json\/wp\/v2\/media?parent=304976"}],"wp:term":[{"taxonomy":"product_brand","embeddable":true,"href":"https:\/\/my-eliquid.de\/ro\/wp-json\/wp\/v2\/product_brand?post=304976"},{"taxonomy":"product_cat","embeddable":true,"href":"https:\/\/my-eliquid.de\/ro\/wp-json\/wp\/v2\/product_cat?post=304976"},{"taxonomy":"product_tag","embeddable":true,"href":"https:\/\/my-eliquid.de\/ro\/wp-json\/wp\/v2\/product_tag?post=304976"}],"curies":[{"name":"wp","href":"https:\/\/api.w.org\/{rel}","templated":true}]}}