{"id":304978,"date":"2020-05-28T00:00:00","date_gmt":"2020-05-27T22:00:00","guid":{"rendered":"https:\/\/my-eliquid.de\/shop\/geekvape-aegis-boost-rba-pod\/"},"modified":"2025-11-25T13:49:29","modified_gmt":"2025-11-25T12:49:29","slug":"geekvape-aegis-boost-rba-pod","status":"publish","type":"product","link":"https:\/\/my-eliquid.de\/ro\/shop\/geekvape-aegis-boost-rba-pod\/","title":{"rendered":"GeekVape | Aegis Boost RBA Pod"},"content":{"rendered":"<p><strong>GeekVape Aegis Boost RBA Pod<\/strong><\/p>\n<p>Descoperi\u021bi unitatea inovatoare RBA (unitate de auto-\u00eenf\u0103\u0219urare) de la GeekVape pentru sistemul Aegis Boost. Cu aceast\u0103 unitate flexibil\u0103, v\u0103 pute\u021bi \u00eenc\u0103rca podul individual cu propriile bobine pentru a crea o experien\u021b\u0103 de vaping personal\u0103 \u0219i optimizat\u0103. Volumul generos de umplere de 2 ml asigur\u0103 o utilizare convenabil\u0103 care se adapteaz\u0103 perfect la nevoile tale.<\/p>\n<p>Unitatea RBA combin\u0103 individualitatea \u0219i u\u0219urin\u021ba \u00een utilizare - perfect\u0103 pentru utilizatorii preten\u021bio\u0219i care apreciaz\u0103 bobinele personalizate \u0219i o experien\u021b\u0103 aromei intense.<\/p>\n<p><strong>Note importante \u0219i instruc\u021biuni de siguran\u021b\u0103:<\/strong><br \/> - Acest produs este destinat exclusiv utiliz\u0103rii de c\u0103tre persoane cu v\u00e2rsta de peste 18 ani.<br \/> - Utiliza\u021bi unitatea RBA numai \u00een scopul prev\u0103zut: construirea propriilor bobine \u00een combina\u021bie cu dispozitive compatibile.<br \/> - Montarea necorespunz\u0103toare sau utilizarea de bobine incompatibile poate duce la defec\u021biuni, supra\u00eenc\u0103lzire sau alte pericole. V\u0103 rug\u0103m s\u0103 urma\u021bi \u00eentotdeauna instruc\u021biunile produc\u0103torului.<br \/> - \u021aine\u021bi produsul departe de copii \u0219i de persoanele neautorizate.<br \/> - Elimina\u021bi componentele care nu mai pot fi utilizate \u00een conformitate cu reglement\u0103rile legale aplicabile \u0219i cu instruc\u021biunile de eliminare.<\/p>\n<p>Beneficia\u021bi de flexibilitatea \u0219i standardele ridicate de calitate ale GeekVape Aegis Boost RBA Pod - partenerul dvs. ideal pentru o experien\u021b\u0103 de vapat personalizat\u0103 \u0219i intens\u0103.<\/p>","protected":false},"excerpt":{"rendered":"<p>GeekVape furnizeaz\u0103 acum o unitate RBA cu un volum de umplere de 2 ml pentru sistemul Aegis Boost Pod.<\/p>","protected":false},"featured_media":319586,"comment_status":"open","ping_status":"closed","template":"","meta":{"_acf_changed":false,"_relevanssi_hide_post":"","_relevanssi_hide_content":"","_relevanssi_pin_for_all":"","_relevanssi_pin_keywords":"","_relevanssi_unpin_keywords":"","_relevanssi_related_keywords":"","_relevanssi_related_include_ids":"","_relevanssi_related_exclude_ids":"","_relevanssi_related_no_append":"","_relevanssi_related_not_related":"","_relevanssi_related_posts":"","_relevanssi_noindex_reason":""},"product_brand":[],"product_cat":[4713,4781,4780,4814,4789,4774,4778],"product_tag":[7105,7106,5411,6108,6071,5859,7146,5251,4920,5423],"class_list":{"0":"post-304978","1":"product","2":"type-product","3":"status-publish","4":"has-post-thumbnail","6":"product_cat-e-zigaretten","7":"product_cat-e-zigaretten-hersteller","8":"product_cat-ersatzteile","9":"product_cat-geekvape","10":"product_cat-selbstwickler-1","11":"product_cat-verdampfer","12":"product_cat-verdampferkoepfe","13":"product_tag-aegis","14":"product_tag-boost","15":"product_tag-e-zigaretten","16":"product_tag-ersatzteile","17":"product_tag-geekvape","18":"product_tag-pod","19":"product_tag-rba","20":"product_tag-selbstwickler","21":"product_tag-verdampfer","22":"product_tag-verdampferkoepfe","23":"product_shipping_class-standard","25":"first","26":"instock","27":"taxable","28":"shipping-taxable","29":"purchasable","30":"product-type-simple"},"acf":[],"_links":{"self":[{"href":"https:\/\/my-eliquid.de\/ro\/wp-json\/wp\/v2\/product\/304978","targetHints":{"allow":["GET"]}}],"collection":[{"href":"https:\/\/my-eliquid.de\/ro\/wp-json\/wp\/v2\/product"}],"about":[{"href":"https:\/\/my-eliquid.de\/ro\/wp-json\/wp\/v2\/types\/product"}],"replies":[{"embeddable":true,"href":"https:\/\/my-eliquid.de\/ro\/wp-json\/wp\/v2\/comments?post=304978"}],"wp:featuredmedia":[{"embeddable":true,"href":"https:\/\/my-eliquid.de\/ro\/wp-json\/wp\/v2\/media\/319586"}],"wp:attachment":[{"href":"https:\/\/my-eliquid.de\/ro\/wp-json\/wp\/v2\/media?parent=304978"}],"wp:term":[{"taxonomy":"product_brand","embeddable":true,"href":"https:\/\/my-eliquid.de\/ro\/wp-json\/wp\/v2\/product_brand?post=304978"},{"taxonomy":"product_cat","embeddable":true,"href":"https:\/\/my-eliquid.de\/ro\/wp-json\/wp\/v2\/product_cat?post=304978"},{"taxonomy":"product_tag","embeddable":true,"href":"https:\/\/my-eliquid.de\/ro\/wp-json\/wp\/v2\/product_tag?post=304978"}],"curies":[{"name":"wp","href":"https:\/\/api.w.org\/{rel}","templated":true}]}}