{"id":304989,"date":"2016-02-12T00:00:00","date_gmt":"2016-02-11T23:00:00","guid":{"rendered":"https:\/\/my-eliquid.de\/shop\/compvape-double-vision-rda\/"},"modified":"2025-12-29T09:05:33","modified_gmt":"2025-12-29T08:05:33","slug":"compvape-double-vision-rda","status":"publish","type":"product","link":"https:\/\/my-eliquid.de\/ro\/shop\/compvape-double-vision-rda\/","title":{"rendered":"Compvape Double Vision RDA"},"content":{"rendered":"<h4>Compvape Double Vision RDA<\/h4>\n<p><span>Compvape este unul dintre pu\u021binii produc\u0103tori care continu\u0103 s\u0103 zguduie pia\u021ba RDA aproape saturat\u0103. Capodoperele anterioare ale Compvape, El Cabron, 13 Heavens 9 Hells \u0219i Twisted Messes RDA au fost \u0219i sunt toate dripper-uri de \u00eenalt\u0103 performan\u021b\u0103 care, de asemenea, se disting vizual de concuren\u021b\u0103. Acum vine un alt dripper: Double Vision RDA!<\/span><\/p>\n<p><span>Piesa central\u0103 a Double Vision <strong>ADR<\/strong> formeaz\u0103 puntea \u00eentr-un design cu doi st\u00e2lpi. Cei doi st\u00e2lpi puternici au fiecare o gaur\u0103 de 3 x 4 mm. Aproape orice bobine imaginabile \u0219i exotice pot fi ata\u0219ate cu u\u0219urin\u021b\u0103 prin deschiderile ovale imense. Plasarea bobinelor este extrem de simpl\u0103, iar vat\u0103 \u00ee\u0219i g\u0103se\u0219te locul la fel de u\u0219or \u0219i \u00een tava uria\u0219\u0103 pentru lichide, cu o ad\u00e2ncime de 6 mm.<\/span><\/p>\n<p><span>Man\u0219onul vaporizatorului a fost scurtat cu 3 mm comparativ cu alte picur\u0103toare de la Compvape. Datorit\u0103 camerei mai mici a vaporizatorului, Double Vision RDA promite \u0219i mai mult\u0103 arom\u0103 \u0219i vapori mai densi. Inelul pentru reglarea fluxului de aer cu deschiderile sale inteligent proiectate asigur\u0103 o mul\u021bime de turbulen\u021be de aer \u00een interior. Inelul poate fi utilizat pentru a regla fluxul de aer \u0219i pentru a comuta \u00eentre func\u021bionarea cu bobin\u0103 simpl\u0103 \u0219i dubl\u0103.<\/span><\/p>\n<p><span>\u00cen partea de sus se afl\u0103 un DripTip Delrin solid cu un diametru interior de 12 mm - <strong>Urm\u0103rirea norilor<\/strong> \u0219i <strong>Extragere deschis\u0103<\/strong> Fanii vor fi \u00eenc\u00e2nta\u021bi!<\/span><\/p>\n<p><span>\u00cen plus fa\u021b\u0103 de piesele de schimb obi\u0219nuite (\u0219uruburi, O-ring-uri etc.), pachetul de livrare include o a doua punte complet\u0103. De asemenea, este inclus un al doilea inel AFC de culoare neagr\u0103.\u00a0<\/span><\/p>\n<p>\u00a0<\/p>\n<p><strong>Iat\u0103 c\u00e2teva detalii:<\/strong><\/p>\n<ul>\n<li>Design cu 2 posturi (2 suporturi pentru s\u00e2rm\u0103) cu g\u0103uri de 3,0 mm grosime fiecare.<\/li>\n<li>Carcasa \u0219i baza sunt fabricate din o\u021bel inoxidabil 304.<\/li>\n<li>Se utilizeaz\u0103 un st\u00e2lp dublu plus din alam\u0103 \u0219i acoperit cu argint.\u00a0<\/li>\n<li>Baza con\u021bine un rezervor de lichid cu un diametru de 22 mm \u0219i o ad\u00e2ncime de 6 mm pentru a con\u021bine p\u00e2n\u0103 la 2 ml (\u00een func\u021bie de cantitatea de vat\u0103). .<\/li>\n<\/ul>\n<p>\u00a0<\/p>\n<div class=\"_3hi clearfix\">\n<div class=\"_1yr\"><strong>\u00a0\u00cen setul de picurare Compvape Double Vision:<\/strong><\/div>\n<div class=\"_1yr\">\u00a0<\/div>\n<div class=\"_1yr\">\n<table class=\"flat-table\">\n<tbody>\n<tr>\n<td>1x<\/td>\n<td>RDA Double Vision de la Compvape cu DripTip Delrin<\/td>\n<\/tr>\n<tr>\n<td>1x<\/td>\n<td>Man\u0219on de control al tirajului \u00een negru pentru \u00eenlocuire<\/td>\n<\/tr>\n<tr>\n<td>1x<\/td>\n<td>Sac de piese de schimb (\u0219uruburi, O-ring-uri \u0219i cheie Allen)<\/td>\n<\/tr>\n<tr>\n<td>1x<\/td>\n<td>Punte de rezerv\u0103 sau a doua punte<\/td>\n<\/tr>\n<\/tbody>\n<\/table>\n<\/div>\n<\/div>","protected":false},"excerpt":{"rendered":"<p>Compvape Double Vision RDA, inel AFC cu dou\u0103 g\u0103uri de 3,0 mm, fabricat din o\u021bel inoxidabil 304, pin de contact din alam\u0103 placat cu argint. RDA de 22 mm cu rezervor de lichid de 6 mm. Logo Compvape pe inelul AFC<\/p>","protected":false},"featured_media":319856,"comment_status":"open","ping_status":"closed","template":"","meta":{"_acf_changed":false,"_relevanssi_hide_post":"","_relevanssi_hide_content":"","_relevanssi_pin_for_all":"","_relevanssi_pin_keywords":"","_relevanssi_unpin_keywords":"","_relevanssi_related_keywords":"","_relevanssi_related_include_ids":"","_relevanssi_related_exclude_ids":"","_relevanssi_related_no_append":"","_relevanssi_related_not_related":"","_relevanssi_related_posts":"","_relevanssi_noindex_reason":""},"product_brand":[],"product_cat":[4713,4781,4886,4714,4793],"product_tag":[7304,7794,5411,6357,5310,6939,5251,7795],"class_list":{"0":"post-304989","1":"product","2":"type-product","3":"status-publish","4":"has-post-thumbnail","6":"product_cat-e-zigaretten","7":"product_cat-e-zigaretten-hersteller","8":"product_cat-lagerverkauf-hardware-sale","9":"product_cat-selbstwickler","10":"product_cat-e-zigaretten-liquid-basen-aroma-vape-sale","11":"product_tag-compvape","12":"product_tag-double","13":"product_tag-e-zigaretten","14":"product_tag-hardware","15":"product_tag-neuheiten","16":"product_tag-rda","17":"product_tag-selbstwickler","18":"product_tag-vision","19":"product_shipping_class-standard","21":"first","22":"instock","23":"sale","24":"taxable","25":"shipping-taxable","26":"purchasable","27":"product-type-simple"},"acf":[],"_links":{"self":[{"href":"https:\/\/my-eliquid.de\/ro\/wp-json\/wp\/v2\/product\/304989","targetHints":{"allow":["GET"]}}],"collection":[{"href":"https:\/\/my-eliquid.de\/ro\/wp-json\/wp\/v2\/product"}],"about":[{"href":"https:\/\/my-eliquid.de\/ro\/wp-json\/wp\/v2\/types\/product"}],"replies":[{"embeddable":true,"href":"https:\/\/my-eliquid.de\/ro\/wp-json\/wp\/v2\/comments?post=304989"}],"wp:featuredmedia":[{"embeddable":true,"href":"https:\/\/my-eliquid.de\/ro\/wp-json\/wp\/v2\/media\/319856"}],"wp:attachment":[{"href":"https:\/\/my-eliquid.de\/ro\/wp-json\/wp\/v2\/media?parent=304989"}],"wp:term":[{"taxonomy":"product_brand","embeddable":true,"href":"https:\/\/my-eliquid.de\/ro\/wp-json\/wp\/v2\/product_brand?post=304989"},{"taxonomy":"product_cat","embeddable":true,"href":"https:\/\/my-eliquid.de\/ro\/wp-json\/wp\/v2\/product_cat?post=304989"},{"taxonomy":"product_tag","embeddable":true,"href":"https:\/\/my-eliquid.de\/ro\/wp-json\/wp\/v2\/product_tag?post=304989"}],"curies":[{"name":"wp","href":"https:\/\/api.w.org\/{rel}","templated":true}]}}