{"id":304994,"date":"2025-03-27T00:00:00","date_gmt":"2025-03-26T23:00:00","guid":{"rendered":"https:\/\/my-eliquid.de\/shop\/ijoy-combo-rdta-6-5ml-tank-verdampfer-selbstwickler-25mm-disabled\/"},"modified":"2026-02-06T10:45:54","modified_gmt":"2026-02-06T09:45:54","slug":"ijoy-combo-rdta-6-5ml-tank-verdampfer-selbstwickler-25mm-disabled","status":"publish","type":"product","link":"https:\/\/my-eliquid.de\/ro\/shop\/ijoy-combo-rdta-6-5ml-tank-verdampfer-selbstwickler-25mm-disabled\/","title":{"rendered":"ijoy | Combo RDTA | 6.5ml | Tank Vaporizator | 25mm"},"content":{"rendered":"<p><strong>Kombinieren ohne Grenzen \u2013 der Tank, der alles kann!<\/strong><\/p>\n<p> Ob als Tr\u00f6pfler oder klassischer Tankverdampfer \u2013 der Combo RDTA bietet Ihnen beides: den intensiven Geschmack eines Tr\u00f6pfflers und die Reichweite eines Tanksystems. Mit einem Durchmesser von 25 mm und einem Fassungsverm\u00f6gen von 6,5 ml beeindruckt dieser hochwertige Verdampfer, der aus Edelstahl und Pyrexglas gefertigt ist, nicht nur funktional, sondern auch optisch \u2013 ein wahrer Augenschmaus dank klarer Linienf\u00fchrung.<\/p>\n<p>Die stufenlos verstellbare Airflow-Richtung erm\u00f6glicht eine individuelle Einstellung von parallel bis quer zu den Wicklungen, w\u00e4hrend PEEK-Isolatoren und Delrin-Mundst\u00fccke effektiv zur Ableitung der Betriebsw\u00e4rme beitragen. Das innovative Sidefillsystem sorgt zudem f\u00fcr eine bequeme Bef\u00fcllung.<\/p>\n<p>Besonders attraktiv f\u00fcr Selbstwickler ist die gro\u00dfe Vielfalt an m\u00f6glichen Decks: Im Set enthalten sind das Dualdeck im Velocity-Stil sowie das IMC-2 Deck mit zwei Klemmen. Die gro\u00dfz\u00fcgigen Decks mit einem Durchmesser von 20,5 mm sind vergoldet und garantieren so eine optimale Leitf\u00e4higkeit.<\/p>\n<p><strong>Note importante \u0219i instruc\u021biuni de siguran\u021b\u0103:<\/strong><br \/> - Acest produs este destinat exclusiv utiliz\u0103rii de c\u0103tre persoane cu v\u00e2rsta de peste 18 ani.<br \/> \u2022 Bitte montieren und verwenden Sie den Verdampfer nur gem\u00e4\u00df den Herstelleranweisungen.<br \/> \u2022 Unsachgem\u00e4\u00dfer Gebrauch oder falscher Zusammenbau k\u00f6nnen zu Funktionsst\u00f6rungen oder Verletzungen f\u00fchren.<br \/> - \u021aine\u021bi produsul departe de copii \u0219i de persoanele neautorizate.<br \/> \u2022 Beachten Sie stets die geltenden gesetzlichen Bestimmungen und Entsorgungsrichtlinien.<\/p>","protected":false},"excerpt":{"rendered":"<p>The <strong>COMBO RDTA<\/strong> este primul tank RDTA cu un deck \u00eenlocuibil, placat cu aur \u0219i permite utilizarea de bobine prefabricate - ideal pentru experien\u021be flexibile de vaping. Numai pentru utilizare de la v\u00e2rsta de 18 ani.<\/p>","protected":false},"featured_media":319939,"comment_status":"open","ping_status":"closed","template":"","meta":{"_acf_changed":false,"_relevanssi_hide_post":"","_relevanssi_hide_content":"","_relevanssi_pin_for_all":"","_relevanssi_pin_keywords":"","_relevanssi_unpin_keywords":"","_relevanssi_related_keywords":"","_relevanssi_related_include_ids":"","_relevanssi_related_exclude_ids":"","_relevanssi_related_no_append":"","_relevanssi_related_not_related":"","_relevanssi_related_posts":"","_relevanssi_noindex_reason":""},"product_brand":[],"product_cat":[4713,4781,4813,4789,4774],"product_tag":[7069,7070,7309,1391,5646,7817,5684,7818,5251,5174,4920],"class_list":{"0":"post-304994","1":"product","2":"type-product","3":"status-publish","4":"has-post-thumbnail","6":"product_cat-e-zigaretten","7":"product_cat-e-zigaretten-hersteller","8":"product_cat-ijoy","9":"product_cat-selbstwickler-1","10":"product_cat-verdampfer","11":"product_tag-25mm","12":"product_tag-5ml","13":"product_tag-7309","14":"product_tag-bitte","15":"product_tag-clearomizer","16":"product_tag-combo","17":"product_tag-ijoy","18":"product_tag-rdta","19":"product_tag-selbstwickler","20":"product_tag-tank","21":"product_tag-verdampfer","22":"product_shipping_class-standard","24":"first","25":"outofstock","26":"taxable","27":"shipping-taxable","28":"purchasable","29":"product-type-variable"},"acf":[],"_links":{"self":[{"href":"https:\/\/my-eliquid.de\/ro\/wp-json\/wp\/v2\/product\/304994","targetHints":{"allow":["GET"]}}],"collection":[{"href":"https:\/\/my-eliquid.de\/ro\/wp-json\/wp\/v2\/product"}],"about":[{"href":"https:\/\/my-eliquid.de\/ro\/wp-json\/wp\/v2\/types\/product"}],"replies":[{"embeddable":true,"href":"https:\/\/my-eliquid.de\/ro\/wp-json\/wp\/v2\/comments?post=304994"}],"wp:featuredmedia":[{"embeddable":true,"href":"https:\/\/my-eliquid.de\/ro\/wp-json\/wp\/v2\/media\/319939"}],"wp:attachment":[{"href":"https:\/\/my-eliquid.de\/ro\/wp-json\/wp\/v2\/media?parent=304994"}],"wp:term":[{"taxonomy":"product_brand","embeddable":true,"href":"https:\/\/my-eliquid.de\/ro\/wp-json\/wp\/v2\/product_brand?post=304994"},{"taxonomy":"product_cat","embeddable":true,"href":"https:\/\/my-eliquid.de\/ro\/wp-json\/wp\/v2\/product_cat?post=304994"},{"taxonomy":"product_tag","embeddable":true,"href":"https:\/\/my-eliquid.de\/ro\/wp-json\/wp\/v2\/product_tag?post=304994"}],"curies":[{"name":"wp","href":"https:\/\/api.w.org\/{rel}","templated":true}]}}