{"id":305004,"date":"2020-06-25T00:00:00","date_gmt":"2020-06-24T22:00:00","guid":{"rendered":"https:\/\/my-eliquid.de\/shop\/council-of-vapor-royal-hunter-x-rda\/"},"modified":"2025-11-25T13:53:18","modified_gmt":"2025-11-25T12:53:18","slug":"council-of-vapor-royal-hunter-x-rda","status":"publish","type":"product","link":"https:\/\/my-eliquid.de\/ro\/shop\/council-of-vapor-royal-hunter-x-rda\/","title":{"rendered":"Consiliul de vapori | Royal Hunter X | RDA"},"content":{"rendered":"<p><strong>Der Royal Hunter X RDA<\/strong> de la <strong>Council of Vapor<\/strong><\/p>\n<p>Er stellt eines der innovativsten und intuitivsten Baudeck-Designs dar, das sich durch ein Zwei-Pfosten-Design mit Doppelanschl\u00fcssen an jedem Pfosten sowie einen Klammerklammermechanismus auszeichnet. Der\u00a0<strong>Royal Hunter X 24mm RDA<\/strong> ist eine komplette Neukonstruktion der urspr\u00fcnglichen Royal Hunter und Royal Hunter Mini. Die Royal Hunter X 24mm RDA verf\u00fcgt \u00fcber eine wundersch\u00f6n gearbeitete H\u00fclse mit tiefen Gravuren, die ein atemberaubendes Schaust\u00fcck darstellt und unter den heutigen Top-Zerst\u00e4ubern, die sich wiederaufbauen lassen, hervorsticht. Au\u00dferdem verf\u00fcgt sie \u00fcber austauschbare farbige H\u00fclsen, die dem beeindruckenden Geh\u00e4use weitere stilistische Elemente hinzuf\u00fcgen. Die Pionierleistung liegt im Baudeck, das die bew\u00e4hrten Zwei-Pfosten- und Doppelanschl\u00fcsse pro Pfosten mit der Integration von Klammerklammermechanismen zu einer wirklich vielseitigen Einheit kombiniert. Das Ergebnis ist eine weitr\u00e4umige Baukammer mit der M\u00f6glichkeit, Spulenleitungen durch die vier Anschluss\u00f6ffnungen zu befestigen oder f\u00fcr gr\u00f6\u00dfere Spulenstrukturen in die gro\u00dfe Oberfl\u00e4che der Klammer einzuf\u00fcgen. In jedem Satz ist eine ultra-breite Tropfspitze f\u00fcr ausgezeichnete Hitzebest\u00e4ndigkeit und K\u00fchleigenschaften in Verbindung mit einem einstellbaren Luftstromsystem enthalten, das drei parallele geschlitzte \u00d6ffnungen auf jeder Seite aufweist. <strong>Die Royal Hunter X RDA<\/strong> bietet eine ausgezeichnete Ausgewogenheit von engagierter Handwerkskunst zusammen mit einem wirklich vielseitigen Design von einem der bekanntesten Hersteller in der Branche und verk\u00f6rpert Eigenschaften, die von jedem Enthusiasten und fortgeschrittenen Konstrukteur gew\u00fcnscht werden.<\/p>\n<p>Rat der Vapor Royal Hunter X RDA Merkmale:<\/p>\n<p>24mm Durchmesser<br \/>\nTiefe Saftquelle<br \/>\n\u00dcberlegene Konstruktion aus Edelstahl<br \/>\nTwo-in-One Build Deck Integration<br \/>\nHorizontale Zwei-Posten-Doppelterminals &#8211; Top-gesichert<br \/>\nHeftklammer-Style Two-Post &#8211; Zentral gesichert \u00fcber Flachkopfschrauben<br \/>\nPr\u00e4zisionsgeschnittene parallele Luftschlitze<br \/>\nEinstellbare Luftstromsteuerung<br \/>\nUltra-Breitbohr-Tropfspitze &#8211; Hervorragende K\u00fchleigenschaften<br \/>\nGerillte stilistische H\u00fclsen<br \/>\nWundersch\u00f6ne austauschbare H\u00fclsen &#8211; Optional<br \/>\n510 Verbindung<\/p>","protected":false},"excerpt":{"rendered":"<p>The\u00a0<strong>Royal Hunter X 24mm RDA<\/strong>\u00a0este o reproiectare complet\u0103 a originalului Royal Hunter \u0219i Royal Hunter Mini. Royal Hunter X 24mm RDA are un man\u0219on frumos lucrat cu gravuri ad\u00e2nci.<\/p>","protected":false},"featured_media":319875,"comment_status":"open","ping_status":"closed","template":"","meta":{"_acf_changed":false,"_relevanssi_hide_post":"","_relevanssi_hide_content":"","_relevanssi_pin_for_all":"","_relevanssi_pin_keywords":"","_relevanssi_unpin_keywords":"","_relevanssi_related_keywords":"","_relevanssi_related_include_ids":"","_relevanssi_related_exclude_ids":"","_relevanssi_related_no_append":"","_relevanssi_related_not_related":"","_relevanssi_related_posts":"","_relevanssi_noindex_reason":""},"product_brand":[],"product_cat":[4713,4781,4886,4789,4793,4774],"product_tag":[1391,6918,5411,6357,7865,6919,6939,5182,6916,5251,6917,6682,6920,4920,6767],"class_list":{"0":"post-305004","1":"product","2":"type-product","3":"status-publish","4":"has-post-thumbnail","6":"product_cat-e-zigaretten","7":"product_cat-e-zigaretten-hersteller","8":"product_cat-lagerverkauf-hardware-sale","9":"product_cat-selbstwickler-1","10":"product_cat-e-zigaretten-liquid-basen-aroma-vape-sale","11":"product_cat-verdampfer","12":"product_tag-bitte","13":"product_tag-council","14":"product_tag-e-zigaretten","15":"product_tag-hardware","16":"product_tag-hunter","17":"product_tag-of","18":"product_tag-rda","19":"product_tag-royal","20":"product_tag-sale","21":"product_tag-selbstwickler","22":"product_tag-the","23":"product_tag-vape","24":"product_tag-vapor","25":"product_tag-verdampfer","26":"product_tag-x","27":"product_shipping_class-standard","29":"first","30":"instock","31":"sale","32":"taxable","33":"shipping-taxable","34":"purchasable","35":"product-type-variable"},"acf":[],"_links":{"self":[{"href":"https:\/\/my-eliquid.de\/ro\/wp-json\/wp\/v2\/product\/305004","targetHints":{"allow":["GET"]}}],"collection":[{"href":"https:\/\/my-eliquid.de\/ro\/wp-json\/wp\/v2\/product"}],"about":[{"href":"https:\/\/my-eliquid.de\/ro\/wp-json\/wp\/v2\/types\/product"}],"replies":[{"embeddable":true,"href":"https:\/\/my-eliquid.de\/ro\/wp-json\/wp\/v2\/comments?post=305004"}],"wp:featuredmedia":[{"embeddable":true,"href":"https:\/\/my-eliquid.de\/ro\/wp-json\/wp\/v2\/media\/319875"}],"wp:attachment":[{"href":"https:\/\/my-eliquid.de\/ro\/wp-json\/wp\/v2\/media?parent=305004"}],"wp:term":[{"taxonomy":"product_brand","embeddable":true,"href":"https:\/\/my-eliquid.de\/ro\/wp-json\/wp\/v2\/product_brand?post=305004"},{"taxonomy":"product_cat","embeddable":true,"href":"https:\/\/my-eliquid.de\/ro\/wp-json\/wp\/v2\/product_cat?post=305004"},{"taxonomy":"product_tag","embeddable":true,"href":"https:\/\/my-eliquid.de\/ro\/wp-json\/wp\/v2\/product_tag?post=305004"}],"curies":[{"name":"wp","href":"https:\/\/api.w.org\/{rel}","templated":true}]}}