{"id":305005,"date":"2024-06-25T00:00:00","date_gmt":"2024-06-24T22:00:00","guid":{"rendered":"https:\/\/my-eliquid.de\/shop\/lost-mary-tappo-basisgerat\/"},"modified":"2025-11-25T13:50:57","modified_gmt":"2025-11-25T12:50:57","slug":"lost-mary-tappo-basisgerat","status":"publish","type":"product","link":"https:\/\/my-eliquid.de\/ro\/shop\/lost-mary-tappo-basisgerat\/","title":{"rendered":"Lost Mary | Tappo | Unitate de baz\u0103"},"content":{"rendered":"<h3>Lost Mary Tappo - Bateria perfect\u0103 pentru o experien\u021b\u0103 de vapat excep\u021bional\u0103<\/h3>\n<p>Lost Mary Tappo este bateria ideal\u0103 pentru podurile Tappo preumplute de la acela\u0219i produc\u0103tor. Alternativ, dispozitivul poate fi utilizat \u0219i cu doze ELFBAR Elfa preumplute. Echipat cu o baterie intern\u0103 care are o capacitate de 750 mAh, Lost Mary Tappo ofer\u0103 performan\u021be impresionante \u0219i o durat\u0103 lung\u0103 de via\u021b\u0103.<\/p>\n<p>Un indicator LED integrat arat\u0103 nivelul de \u00eenc\u0103rcare al bateriei:<\/p>\n<ul>\n<li><strong>Verde<\/strong> (>50%)<\/li>\n<li><strong>Albastru<\/strong> (50-20%)<\/li>\n<li><strong>Ro\u0219u<\/strong> (<20%)<\/li>\n<\/ul>\n<p>Datorit\u0103 cablului USB de tip C, dispozitivul poate fi \u00eenc\u0103rcat rapid \u0219i eficient. Bateria Lost Mary Tappo este activat\u0103 printr-o tragere a mu\u0219tiucului, ceea ce \u00eel face u\u0219or \u0219i intuitiv de utilizat. Combina\u021bia dintre podurile \u00eenlocuibile \u0219i bateria re\u00eenc\u0103rcabil\u0103 face din sistemul Lost Mary PreFilled Pod o alternativ\u0103 mai ecologic\u0103 \u00een compara\u021bie cu \u021big\u0103rile electronice de unic\u0103 folosin\u021b\u0103.<\/p>\n<p><strong>Poduri Tappo preumplute de la Lost Mary<\/strong><\/p>\n<p>Podurile Tappo preumplute de la Lost Mary sunt disponibile \u00een magazinul nostru \u00een 10 arome diferite. Fiecare pod este preumplut cu 2 mililitri de lichid cu sare de nicotin\u0103 (20 mg \/ ml) \u0219i con\u021bine o bobin\u0103 QUAQ Mesh Coil cu o rezisten\u021b\u0103 de 1,2 ohmi, care asigur\u0103 o experien\u021b\u0103 pl\u0103cut\u0103 de vaping cu puffs de la gur\u0103 la pl\u0103m\u00e2ni. Rezervorul de la Lost Mary PreFilled Pods nu este re\u00eenc\u0103rcabil, ceea ce face manipularea deosebit de necomplicat\u0103.<\/p>\n<p><strong>Compatibilitate cu ELFBAR Elfa Pods<\/strong><\/p>\n<p>Bateria Lost Mary Tappo este compatibil\u0103 \u0219i cu podurile preumplute ELFBAR Elfa, care ofer\u0103 o gam\u0103 larg\u0103 de arome. Podurile sistemului Elfa con\u021bin, de asemenea, 2 mililitri de lichid cu sare de nicotin\u0103, cu o concentra\u021bie de nicotin\u0103 de 20 mg\/ml \u0219i utilizeaz\u0103 o bobin\u0103 cu plas\u0103 integrat\u0103. Acestea sunt conectate la bateria Tappo prin simpla lor conectare, ceea ce le face u\u0219or de utilizat.<\/p>\n<p><strong>Avantaje la o privire de ansamblu:<\/strong><\/p>\n<ul>\n<li><strong>Baterie de \u00eenalt\u0103 calitate<\/strong>Capacitate de 750 mAh pentru o durat\u0103 lung\u0103 de via\u021b\u0103.<\/li>\n<li><strong>Indicator LED<\/strong>Indic\u0103 nivelul de \u00eenc\u0103rcare \u00een trei culori.<\/li>\n<li><strong>\u00cenc\u0103rcare rapid\u0103<\/strong>Cablu USB de tip C pentru \u00eenc\u0103rcare eficient\u0103.<\/li>\n<li><strong>Activare simpl\u0103<\/strong>Prin tragerea piesei bucale.<\/li>\n<li><strong>Ecologic<\/strong>Baterie re\u00eenc\u0103rcabil\u0103 \u0219i doze \u00eenlocuibile.<\/li>\n<li><strong>Varietate de arome<\/strong>10 arome pentru podurile Tappo, selec\u021bie larg\u0103 pentru podurile Elfa.<\/li>\n<\/ul>\n<p>Experimenta\u021bi cea mai bun\u0103 experien\u021b\u0103 de vapat cu Lost Mary Tappo \u0219i capsulele compatibile. Comanda\u021bi acum \u0219i bucura\u021bi-v\u0103 de combina\u021bia perfect\u0103 de confort, calitate \u0219i arom\u0103!<\/p>","protected":false},"excerpt":{"rendered":"<p>Experimenta\u021bi cea mai bun\u0103 experien\u021b\u0103 de vapat cu Lost Mary Tappo \u0219i capsulele compatibile. Comanda\u021bi acum \u0219i bucura\u021bi-v\u0103 de combina\u021bia perfect\u0103 de confort, calitate \u0219i arom\u0103!<\/p>","protected":false},"featured_media":319880,"comment_status":"open","ping_status":"closed","template":"","meta":{"_acf_changed":false,"_relevanssi_hide_post":"","_relevanssi_hide_content":"","_relevanssi_pin_for_all":"","_relevanssi_pin_keywords":"","_relevanssi_unpin_keywords":"","_relevanssi_related_keywords":"","_relevanssi_related_include_ids":"","_relevanssi_related_exclude_ids":"","_relevanssi_related_no_append":"","_relevanssi_related_not_related":"","_relevanssi_related_posts":"","_relevanssi_noindex_reason":""},"product_brand":[],"product_cat":[4713,4771,4781,4772,4906,4886,4722,4793],"product_tag":[7014,1391,6410,6814,7216,5859,7015,6546,7016,7217],"class_list":{"0":"post-305005","1":"product","2":"type-product","3":"status-publish","4":"has-post-thumbnail","6":"product_cat-e-zigaretten","7":"product_cat-e-zigaretten-fuer-einsteiger","8":"product_cat-e-zigaretten-hersteller","9":"product_cat-e-zigaretten-sets","10":"product_cat-elfbar","11":"product_cat-lagerverkauf-hardware-sale","12":"product_cat-neuheiten","13":"product_cat-e-zigaretten-liquid-basen-aroma-vape-sale","14":"product_tag-basisgeraet","15":"product_tag-bitte","16":"product_tag-kit","17":"product_tag-lost","18":"product_tag-mary","19":"product_tag-pod","20":"product_tag-prefilled","21":"product_tag-salz","22":"product_tag-salzliquid","23":"product_tag-tappo","24":"product_shipping_class-standard","26":"first","27":"instock","28":"sale","29":"taxable","30":"shipping-taxable","31":"purchasable","32":"product-type-variable"},"acf":[],"_links":{"self":[{"href":"https:\/\/my-eliquid.de\/ro\/wp-json\/wp\/v2\/product\/305005","targetHints":{"allow":["GET"]}}],"collection":[{"href":"https:\/\/my-eliquid.de\/ro\/wp-json\/wp\/v2\/product"}],"about":[{"href":"https:\/\/my-eliquid.de\/ro\/wp-json\/wp\/v2\/types\/product"}],"replies":[{"embeddable":true,"href":"https:\/\/my-eliquid.de\/ro\/wp-json\/wp\/v2\/comments?post=305005"}],"wp:featuredmedia":[{"embeddable":true,"href":"https:\/\/my-eliquid.de\/ro\/wp-json\/wp\/v2\/media\/319880"}],"wp:attachment":[{"href":"https:\/\/my-eliquid.de\/ro\/wp-json\/wp\/v2\/media?parent=305005"}],"wp:term":[{"taxonomy":"product_brand","embeddable":true,"href":"https:\/\/my-eliquid.de\/ro\/wp-json\/wp\/v2\/product_brand?post=305005"},{"taxonomy":"product_cat","embeddable":true,"href":"https:\/\/my-eliquid.de\/ro\/wp-json\/wp\/v2\/product_cat?post=305005"},{"taxonomy":"product_tag","embeddable":true,"href":"https:\/\/my-eliquid.de\/ro\/wp-json\/wp\/v2\/product_tag?post=305005"}],"curies":[{"name":"wp","href":"https:\/\/api.w.org\/{rel}","templated":true}]}}