{"id":305009,"date":"2018-03-14T00:00:00","date_gmt":"2018-03-13T23:00:00","guid":{"rendered":"https:\/\/my-eliquid.de\/shop\/le-cube\/"},"modified":"2026-02-02T08:49:14","modified_gmt":"2026-02-02T07:49:14","slug":"le-cube","status":"publish","type":"product","link":"https:\/\/my-eliquid.de\/ro\/shop\/le-cube\/","title":{"rendered":"Le Cube - Jwell"},"content":{"rendered":"<p>\u00cenc\u0103 o dat\u0103 aduce <strong>JWELL<\/strong> cu <strong>LE CUB<\/strong>E este o \u021bigar\u0103 electronic\u0103 care se deta\u0219eaz\u0103 de toate celelalte dispozitive de p\u00e2n\u0103 acum. \u0218i nu spun doar asta, ci chiar a\u0219a este:<\/p>\n<p><strong>LE CUBE<\/strong> este mic! 5,5 cm \u00een\u0103l\u021bime, 3,5 cm l\u0103\u021bime \u0219i 2,5 cm grosime. La doar 79 de grame, este, de asemenea, o greutate neobi\u0219nuit\u0103 printre mini MOD-uri. Cu aceste dimensiuni, vaporizatorul este deja integrat \u0219i doar piesa bucal\u0103 iese cu aproximativ un centimetru din cub. O capacitate a bateriei de <strong>1,750mAh<\/strong> este neobi\u0219nuit de mare pentru o \u021bigar\u0103 electronic\u0103 at\u00e2t de mic\u0103. Designul rezisten\u021bei vaporizatorului de<strong> 0,6 Ohm<\/strong> se potrive\u0219te foarte bine capacit\u0103\u021bii din punct de vedere pur electric \u0219i, mai presus de toate, din punct de vedere al rezisten\u021bei, \u0219i atest\u0103 expertiza e-cigaretei. Rezervorul de dimensiuni generoase \u0219i integrat cu un volum de 2 ml \u00eentr-o \u021bigar\u0103 electronic\u0103 at\u00e2t de mic\u0103 este la fel de impresionant.<\/p>\n<p>Rezervorul este \u00eentr-un \u201c<strong>Cardridge<\/strong>\u201d - o unitate re\u00eenc\u0103rcabil\u0103 format\u0103 dintr-o pies\u0103 bucal\u0103, <strong>Miezul vaporizatorului<\/strong> \u0219i rezervor de lichid cu indicator al nivelului de umplere. \u00cen ceea ce prive\u0219te designul, LE CUBE este simplu \u0219i f\u0103r\u0103 \u00eenflorituri. \u201cCol\u021burile rotunde\u201d \u00eei confer\u0103 un aspect pl\u0103cut \u0219i \u00eel fac ergonomic de manevrat. Designul <strong>Pies\u0103 bucal\u0103<\/strong> sunt proiectate \u00een mod deliberat cu asimetrie, astfel \u00eenc\u00e2t modulul este \u021binut automat \u00een direc\u021bia corect\u0103. Butonul de aprindere relativ mare acoper\u0103 un col\u021b \u00eentreg al dispozitivului \u0219i este operat intuitiv cu degetul mare; pozi\u021bia \u0219i punctul de presiune sunt pl\u0103cute. <strong>LE CUBE<\/strong> este un lingu\u0219itor al m\u00e2inilor datorit\u0103 col\u021burilor sale rotunde \u0219i se strecoar\u0103 chiar \u0219i \u00een cel mai mic buzunar 5 al celor mai str\u00e2m\u021bi blugi.<\/p>","protected":false},"excerpt":{"rendered":"<p><strong>LE CUBE<\/strong> este mic! 5,5 cm \u00een\u0103l\u021bime, 3,5 cm l\u0103\u021bime \u0219i 2,5 cm grosime. Cu doar 79 de grame, este, de asemenea, o greutate neobi\u0219nuit\u0103 printre <strong>Mini MOD-uri<\/strong>.\u00a0<\/p>","protected":false},"featured_media":319530,"comment_status":"open","ping_status":"closed","template":"","meta":{"_acf_changed":false,"_relevanssi_hide_post":"","_relevanssi_hide_content":"","_relevanssi_pin_for_all":"","_relevanssi_pin_keywords":"","_relevanssi_unpin_keywords":"","_relevanssi_related_keywords":"","_relevanssi_related_include_ids":"","_relevanssi_related_exclude_ids":"","_relevanssi_related_no_append":"","_relevanssi_related_not_related":"","_relevanssi_related_posts":"","_relevanssi_noindex_reason":""},"product_brand":[],"product_cat":[4713,4781,4886,4793],"product_tag":[1391,7124,5411,7125,6870],"class_list":{"0":"post-305009","1":"product","2":"type-product","3":"status-publish","4":"has-post-thumbnail","6":"product_cat-e-zigaretten","7":"product_cat-e-zigaretten-hersteller","8":"product_cat-lagerverkauf-hardware-sale","9":"product_cat-e-zigaretten-liquid-basen-aroma-vape-sale","10":"product_tag-bitte","11":"product_tag-cube","12":"product_tag-e-zigaretten","13":"product_tag-jwell","14":"product_tag-le","15":"product_shipping_class-standard","17":"first","18":"instock","19":"sale","20":"taxable","21":"shipping-taxable","22":"purchasable","23":"product-type-variable"},"acf":[],"_links":{"self":[{"href":"https:\/\/my-eliquid.de\/ro\/wp-json\/wp\/v2\/product\/305009","targetHints":{"allow":["GET"]}}],"collection":[{"href":"https:\/\/my-eliquid.de\/ro\/wp-json\/wp\/v2\/product"}],"about":[{"href":"https:\/\/my-eliquid.de\/ro\/wp-json\/wp\/v2\/types\/product"}],"replies":[{"embeddable":true,"href":"https:\/\/my-eliquid.de\/ro\/wp-json\/wp\/v2\/comments?post=305009"}],"wp:featuredmedia":[{"embeddable":true,"href":"https:\/\/my-eliquid.de\/ro\/wp-json\/wp\/v2\/media\/319530"}],"wp:attachment":[{"href":"https:\/\/my-eliquid.de\/ro\/wp-json\/wp\/v2\/media?parent=305009"}],"wp:term":[{"taxonomy":"product_brand","embeddable":true,"href":"https:\/\/my-eliquid.de\/ro\/wp-json\/wp\/v2\/product_brand?post=305009"},{"taxonomy":"product_cat","embeddable":true,"href":"https:\/\/my-eliquid.de\/ro\/wp-json\/wp\/v2\/product_cat?post=305009"},{"taxonomy":"product_tag","embeddable":true,"href":"https:\/\/my-eliquid.de\/ro\/wp-json\/wp\/v2\/product_tag?post=305009"}],"curies":[{"name":"wp","href":"https:\/\/api.w.org\/{rel}","templated":true}]}}