{"id":305024,"date":"2023-08-01T00:00:00","date_gmt":"2023-07-31T22:00:00","guid":{"rendered":"https:\/\/my-eliquid.de\/shop\/vaporesso-luxe-qs-pod-kit\/"},"modified":"2025-11-25T13:54:32","modified_gmt":"2025-11-25T12:54:32","slug":"vaporesso-luxe-qs-pod-kit","status":"publish","type":"product","link":"https:\/\/my-eliquid.de\/ro\/shop\/vaporesso-luxe-qs-pod-kit\/","title":{"rendered":"Vaporesso | Luxe QS | Kit Pod"},"content":{"rendered":"<p><strong>Kit pod Vaporesso Luxe QS<\/strong><\/p>\n<p><span>Wie es sich f\u00fcr eine echte Stilikone geh\u00f6rt, pr\u00e4sentiert sich das federleichte Podsystem als stylischer Begleiter, welcher sich mit seiner griffigen H\u00fclle sowohl in Ihrer Hand als auch in jeder Tasche wohlf\u00fchlt. Dar\u00fcberhinaus schmeichelt die auf Hochglanz polierte Oberfl\u00e4che der IML-Panele wohlwollend dem Auge. Mit seinem fest verbauten 1000mAh Akku verf\u00fcgt Ihr neuer Weggef\u00e4hrte \u00fcber ausreichend Energiereserven,\u00a0indessen das markante Logo als optischer Signalgeber mitteilt, wann das Device wieder ans Netz muss.<\/span><\/p>\n<p><span>Vaporesso komplettiert das Luxe QS mit\u00a0zwei differenten\u00a02ml Liquid fassenden Q Pods, welche via Press-To-Fill-System von oben bef\u00fcllt werden, wobei man einfach\u00a0das Mundst\u00fcck nach hinten dr\u00fcckt.\u00a0Hier\u00a0erm\u00f6glicht die 0,6 Ohm Version direkte Lungenz\u00fcge, w\u00e4hrend der 1,0 Ohm Pod auf MTL-Dampfen ausgelegt ist.<\/span><\/p>\n<p><span>Um den Coils wahlweise mehr oder weniger Frischluft zuzuf\u00fchren, lassen sich die Pods um 180\u00b0 gedreht einsetzen, sodass neben zarten Wolken die Entfaltung intensiver Aromen sowohl Einsteiger als auch erfahrene Nutzer beeindrucken. Dank bew\u00e4hrter COREX-Heiztechnologie sorgen die Coils mit Morph Mesh Struktur und optimiertem Innenaufbau dabei f\u00fcr eine verbesserte Dampfentwicklung sowie l\u00e4ngere Nutzungsdauer.<\/span><\/p>\n<p><span><span><strong>Daten:<\/strong><\/span><\/span><\/p>\n<ul>\n<li><span><span>Ausgelegt f\u00fcr den Indirekten Lungenzug (MTL &#038; RDL)<\/span><\/span><\/li>\n<li><span><span>Material: Zink-Legierung &#038; PCTG<\/span><\/span><\/li>\n<li><span><span>Integrierter 1000 mAh Akku<\/span><\/span><\/li>\n<li><span><span>USB Typ-C Charging<\/span><\/span><\/li>\n<li><span><span>Automatische Leistungsanpassung<\/span><\/span><\/li>\n<li><span><span>Sistem automat de trac\u021biune<\/span><\/span><\/li>\n<li><span><span>Farbige LED zur Anzeige von Betriebsstatus, Ladefortschritt und Akkustand<\/span><\/span><\/li>\n<li><span><span>Umfangreiche Schutzschaltungen an Bord<\/span><\/span><\/li>\n<li><span><span>2 Airflow Einstellungen durch drehen des Pods um 180\u00b0<\/span><\/span><\/li>\n<li><span><span>2ml Tankvolumen mit Top-Fill System<\/span><\/span><\/li>\n<li><span><span>Magnetische Pod-Fixierung<\/span><\/span><\/li>\n<li><span><span>Kompatibel zu den Vaporesso &#8211; Luxe Q Pods<\/span><\/span><\/li>\n<\/ul>\n<p><span><span><strong>Dimensiuni:<\/strong><\/span><\/span><\/p>\n<ul>\n<li><span><span>L\u00e4nge: 91,9mm<\/span><\/span><\/li>\n<li><span><span>Breite: 26mm<\/span><\/span><\/li>\n<li><span><span>Tiefe: 16,5mm<\/span><\/span><\/li>\n<\/ul>","protected":false},"excerpt":{"rendered":"<p>The <strong>Kit pod Vaporesso Luxe QS<\/strong>\u00a0 Kitul Luxe QS Pod de la Varoresso este un dispozitiv mic, u\u0219or de manevrat \u0219i fiabil, care va \u00eenc\u00e2nta at\u00e2t vaperii pasiona\u021bi, c\u00e2t \u0219i \u00eencep\u0103torii.<\/p>","protected":false},"featured_media":319644,"comment_status":"open","ping_status":"closed","template":"","meta":{"_acf_changed":false,"_relevanssi_hide_post":"","_relevanssi_hide_content":"","_relevanssi_pin_for_all":"","_relevanssi_pin_keywords":"","_relevanssi_unpin_keywords":"","_relevanssi_related_keywords":"","_relevanssi_related_include_ids":"","_relevanssi_related_exclude_ids":"","_relevanssi_related_no_append":"","_relevanssi_related_not_related":"","_relevanssi_related_posts":"","_relevanssi_noindex_reason":""},"product_brand":[],"product_cat":[4713,4771,4781,4772,4886,4722,4793,4810],"product_tag":[1391,5411,6358,6712,4974,6410,6791,5859,7210,6747,6051],"class_list":{"0":"post-305024","1":"product","2":"type-product","3":"status-publish","4":"has-post-thumbnail","6":"product_cat-e-zigaretten","7":"product_cat-e-zigaretten-fuer-einsteiger","8":"product_cat-e-zigaretten-hersteller","9":"product_cat-e-zigaretten-sets","10":"product_cat-lagerverkauf-hardware-sale","11":"product_cat-neuheiten","12":"product_cat-e-zigaretten-liquid-basen-aroma-vape-sale","13":"product_cat-vaporesso","14":"product_tag-bitte","15":"product_tag-e-zigaretten","16":"product_tag-einsteiger","17":"product_tag-fuer","18":"product_tag-hersteller","19":"product_tag-kit","20":"product_tag-luxe","21":"product_tag-pod","22":"product_tag-qs","23":"product_tag-sets","24":"product_tag-vaporesso","25":"product_shipping_class-standard","27":"first","28":"instock","29":"sale","30":"taxable","31":"shipping-taxable","32":"purchasable","33":"product-type-variable"},"acf":[],"_links":{"self":[{"href":"https:\/\/my-eliquid.de\/ro\/wp-json\/wp\/v2\/product\/305024","targetHints":{"allow":["GET"]}}],"collection":[{"href":"https:\/\/my-eliquid.de\/ro\/wp-json\/wp\/v2\/product"}],"about":[{"href":"https:\/\/my-eliquid.de\/ro\/wp-json\/wp\/v2\/types\/product"}],"replies":[{"embeddable":true,"href":"https:\/\/my-eliquid.de\/ro\/wp-json\/wp\/v2\/comments?post=305024"}],"wp:featuredmedia":[{"embeddable":true,"href":"https:\/\/my-eliquid.de\/ro\/wp-json\/wp\/v2\/media\/319644"}],"wp:attachment":[{"href":"https:\/\/my-eliquid.de\/ro\/wp-json\/wp\/v2\/media?parent=305024"}],"wp:term":[{"taxonomy":"product_brand","embeddable":true,"href":"https:\/\/my-eliquid.de\/ro\/wp-json\/wp\/v2\/product_brand?post=305024"},{"taxonomy":"product_cat","embeddable":true,"href":"https:\/\/my-eliquid.de\/ro\/wp-json\/wp\/v2\/product_cat?post=305024"},{"taxonomy":"product_tag","embeddable":true,"href":"https:\/\/my-eliquid.de\/ro\/wp-json\/wp\/v2\/product_tag?post=305024"}],"curies":[{"name":"wp","href":"https:\/\/api.w.org\/{rel}","templated":true}]}}