{"id":305025,"date":"2024-07-02T00:00:00","date_gmt":"2024-07-01T22:00:00","guid":{"rendered":"https:\/\/my-eliquid.de\/shop\/lost-mary-tappo-pod-20mg\/"},"modified":"2025-11-25T13:50:58","modified_gmt":"2025-11-25T12:50:58","slug":"lost-mary-tappo-pod-20mg","status":"publish","type":"product","link":"https:\/\/my-eliquid.de\/ro\/shop\/lost-mary-tappo-pod-20mg\/","title":{"rendered":"Lost Mary| Tappo | PODS 20mg | 2ml"},"content":{"rendered":"<\/p>\n<h2>Lost Mary Tappo PODS CU 20MG NIKOTINSALZ 2pcs<\/h2>\n<p><span style=\"font-size: 1.5em;\">Aromele compatibile ale Podurilor Tappo Lost Mary<\/span><\/p>\n<p>Podurile Tappo Lost Mary ofer\u0103 o gam\u0103 larg\u0103 de arome care se armonizeaz\u0103 perfect cu dispozitivele de baz\u0103 Tappo. Aromele disponibile includ:<\/p>\n<ul>\n<li>Limonad\u0103 Blue Razz<\/li>\n<li>Afin\u0103 acri\u0219oar\u0103 Zmeur\u0103<\/li>\n<li>Meri\u0219or Strugure<\/li>\n<li>Kiwi fructul pasiunii Guava<\/li>\n<li>Marystorm<\/li>\n<li>Ghea\u021b\u0103 de piersic\u0103<\/li>\n<li>Limonad\u0103 roz<\/li>\n<li>Pepene verde<\/li>\n<li>Pepene verde Cire\u0219e<\/li>\n<li>Mojito cu pepene ro\u0219u\n<p><strong>Sunt Podurile Lost Mary Tappo compatibile cu Podurile ELFA?<\/strong><br \/>Da, Podurile Lost Mary Tappo sunt pe deplin compatibile cu Podurile ELFA \u0219i pot fi utilizate \u00een dispozitivele respective f\u0103r\u0103 probleme.<\/p>\n<p><strong>C\u00e2te mi\u0219c\u0103ri ofer\u0103 un Lost Mary Tappo Pod?<\/strong><br \/>Un Pod Lost Mary Tappo ofer\u0103 p\u00e2n\u0103 la 600 de fumuri, \u00een func\u021bie de obiceiurile individuale de vaporizare.<\/p>\n<p><strong>Produsele Lost Mary Tappo sunt ecologice?<\/strong><br \/>Da, prin utilizarea bazelor re\u00eenc\u0103rcabile \u0219i a capsulelor \u00eenlocuibile, produsele Lost Mary Tappo contribuie la reducerea de\u0219eurilor electronice \u0219i la promovarea unui vaping mai durabil.<\/p>\n<\/li>\n<\/ul>","protected":false},"excerpt":{"rendered":"<p><span>Podurile Lost Mary Tappo sunt o alternativ\u0103 ecologic\u0103 la \u021big\u0103rile de unic\u0103 folosin\u021b\u0103. Podurile reutilizabile au o capacitate de umplere de 2 ml.<\/span><\/p>","protected":false},"featured_media":319647,"comment_status":"open","ping_status":"closed","template":"","meta":{"_acf_changed":false,"_relevanssi_hide_post":"","_relevanssi_hide_content":"","_relevanssi_pin_for_all":"","_relevanssi_pin_keywords":"","_relevanssi_unpin_keywords":"","_relevanssi_related_keywords":"","_relevanssi_related_include_ids":"","_relevanssi_related_exclude_ids":"","_relevanssi_related_no_append":"","_relevanssi_related_not_related":"","_relevanssi_related_posts":"","_relevanssi_noindex_reason":""},"product_brand":[],"product_cat":[4731,4713,4906,4851,4722],"product_tag":[6810,6811,5858,6951,1391,6953,5094,6948,4949,4999,6955,6956,6813,6591,6553,6952,6608,6959,6949,5023,6345,6814,7216,6950,6958,5209,6594,5096,6954,6859,7217,6928],"class_list":{"0":"post-305025","1":"product","2":"type-product","3":"status-publish","4":"has-post-thumbnail","6":"product_cat-alle-liquids-fur-e-zigaretten","7":"product_cat-e-zigaretten","8":"product_cat-elfbar","9":"product_cat-fremdprodukte","10":"product_cat-neuheiten","11":"product_tag-20mg","12":"product_tag-2ml","13":"product_tag-apple","14":"product_tag-berries","15":"product_tag-bitte","16":"product_tag-blue","17":"product_tag-blueberry","18":"product_tag-candy","19":"product_tag-cherry","20":"product_tag-cola","21":"product_tag-cotton","22":"product_tag-cranberry","23":"product_tag-elfa","24":"product_tag-elfbar","25":"product_tag-elfergy","26":"product_tag-fruit","27":"product_tag-grape","28":"product_tag-guava","29":"product_tag-juicy","30":"product_tag-kiwi","31":"product_tag-lemonade","32":"product_tag-lost","33":"product_tag-mary","34":"product_tag-mix","35":"product_tag-passion","36":"product_tag-peach","37":"product_tag-pods","38":"product_tag-raspberry","39":"product_tag-razz","40":"product_tag-sour","41":"product_tag-tappo","42":"product_tag-tropical","43":"product_shipping_class-standard","44":"pa_sorte-bluerazzlemonade","45":"pa_sorte-blueberrysourraspberry","46":"pa_sorte-cranberrygrape","47":"pa_sorte-kiwipassionfruitguava","48":"pa_sorte-peachice","49":"pa_sorte-pinklemonade","50":"pa_sorte-watermelon","51":"pa_sorte-watermeloncherry","53":"first","54":"outofstock","55":"taxable","56":"shipping-taxable","57":"purchasable","58":"product-type-variable"},"acf":[],"_links":{"self":[{"href":"https:\/\/my-eliquid.de\/ro\/wp-json\/wp\/v2\/product\/305025","targetHints":{"allow":["GET"]}}],"collection":[{"href":"https:\/\/my-eliquid.de\/ro\/wp-json\/wp\/v2\/product"}],"about":[{"href":"https:\/\/my-eliquid.de\/ro\/wp-json\/wp\/v2\/types\/product"}],"replies":[{"embeddable":true,"href":"https:\/\/my-eliquid.de\/ro\/wp-json\/wp\/v2\/comments?post=305025"}],"wp:featuredmedia":[{"embeddable":true,"href":"https:\/\/my-eliquid.de\/ro\/wp-json\/wp\/v2\/media\/319647"}],"wp:attachment":[{"href":"https:\/\/my-eliquid.de\/ro\/wp-json\/wp\/v2\/media?parent=305025"}],"wp:term":[{"taxonomy":"product_brand","embeddable":true,"href":"https:\/\/my-eliquid.de\/ro\/wp-json\/wp\/v2\/product_brand?post=305025"},{"taxonomy":"product_cat","embeddable":true,"href":"https:\/\/my-eliquid.de\/ro\/wp-json\/wp\/v2\/product_cat?post=305025"},{"taxonomy":"product_tag","embeddable":true,"href":"https:\/\/my-eliquid.de\/ro\/wp-json\/wp\/v2\/product_tag?post=305025"}],"curies":[{"name":"wp","href":"https:\/\/api.w.org\/{rel}","templated":true}]}}