{"id":305034,"date":"2024-09-23T00:00:00","date_gmt":"2024-09-22T22:00:00","guid":{"rendered":"https:\/\/my-eliquid.de\/shop\/vaporesso-eco-one-pod-tank\/"},"modified":"2026-01-29T13:37:47","modified_gmt":"2026-01-29T12:37:47","slug":"vaporesso-eco-one-pod-tank","status":"publish","type":"product","link":"https:\/\/my-eliquid.de\/ro\/shop\/vaporesso-eco-one-pod-tank\/","title":{"rendered":"Vaporesso | Eco One| Pod Tank cu bobin\u0103"},"content":{"rendered":"<p>Der Vaporesso ECO One no Pod ist der passende Verdampfer f\u00fcr das neue Vaporesso ECO One E-Zigaretten Set. Der Pod hat ein F\u00fcllvolumen von bis zu 2 ml und kann per Side Fill mit neuem Liquid bef\u00fcllt werden. Dank des transparenten Geh\u00e4uses haben Sie den Liquidstand permanent im Griff.<\/p>\n<p>In einer Verpackungseinheit sind 4 St\u00fcck mit fest verbauten 0,8 Ohm oder 1,2 Ohm Verdampferk\u00f6pfen enthalten.<\/p>","protected":false},"excerpt":{"rendered":"<p>Vaporesso Eco One Pod Tank vaporizator.<\/p>","protected":false},"featured_media":319762,"comment_status":"open","ping_status":"closed","template":"","meta":{"_acf_changed":false,"_relevanssi_hide_post":"","_relevanssi_hide_content":"","_relevanssi_pin_for_all":"","_relevanssi_pin_keywords":"","_relevanssi_unpin_keywords":"","_relevanssi_related_keywords":"","_relevanssi_related_include_ids":"","_relevanssi_related_exclude_ids":"","_relevanssi_related_no_append":"","_relevanssi_related_not_related":"","_relevanssi_related_posts":"","_relevanssi_noindex_reason":""},"product_brand":[],"product_cat":[4713,4781,4722,4810,4778],"product_tag":[1391,6360,5411,6970,4974,7215,6971,5859,5174,6051,5423],"class_list":{"0":"post-305034","1":"product","2":"type-product","3":"status-publish","4":"has-post-thumbnail","6":"product_cat-e-zigaretten","7":"product_cat-e-zigaretten-hersteller","8":"product_cat-neuheiten","9":"product_cat-vaporesso","10":"product_cat-verdampferkoepfe","11":"product_tag-bitte","12":"product_tag-coil","13":"product_tag-e-zigaretten","14":"product_tag-eco","15":"product_tag-hersteller","16":"product_tag-mit","17":"product_tag-one","18":"product_tag-pod","19":"product_tag-tank","20":"product_tag-vaporesso","21":"product_tag-verdampferkoepfe","22":"product_shipping_class-standard","24":"first","25":"instock","26":"taxable","27":"shipping-taxable","28":"purchasable","29":"product-type-variable"},"acf":[],"_links":{"self":[{"href":"https:\/\/my-eliquid.de\/ro\/wp-json\/wp\/v2\/product\/305034","targetHints":{"allow":["GET"]}}],"collection":[{"href":"https:\/\/my-eliquid.de\/ro\/wp-json\/wp\/v2\/product"}],"about":[{"href":"https:\/\/my-eliquid.de\/ro\/wp-json\/wp\/v2\/types\/product"}],"replies":[{"embeddable":true,"href":"https:\/\/my-eliquid.de\/ro\/wp-json\/wp\/v2\/comments?post=305034"}],"wp:featuredmedia":[{"embeddable":true,"href":"https:\/\/my-eliquid.de\/ro\/wp-json\/wp\/v2\/media\/319762"}],"wp:attachment":[{"href":"https:\/\/my-eliquid.de\/ro\/wp-json\/wp\/v2\/media?parent=305034"}],"wp:term":[{"taxonomy":"product_brand","embeddable":true,"href":"https:\/\/my-eliquid.de\/ro\/wp-json\/wp\/v2\/product_brand?post=305034"},{"taxonomy":"product_cat","embeddable":true,"href":"https:\/\/my-eliquid.de\/ro\/wp-json\/wp\/v2\/product_cat?post=305034"},{"taxonomy":"product_tag","embeddable":true,"href":"https:\/\/my-eliquid.de\/ro\/wp-json\/wp\/v2\/product_tag?post=305034"}],"curies":[{"name":"wp","href":"https:\/\/api.w.org\/{rel}","templated":true}]}}