{"id":305042,"date":"2024-01-25T00:00:00","date_gmt":"2024-01-24T23:00:00","guid":{"rendered":"https:\/\/my-eliquid.de\/shop\/oxva-xlim-sq-pro-pod-kit\/"},"modified":"2025-11-25T13:52:02","modified_gmt":"2025-11-25T12:52:02","slug":"oxva-xlim-sq-pro-pod-kit","status":"publish","type":"product","link":"https:\/\/my-eliquid.de\/ro\/shop\/oxva-xlim-sq-pro-pod-kit\/","title":{"rendered":"Oxva | Xlim SQ Pro | Kit pentru doze"},"content":{"rendered":"<div class=\"product--rating-container\">\n<p><strong>OXVA Xlim SQ Pro Pod Kit<\/strong><\/p>\n<p>Noul kit OXVA Xlim SQ Pro Pod se prezint\u0103 \u00eentr-un design modern \u201cSquare Design\u201d. Aliajul de zinc face ca kitul SQ Pro Pod s\u0103 fie foarte robust, iar piesele IML prelucrate confer\u0103 kitului Pod un aspect extrem de elegant sau deosebit de modern.<\/p>\n<p>Datorit\u0103 dimensiunilor sale compacte de 77 mm x 54,4 mm x 20,4 mm \u0219i a \u0219nurului inclus \u00een pachet, este, de asemenea, companionul perfect pentru c\u0103l\u0103torii.<\/p>\n<\/div>\n<div class=\"product--rating-container\">Versiunea Pro a kitului OXVA Xlim SQ Pod promite o experien\u021b\u0103 de vapat cu gust intens \u0219i este potrivit\u0103 pentru vapatul MTL \u0219i RDL. \u00cen consecin\u021b\u0103, puterea poate fi reglat\u0103 \u00een intervalul 5-30 wa\u021bi. Din acest motiv, este interesant nu numai pentru \u00eencep\u0103tori, ci \u0219i pentru vaperii experimenta\u021bi.<\/div>\n<h3>Ecran excelent \u0219i baterie puternic\u0103<\/h3>\n<p>Capacitatea bateriei kitului OXVA Xlim SQ Pro Pod este impresionant\u0103, de 1200 mAh, \u0219i promite o autonomie \u00eendelungat\u0103. Prin mufa de \u00eenc\u0103rcare USB tip C, noul kit OXVA Pod se \u00eencarc\u0103 foarte rapid, cu un curent de \u00eenc\u0103rcare de p\u00e2n\u0103 la 2 amperi. Ca de obicei, mufa de alimentare nu este inclus\u0103 \u00een pachet.<\/p>\n<p>Afi\u0219ajul TFT de 0,96 inci atrage imediat aten\u021bia. Datorit\u0103 dispunerii foarte \u201cordonate\u201d a tuturor datelor relevante, precum nivelul bateriei, puterea, rezisten\u021ba, modurile de vapori etc., \u0219i schemei de culori clare, afi\u0219ajul este foarte u\u0219or de citit.\u00a0<\/p>\n<p>Kit-ul OXVA Xlim SQ Pro Pod se opereaz\u0103 exclusiv prin intermediul butonului lateral de aprindere, ceea ce \u00eel face foarte u\u0219or de utilizat. Prin intermediul acestuia se poate selecta puterea \u00een intervalul de la 5 la 30 de wa\u021bi. \u00cen a\u0219a-numitul Smart-VW, kit-ul recunoa\u0219te rezisten\u021ba capului vaporizatorului \u0219i ajusteaz\u0103 automat puterea.\u00a0<\/p>\n<h3>Reglare individual\u0103 cu diferite poduri \u0219i control al fluxului de aer cu glisor<\/h3>\n<p>Kit-ul OXVA Xlim SQ Pro Pod r\u0103m\u00e2ne cu\u00a0<a href=\"https:\/\/dampfdorado.de\/3-oxva-xlim-v2-pods-mit-coil\" target=\"_blank\" rel=\"noopener\">Poduri OXVA V2 Xlim<\/a>\u00a0\u0219i\u00a0<a href=\"https:\/\/dampfdorado.de\/3-oxva-xlim-top-fill-pods-mit-coil\" target=\"_blank\" rel=\"noopener\">Poduri OXVA cu umplere superioar\u0103<\/a>\u00a0compatibil cu bobin\u0103 integrat\u0103. Pentru a satisface toate preferin\u021bele vaperilor, acestea sunt disponibile \u00een diferite rezisten\u021be (MTL\/RDL). Pachetul include deja un pod Xlim Top-Fill cu rezisten\u021b\u0103 de 0,6 ohmi \u0219i unul cu rezisten\u021b\u0103 de 0,8 ohmi. Acestea au un volum al rezervorului de 2 ml \u0219i o deschidere lateral\u0103 de umplere orientat\u0103 \u00een sus.\u00a0<\/p>\n<p>Rezisten\u021ba la tragere poate fi controlat\u0103 cu precizie prin intermediul glisorului Airflow-Control. \u00cen combina\u021bie cu variantele de poduri, kitul OXVA Xlim SQ Pro Pod poate fi astfel reglat individual \u00een func\u021bie de comportamentul personal de vapori.\u00a0<\/p>\n<h3>Caracteristicile principale ale kitului OXVA Xlim SQ Pro Pod:<\/h3>\n<ul>\n<li>U\u0219or de utilizat, potrivit pentru \u00eencep\u0103tori<\/li>\n<li>Compatibil cu podurile OXVA Top Fill<\/li>\n<li>Capacitate baterie 1200 mAh<\/li>\n<li>Potrivit pentru RDL \u0219i MTL<\/li>\n<li>Putere maxim\u0103 de ie\u0219ire de 30 wa\u021bi<\/li>\n<li>Capacitate rezervor 2 ml<\/li>\n<li>Umplere lateral\u0103 (umplere lateral\u0103 cu lichid)<\/li>\n<li>\u00cenc\u0103rcare rapid\u0103 (\u00eenc\u0103rcare rapid\u0103 cu USB tip C 2A)<\/li>\n<\/ul>\n<p><strong>\u00a0<\/strong><\/p>","protected":false},"excerpt":{"rendered":"<p>OXVA Xlim SQ Pro Pod Kit<\/p>","protected":false},"featured_media":319173,"comment_status":"open","ping_status":"closed","template":"","meta":{"_acf_changed":false,"_relevanssi_hide_post":"","_relevanssi_hide_content":"","_relevanssi_pin_for_all":"","_relevanssi_pin_keywords":"","_relevanssi_unpin_keywords":"","_relevanssi_related_keywords":"","_relevanssi_related_include_ids":"","_relevanssi_related_exclude_ids":"","_relevanssi_related_no_append":"","_relevanssi_related_not_related":"","_relevanssi_related_posts":"","_relevanssi_noindex_reason":""},"product_brand":[],"product_cat":[4713,4771,4781,4772,4886,4893,4722,4899,4793],"product_tag":[1391,5411,6358,6712,6410,6778,5859,6702,6747,6802,6779],"class_list":{"0":"post-305042","1":"product","2":"type-product","3":"status-publish","4":"has-post-thumbnail","6":"product_cat-e-zigaretten","7":"product_cat-e-zigaretten-fuer-einsteiger","8":"product_cat-e-zigaretten-hersteller","9":"product_cat-e-zigaretten-sets","10":"product_cat-lagerverkauf-hardware-sale","11":"product_cat-limetless-hardware","12":"product_cat-neuheiten","13":"product_cat-oxva","14":"product_cat-e-zigaretten-liquid-basen-aroma-vape-sale","15":"product_tag-bitte","16":"product_tag-e-zigaretten","17":"product_tag-einsteiger","18":"product_tag-fuer","19":"product_tag-kit","20":"product_tag-oxva","21":"product_tag-pod","22":"product_tag-pro","23":"product_tag-sets","24":"product_tag-sq","25":"product_tag-xlim","26":"product_shipping_class-standard","28":"first","29":"outofstock","30":"taxable","31":"shipping-taxable","32":"purchasable","33":"product-type-variable"},"acf":[],"_links":{"self":[{"href":"https:\/\/my-eliquid.de\/ro\/wp-json\/wp\/v2\/product\/305042","targetHints":{"allow":["GET"]}}],"collection":[{"href":"https:\/\/my-eliquid.de\/ro\/wp-json\/wp\/v2\/product"}],"about":[{"href":"https:\/\/my-eliquid.de\/ro\/wp-json\/wp\/v2\/types\/product"}],"replies":[{"embeddable":true,"href":"https:\/\/my-eliquid.de\/ro\/wp-json\/wp\/v2\/comments?post=305042"}],"wp:featuredmedia":[{"embeddable":true,"href":"https:\/\/my-eliquid.de\/ro\/wp-json\/wp\/v2\/media\/319173"}],"wp:attachment":[{"href":"https:\/\/my-eliquid.de\/ro\/wp-json\/wp\/v2\/media?parent=305042"}],"wp:term":[{"taxonomy":"product_brand","embeddable":true,"href":"https:\/\/my-eliquid.de\/ro\/wp-json\/wp\/v2\/product_brand?post=305042"},{"taxonomy":"product_cat","embeddable":true,"href":"https:\/\/my-eliquid.de\/ro\/wp-json\/wp\/v2\/product_cat?post=305042"},{"taxonomy":"product_tag","embeddable":true,"href":"https:\/\/my-eliquid.de\/ro\/wp-json\/wp\/v2\/product_tag?post=305042"}],"curies":[{"name":"wp","href":"https:\/\/api.w.org\/{rel}","templated":true}]}}