{"id":305813,"date":"2024-01-12T00:00:00","date_gmt":"2024-01-11T23:00:00","guid":{"rendered":"https:\/\/my-eliquid.de\/shop\/mel-fillup-yourfillup-10ml-mvm-noindex\/"},"modified":"2026-03-18T15:09:20","modified_gmt":"2026-03-18T14:09:20","slug":"mel-fillup-yourfillup-10ml-mvm-noindex","status":"publish","type":"product","link":"https:\/\/my-eliquid.de\/ro\/shop\/mel-fillup-yourfillup-10ml-mvm-noindex\/","title":{"rendered":"Umplerea ta lung\u0103 | Umplere | MvM | 10 ml"},"content":{"rendered":"<h2>Acum pentru cei care \u0219tiu ce vor! Plinul t\u0103u lung \u00een doi pa\u0219i simpli<\/h2>\n<p><strong>Pasul 1: Alege\u021bi-v\u0103 aroma (este posibil\u0103 o singur\u0103 selec\u021bie)<\/strong><\/p>\n<p><strong>Pasul 2: Selecta\u021bi tipul de re\u00eemprosp\u0103tare (dozare cu 1 %)<\/strong><\/p>\n<p>Ve\u021bi primi aroma dvs. \u00eentr-o sticl\u0103 de 60 ml.<\/p>\n<p><strong>Depinde de dvs. ce baz\u0103 umple\u021bi. Sunt necesare 48 ml de baz\u0103.<\/strong><\/p>\n<p>Fie 1x oferta noastr\u0103 de pachet \u00een puterea de nicotin\u0103 dorit\u0103, fie pur \u0219i simplu cump\u0103ra\u021bi o baz\u0103 zero, umple\u021bi, agita\u021bi \u0219i a\u021bi terminat\u00a0<strong>60 ml gata preparate<\/strong>\u00a0delicios\u00a0<strong>Lichid!<\/strong><\/p>\n<p><strong>Nu ave\u021bi o baz\u0103 la \u00eendem\u00e2n\u0103? Atunci arunca\u021bi o privire la <a href=\"\/ro\/mel-snv-yoursnv-60ml.html\/\" title=\"Shake \u0219i Vapes\">Shake and Vapes - Shake and Vape-ul t\u0103u!<\/a><\/strong><\/p>\n<h2><strong>Amestecarea este at\u00e2t de u\u0219oar\u0103 ast\u0103zi!\u00a0<\/strong><\/h2>","protected":false},"excerpt":{"rendered":"<p>Ave\u021bi dvs. <strong>Aroma Allday<\/strong> a\u021bi g\u0103sit-o deja? Atunci ob\u021bine\u021bi-l acum ca un\u00a0<strong>Umplere lung\u0103!<\/strong><\/p>","protected":false},"featured_media":319819,"comment_status":"open","ping_status":"closed","template":"","meta":{"_acf_changed":false,"_relevanssi_hide_post":"","_relevanssi_hide_content":"","_relevanssi_pin_for_all":"","_relevanssi_pin_keywords":"","_relevanssi_unpin_keywords":"","_relevanssi_related_keywords":"","_relevanssi_related_include_ids":"","_relevanssi_related_exclude_ids":"","_relevanssi_related_no_append":"","_relevanssi_related_not_related":"","_relevanssi_related_posts":"","_relevanssi_noindex_reason":""},"product_brand":[],"product_cat":[4907],"product_tag":[6990,1391,6991,7387,6732,7388,6992,6683],"class_list":{"0":"post-305813","1":"product","2":"type-product","3":"status-publish","4":"has-post-thumbnail","6":"product_cat-mvm","7":"product_tag-6990","8":"product_tag-bitte","9":"product_tag-fill","10":"product_tag-long","11":"product_tag-ml","12":"product_tag-mvm","13":"product_tag-up","14":"product_tag-your","15":"product_shipping_class-standard","16":"pa_geschmack-7-leaves-7-bladl","17":"pa_geschmack-american-blend-western-kraut","18":"pa_geschmack-angel-juice-engl-saft","19":"pa_geschmack-apple-sour-saurer-eis-apfe","20":"pa_geschmack-christmas-bash-stade-zeit","21":"pa_geschmack-colt-arctic-eisboch","22":"pa_geschmack-erdbeer-menthol-koide-erdbeern","23":"pa_geschmack-fresh-orange-koide-orangn","24":"pa_geschmack-glazed-donaut-ami-krapfen","25":"pa_geschmack-max-blend-da-maxl","26":"pa_geschmack-menthol-guade-menthol","27":"pa_geschmack-purple-blood-deifs-bluad","28":"pa_geschmack-vanilla-cream-siasse-sach","29":"pa_geschmack-waldbeere-woidbeern","31":"first","32":"instock","33":"taxable","34":"shipping-taxable","35":"purchasable","36":"product-type-variable"},"acf":[],"_links":{"self":[{"href":"https:\/\/my-eliquid.de\/ro\/wp-json\/wp\/v2\/product\/305813","targetHints":{"allow":["GET"]}}],"collection":[{"href":"https:\/\/my-eliquid.de\/ro\/wp-json\/wp\/v2\/product"}],"about":[{"href":"https:\/\/my-eliquid.de\/ro\/wp-json\/wp\/v2\/types\/product"}],"replies":[{"embeddable":true,"href":"https:\/\/my-eliquid.de\/ro\/wp-json\/wp\/v2\/comments?post=305813"}],"wp:featuredmedia":[{"embeddable":true,"href":"https:\/\/my-eliquid.de\/ro\/wp-json\/wp\/v2\/media\/319819"}],"wp:attachment":[{"href":"https:\/\/my-eliquid.de\/ro\/wp-json\/wp\/v2\/media?parent=305813"}],"wp:term":[{"taxonomy":"product_brand","embeddable":true,"href":"https:\/\/my-eliquid.de\/ro\/wp-json\/wp\/v2\/product_brand?post=305813"},{"taxonomy":"product_cat","embeddable":true,"href":"https:\/\/my-eliquid.de\/ro\/wp-json\/wp\/v2\/product_cat?post=305813"},{"taxonomy":"product_tag","embeddable":true,"href":"https:\/\/my-eliquid.de\/ro\/wp-json\/wp\/v2\/product_tag?post=305813"}],"curies":[{"name":"wp","href":"https:\/\/api.w.org\/{rel}","templated":true}]}}