{"id":312549,"date":"2020-12-11T00:00:00","date_gmt":"2020-12-10T23:00:00","guid":{"rendered":"https:\/\/my-eliquid.de\/shop\/mel-snv-yoursnv-120ml\/"},"modified":"2026-04-19T03:25:07","modified_gmt":"2026-04-19T01:25:07","slug":"mel-snv-yoursnv-120ml","status":"publish","type":"product","link":"https:\/\/my-eliquid.de\/ro\/shop\/mel-snv-yoursnv-120ml\/","title":{"rendered":"Shake \u0219i Vape | 120 ml"},"content":{"rendered":"<h2>Acum pentru cei care \u0219tiu ce vor! Shake and Vape \u00een trei pa\u0219i simpli<\/h2>\n<p><strong>Pasul 1: Alege puterea nicotinei<\/strong><\/p>\n<p><strong>Pasul 2: Alege\u021bi-v\u0103 aroma (este posibil\u0103 o singur\u0103 selec\u021bie)<\/strong><\/p>\n<p><strong>Pasul 3: Selecta\u021bi tipul de re\u00eemprosp\u0103tare (dozare cu 1 %)<\/strong><\/p>\n<h3>\u00cen func\u021bie de nicotina aleas\u0103, primi\u021bi 120 ml:<\/h3>\n<ul>\n<li>cu\u00a0<strong>6mg<\/strong>\u00a0un 8<strong>0 ml<\/strong>\u00a0sticl\u0103 plin\u0103 \u0219i 4 shot-uri<\/li>\n<li>cu\u00a0<strong>3mg<\/strong>\u00a0a 10<strong>0 ml\u00a0<\/strong>sticl\u0103 plin\u0103 \u0219i 2 shot-uri<\/li>\n<li>cu\u00a0<strong>0mg<\/strong>\u00a0a 12<strong>0 ml<\/strong>\u00a0sticl\u0103 plin\u0103 cu\u00a0<strong>0mg<\/strong>\u00a0<strong>lichid finit.<\/strong><\/li>\n<\/ul>\n<p><strong>\u00a0<\/strong><\/p>\n<p><strong><strong><strong>Toate lichidele sunt umplute cu 50 VG 50 PG de baz\u0103!<\/strong><\/strong><\/strong><\/p>\n<p><strong><strong>Dori\u021bi s\u0103 utiliza\u021bi o baz\u0103 diferit\u0103? Atunci arunca\u021bi o privire la <a href=\"\/ro\/mel-fillup-yourfillup-12ml.html\/\" title=\"Umplere lung\u0103\">Complet\u0103ri - Complet\u0103rile tale lungi-<\/a>!<\/strong><\/strong><\/p>\n<h2><strong>Amestecarea este at\u00e2t de u\u0219oar\u0103 ast\u0103zi!\u00a0<\/strong><\/h2>","protected":false},"excerpt":{"rendered":"<p>Ave\u021bi dvs.\u00a0<strong>Lichid Allday<\/strong>\u00a0a\u021bi g\u0103sit-o deja? Atunci ob\u021bine\u021bi-l acum \u00een\u00a0<strong>120 ml!<\/strong><\/p>","protected":false},"featured_media":319666,"comment_status":"open","ping_status":"closed","template":"","meta":{"_acf_changed":false,"_relevanssi_hide_post":"","_relevanssi_hide_content":"","_relevanssi_pin_for_all":"","_relevanssi_pin_keywords":"","_relevanssi_unpin_keywords":"","_relevanssi_related_keywords":"","_relevanssi_related_include_ids":"","_relevanssi_related_exclude_ids":"","_relevanssi_related_no_append":"","_relevanssi_related_not_related":"","_relevanssi_related_posts":"","_relevanssi_noindex_reason":""},"product_brand":[],"product_cat":[4701,4689,4722,4794],"product_tag":[5907],"class_list":{"0":"post-312549","1":"product","2":"type-product","3":"status-publish","4":"has-post-thumbnail","6":"product_cat-aromen","7":"product_cat-eliquids","8":"product_cat-neuheiten","9":"product_cat-shake-and-vape","10":"product_tag-makeyouliquid","11":"product_shipping_class-standard","13":"first","14":"instock","15":"taxable","16":"shipping-taxable","17":"purchasable","18":"product-type-variable"},"acf":[],"_links":{"self":[{"href":"https:\/\/my-eliquid.de\/ro\/wp-json\/wp\/v2\/product\/312549","targetHints":{"allow":["GET"]}}],"collection":[{"href":"https:\/\/my-eliquid.de\/ro\/wp-json\/wp\/v2\/product"}],"about":[{"href":"https:\/\/my-eliquid.de\/ro\/wp-json\/wp\/v2\/types\/product"}],"replies":[{"embeddable":true,"href":"https:\/\/my-eliquid.de\/ro\/wp-json\/wp\/v2\/comments?post=312549"}],"wp:featuredmedia":[{"embeddable":true,"href":"https:\/\/my-eliquid.de\/ro\/wp-json\/wp\/v2\/media\/319666"}],"wp:attachment":[{"href":"https:\/\/my-eliquid.de\/ro\/wp-json\/wp\/v2\/media?parent=312549"}],"wp:term":[{"taxonomy":"product_brand","embeddable":true,"href":"https:\/\/my-eliquid.de\/ro\/wp-json\/wp\/v2\/product_brand?post=312549"},{"taxonomy":"product_cat","embeddable":true,"href":"https:\/\/my-eliquid.de\/ro\/wp-json\/wp\/v2\/product_cat?post=312549"},{"taxonomy":"product_tag","embeddable":true,"href":"https:\/\/my-eliquid.de\/ro\/wp-json\/wp\/v2\/product_tag?post=312549"}],"curies":[{"name":"wp","href":"https:\/\/api.w.org\/{rel}","templated":true}]}}