{"id":315440,"date":"2019-01-11T00:00:00","date_gmt":"2019-01-10T23:00:00","guid":{"rendered":"https:\/\/my-eliquid.de\/shop\/apfel-aroma-2\/"},"modified":"2026-04-21T09:29:40","modified_gmt":"2026-04-21T07:29:40","slug":"apfel-menthol-aroma","status":"publish","type":"product","link":"https:\/\/my-eliquid.de\/ro\/shop\/apfel-menthol-aroma\/","title":{"rendered":"Arom\u0103 mentolat\u0103 de m\u0103r"},"content":{"rendered":"<p style=\"line-height: 19px;\">Bazat \u00een mare parte pe<strong>\u00a0Arom\u0103<\/strong>\u00a0una\u00a0\u00a0<strong>R\u0103cire<\/strong>\u00a0\u0219i\u00a0<strong>m\u0103r verde .<\/strong>\u00a0<\/p>\n<p style=\"line-height: 19px;\"><strong>Arom\u0103 mentolat\u0103 de mere DIY<\/strong>\u00a0o experien\u021b\u0103 de vaporizare delicioas\u0103 pentru lichide.<\/p>\n<p style=\"line-height: 19px;\"><strong>Arom\u0103 mentolat\u0103 de mere DIY<\/strong>\u00a0la\u00a0<strong>aromatizeaz\u0103-te<\/strong>\u00a0de la individ\u00a0<strong>Lichide<\/strong>\u00a0cu<strong>Arom\u0103 de \"m\u0103r verde\u00a0<\/strong>\u00a0pentru aburire \u00een\u00a0<strong>\u021big\u0103ri electronice<\/strong>\u00a0\u0219i\u00a0<strong>e-vaporizatoare<\/strong>.<\/p>\n<p style=\"line-height: 19px;\">Aten\u021bie\u00a0<span style=\"color: rgb(255, 0, 0);\"><strong>Foarte concentrat<\/strong><\/span>:\u00a0<strong>Arome<\/strong>\u00a0la\u00a0<strong>Produc\u021bia de e-lichide<\/strong>\u00a0nu trebuie sub nicio form\u0103<strong>nediluat<\/strong>\u00a0\u0219i ar trebui s\u0103 fie utilizate \u00eentotdeauna cu un\u00a0<strong>Lichid DIY<\/strong>\u00a0s\u0103 fie amestecate.<\/p>","protected":false},"excerpt":{"rendered":"<p><span style=\"line-height: 19px\">Bazat \u00een mare parte pe\u00a0<\/span><strong style=\"line-height: 19px\">arom\u0103 dulce<\/strong><span style=\"line-height: 19px\">\u00a0una\u00a0<\/span><strong style=\"line-height: 19px\">mentol de m\u0103r verde suculent<\/strong><span style=\"line-height: 19px\">\u00a0de la\u00a0<\/span><strong style=\"line-height: 19px\">Tip delicios<\/strong><span style=\"line-height: 19px\">\u00a0oferte\u00a0<\/span><strong style=\"line-height: 19px\">Arom\u0103 mentolat\u0103 de mere DIY<\/strong><span style=\"line-height: 19px\">\u00a0o experien\u021b\u0103 de vaporizare delicioas\u0103 pentru lichide.<\/span><\/p>","protected":false},"featured_media":319379,"comment_status":"open","ping_status":"closed","template":"","meta":{"_acf_changed":false,"_relevanssi_hide_post":"","_relevanssi_hide_content":"","_relevanssi_pin_for_all":"","_relevanssi_pin_keywords":"","_relevanssi_unpin_keywords":"","_relevanssi_related_keywords":"","_relevanssi_related_include_ids":"","_relevanssi_related_exclude_ids":"","_relevanssi_related_no_append":"","_relevanssi_related_not_related":"","_relevanssi_related_posts":"","_relevanssi_noindex_reason":""},"product_brand":[],"product_cat":[4733,4882,4701,4704,4881],"product_tag":[4955,1399,6847,4942,5805,5792,4956],"class_list":{"0":"post-315440","1":"product","2":"type-product","3":"status-publish","4":"has-post-thumbnail","6":"product_cat-alle-aromen","7":"product_cat-aromen-ohne-sucralose","8":"product_cat-aromen","9":"product_cat-menthol-aromen-liquid-e-zigarette","10":"product_cat-my-eliquid-aromen","11":"product_tag-apfel","12":"product_tag-aroma","13":"product_tag-aromen","14":"product_tag-frucht","15":"product_tag-liquid","16":"product_tag-liquids","17":"product_tag-menthol","18":"product_shipping_class-standard","20":"first","21":"instock","22":"taxable","23":"shipping-taxable","24":"purchasable","25":"product-type-variable"},"acf":[],"_links":{"self":[{"href":"https:\/\/my-eliquid.de\/ro\/wp-json\/wp\/v2\/product\/315440","targetHints":{"allow":["GET"]}}],"collection":[{"href":"https:\/\/my-eliquid.de\/ro\/wp-json\/wp\/v2\/product"}],"about":[{"href":"https:\/\/my-eliquid.de\/ro\/wp-json\/wp\/v2\/types\/product"}],"replies":[{"embeddable":true,"href":"https:\/\/my-eliquid.de\/ro\/wp-json\/wp\/v2\/comments?post=315440"}],"wp:featuredmedia":[{"embeddable":true,"href":"https:\/\/my-eliquid.de\/ro\/wp-json\/wp\/v2\/media\/319379"}],"wp:attachment":[{"href":"https:\/\/my-eliquid.de\/ro\/wp-json\/wp\/v2\/media?parent=315440"}],"wp:term":[{"taxonomy":"product_brand","embeddable":true,"href":"https:\/\/my-eliquid.de\/ro\/wp-json\/wp\/v2\/product_brand?post=315440"},{"taxonomy":"product_cat","embeddable":true,"href":"https:\/\/my-eliquid.de\/ro\/wp-json\/wp\/v2\/product_cat?post=315440"},{"taxonomy":"product_tag","embeddable":true,"href":"https:\/\/my-eliquid.de\/ro\/wp-json\/wp\/v2\/product_tag?post=315440"}],"curies":[{"name":"wp","href":"https:\/\/api.w.org\/{rel}","templated":true}]}}