{"id":321872,"date":"2017-09-05T00:00:00","date_gmt":"2017-09-04T22:00:00","guid":{"rendered":"https:\/\/my-eliquid.de\/shop\/fruit-punch-liquid\/"},"modified":"2026-03-02T08:42:40","modified_gmt":"2026-03-02T07:42:40","slug":"fruit-punch-liquid","status":"publish","type":"product","link":"https:\/\/my-eliquid.de\/ro\/shop\/fruit-punch-liquid\/","title":{"rendered":"Lichid Fruit Punch"},"content":{"rendered":"<p>noastre <strong>Lichid Fruit Punch<\/strong> cu picantul s\u0103u <strong>Arom\u0103 de punch<\/strong> provine din linia de <strong>B\u0103uturi Lichide<\/strong>. Aceast\u0103 varietate cu arom\u0103 special\u0103 ofer\u0103 o pl\u0103cere pl\u0103cut\u0103 de a vaporiza nu numai iarna. Toate lichidele noastre sunt produse la fa\u021ba locului \u0219i \u00eendeplinesc cele mai \u00eenalte standarde de siguran\u021b\u0103. Cele <strong>Lichid Fruit Punch<\/strong> este f\u0103r\u0103 nicotin\u0103 \u0219i este disponibil \u00een diferite concentra\u021bii de nicotin\u0103. Pentru o dezvoltare de lung\u0103 durat\u0103 a aromei, v\u0103 recomand\u0103m s\u0103 utiliza\u021bi <strong>e-Liquid<\/strong> A se p\u0103stra departe de lumin\u0103 \u0219i \u00eentr-un loc uscat.<\/p>","protected":false},"excerpt":{"rendered":"<p>Fructe, c\u00e2t pot suporta papilele gustative! Rafinate cu condimente alese \u0219i \u00eentr-un <strong>Lichior lichid<\/strong> capturat <strong>abur<\/strong> Aici g\u0103si\u021bi fructe altfel.<\/p>","protected":false},"featured_media":321879,"comment_status":"open","ping_status":"closed","template":"","meta":{"_acf_changed":false,"_relevanssi_hide_post":"","_relevanssi_hide_content":"","_relevanssi_pin_for_all":"","_relevanssi_pin_keywords":"","_relevanssi_unpin_keywords":"","_relevanssi_related_keywords":"","_relevanssi_related_include_ids":"","_relevanssi_related_exclude_ids":"","_relevanssi_related_no_append":"","_relevanssi_related_not_related":"","_relevanssi_related_posts":"","_relevanssi_noindex_reason":""},"product_brand":[],"product_cat":[4731,4690,4689,4880,4842],"product_tag":[6952,5805,7053],"class_list":{"0":"post-321872","1":"product","2":"type-product","3":"status-publish","4":"has-post-thumbnail","6":"product_cat-alle-liquids-fur-e-zigaretten","7":"product_cat-frucht-liquids-e-zigarette","8":"product_cat-eliquids","9":"product_cat-liquids-ohne-sucralose","10":"product_cat-my-eliquid-liquids","11":"product_tag-fruit","12":"product_tag-liquid","13":"product_tag-punch","14":"product_shipping_class-standard","16":"first","17":"instock","18":"taxable","19":"shipping-taxable","20":"purchasable","21":"product-type-variable"},"acf":[],"_links":{"self":[{"href":"https:\/\/my-eliquid.de\/ro\/wp-json\/wp\/v2\/product\/321872","targetHints":{"allow":["GET"]}}],"collection":[{"href":"https:\/\/my-eliquid.de\/ro\/wp-json\/wp\/v2\/product"}],"about":[{"href":"https:\/\/my-eliquid.de\/ro\/wp-json\/wp\/v2\/types\/product"}],"replies":[{"embeddable":true,"href":"https:\/\/my-eliquid.de\/ro\/wp-json\/wp\/v2\/comments?post=321872"}],"wp:featuredmedia":[{"embeddable":true,"href":"https:\/\/my-eliquid.de\/ro\/wp-json\/wp\/v2\/media\/321879"}],"wp:attachment":[{"href":"https:\/\/my-eliquid.de\/ro\/wp-json\/wp\/v2\/media?parent=321872"}],"wp:term":[{"taxonomy":"product_brand","embeddable":true,"href":"https:\/\/my-eliquid.de\/ro\/wp-json\/wp\/v2\/product_brand?post=321872"},{"taxonomy":"product_cat","embeddable":true,"href":"https:\/\/my-eliquid.de\/ro\/wp-json\/wp\/v2\/product_cat?post=321872"},{"taxonomy":"product_tag","embeddable":true,"href":"https:\/\/my-eliquid.de\/ro\/wp-json\/wp\/v2\/product_tag?post=321872"}],"curies":[{"name":"wp","href":"https:\/\/api.w.org\/{rel}","templated":true}]}}